{"id":1012,"date":"2023-03-06T10:30:31","date_gmt":"2023-03-06T10:30:31","guid":{"rendered":"http:\/\/filleresutak.hu\/?page_id=1012"},"modified":"2023-06-20T06:45:24","modified_gmt":"2023-06-20T06:45:24","slug":"gorogorszag-kreta","status":"publish","type":"page","link":"https:\/\/filleresutak.hu\/?page_id=1012","title":{"rendered":"G\u00f6r\u00f6gorsz\u00e1g &#8211; Kr\u00e9ta"},"content":{"rendered":"<div class=\"wp-block-image\">\n<figure class=\"aligncenter size-full is-resized\"><a href=\"http:\/\/filleresutak.hu\/?tag=kreta\" target=\"_blank\" rel=\"noreferrer noopener\"><img loading=\"lazy\" decoding=\"async\" src=\"http:\/\/filleresutak.hu\/wp-content\/uploads\/2023\/05\/image-34.png\" alt=\"\" class=\"wp-image-2056\" width=\"606\" height=\"165\" srcset=\"https:\/\/filleresutak.hu\/wp-content\/uploads\/2023\/05\/image-34.png 622w, https:\/\/filleresutak.hu\/wp-content\/uploads\/2023\/05\/image-34-300x82.png 300w\" sizes=\"auto, (max-width: 606px) 100vw, 606px\" \/><\/a><\/figure>\n<\/div>\n\n\n<figure class=\"wp-block-image size-full\"><img loading=\"lazy\" decoding=\"async\" width=\"827\" height=\"582\" src=\"http:\/\/filleresutak.hu\/wp-content\/uploads\/2023\/06\/image-76.png\" alt=\"\" class=\"wp-image-2508\" srcset=\"https:\/\/filleresutak.hu\/wp-content\/uploads\/2023\/06\/image-76.png 827w, https:\/\/filleresutak.hu\/wp-content\/uploads\/2023\/06\/image-76-300x211.png 300w, https:\/\/filleresutak.hu\/wp-content\/uploads\/2023\/06\/image-76-768x540.png 768w\" sizes=\"auto, (max-width: 827px) 100vw, 827px\" \/><\/figure>\n\n\n\n<p class=\"has-text-align-center has-x-large-font-size\"><strong>Gyakorlati tan\u00e1csok<\/strong><\/p>\n\n\n\n<p>Kr\u00e9ta G\u00f6r\u00f6gorsz\u00e1g legnagyobb \u00e9s egyben legd\u00e9lebbi szigete. Ennek k\u00f6sz\u00f6nhet\u0151en hosszabb a szezon, mint az \u00e9szakibb szigeteken, Kr\u00e9t\u00e1n j\u00fanius elej\u00e9t\u0151l okt\u00f3ber v\u00e9g\u00e9ig j\u00f3 es\u00e9llyel lehet strandolni. Arra senki ne sz\u00e1m\u00edtson, hogy egy nyaral\u00e1s alatt felfedezi az eg\u00e9sz szigetet, hiszen Kr\u00e9ta legt\u00e1volabbi pontjai ak\u00e1r 6-7 \u00f3r\u00e1nyi t\u00e1vols\u00e1gra is lehetnek egym\u00e1st\u00f3l aut\u00f3val. <\/p>\n\n\n\n<p class=\"has-text-align-center has-medium-font-size\"><strong>Beutaz\u00e1s<\/strong><\/p>\n\n\n\n<p>G\u00f6r\u00f6gorsz\u00e1g tagja az Eur\u00f3pai Uni\u00f3nak \u00e9s a Schengeni \u00f6vezetnek.<\/p>\n\n\n\n<p class=\"has-text-align-center has-medium-font-size\"><strong>Fizet\u0151eszk\u00f6z<\/strong><\/p>\n\n\n\n<p>Eur\u00f3. A legt\u00f6bb helyen lehet fizetni bankk\u00e1rty\u00e1val.<\/p>\n\n\n\n<p class=\"has-text-align-center has-medium-font-size\"><strong>Hogy juthatsz ide? <\/strong><\/p>\n\n\n\n<p>Rep\u00fcl\u0151vel utaz\u00e1si irod\u00e1kon kereszt\u00fcl \u00e9s egy\u00e9nileg is k\u00f6nnyen eljuthatunk Kr\u00e9t\u00e1ra. A Wizz Air Hani\u00e1ba(Nyugat-Kr\u00e9ta) \u00e9s Ir\u00e1klionba(Kelet-Kr\u00e9ta) k\u00f6zlekedtet j\u00e1ratokat Budapestr\u0151l, A Ryanair pedig csak Hani\u00e1ba. B\u00e9csb\u0151l szint\u00e9n el\u00e9rhet\u0151 mindk\u00e9t nemzetk\u00f6zi rep\u00fcl\u0151t\u00e9r a fapadosokkal. Iraklion rep\u00fcl\u0151tere egy\u00e9bk\u00e9nt borzalom, egy zs\u00fafolt \u00e9s korszer\u0171tlen b\u00e1dogdoboz a termin\u00e1l. J\u00f3 h\u00edr, hogy \u00e9p\u00fcl m\u00e1r az \u00faj rept\u00e9r, ami le fogja v\u00e1ltani, a rossz h\u00edr, hogy csak hivatalosan 2026-ra lesz k\u00e9sz(a g\u00f6r\u00f6g\u00f6ket ismerve, erre r\u00e1sz\u00e1molhatunk m\u00e9g n\u00e9h\u00e1ny \u00e9vet).<\/p>\n\n\n\n<p class=\"has-text-align-center\"><strong>Hogyan k\u00f6zlekedj Kr\u00e9t\u00e1n?<\/strong><\/p>\n\n\n\n<p>Kr\u00e9t\u00e1n az egyetlen t\u00f6megk\u00f6zleked\u00e9si eszk\u00f6z a busz. A f\u0151 k\u00f6zleked\u00e9si \u00fatvonal \u00e9szakon az Aigos Nikolaos-Chania \u00fatvonal, itt el\u00e9g s\u0171r\u0171n k\u00f6zlekednek buszj\u00e1ratok(\u00e9rintve az iraklioni rep\u00fcl\u0151teret is). Han\u00eda rep\u00fcl\u0151tere egy f\u00e9lszigeten tal\u00e1lhat\u00f3, onnan busszal csak Han\u00eda belv\u00e1ros\u00e1ba lehet eljutni, majd ott \u00e1tsz\u00e1llva mehet\u00fcnk tov\u00e1bb a sziget t\u00f6bbi telep\u00fcl\u00e9s\u00e9re. T\u00f6megk\u00f6zleked\u00e9s megtervez\u00e9s\u00e9hez aj\u00e1nljuk a <a rel=\"noreferrer noopener\" href=\"https:\/\/www.google.hu\/maps\/@47.2634278,16.1491195,6z?hl=hu\" data-type=\"URL\" data-id=\"https:\/\/www.google.hu\/maps\/@47.2634278,16.1491195,6z?hl=hu\" target=\"_blank\">Google \u00fatvonaltervez\u0151t<\/a> \u00e9s a <a rel=\"noreferrer noopener\" href=\"https:\/\/www.rome2rio.com\/\" data-type=\"URL\" data-id=\"https:\/\/www.rome2rio.com\/\" target=\"_blank\">Rome2Rio<\/a> oldalt. A sziget felfedez\u00e9s\u00e9hez \u00e9rdemes lehet aut\u00f3t b\u00e9relni.<\/p>\n\n\n\n<p class=\"has-text-align-center\"><strong>Hol foglalj sz\u00e1ll\u00e1st?<\/strong><\/p>\n\n\n\n<p>A sziget \u00e9szaki r\u00e9sze tele van n\u00e9pszer\u0171 nyaral\u00f3helyekkel, \u00edgy nincs hi\u00e1ny sz\u00e1llod\u00e1kb\u00f3l. A legolcs\u00f3bb sz\u00e1ll\u00e1shelyek Hersonissos \u00e9s Malia k\u00f6rny\u00e9k\u00e9n tal\u00e1lhat\u00f3ak, de ezek nem is a legszebb telep\u00fcl\u00e9sek. Ha v\u00e1lasztani kellene, mi ink\u00e1bb Nyugat-Kr\u00e9t\u00e1ra menn\u00e9nk.<\/p>\n\n\n\n<p class=\"has-text-align-center\"><strong>Mi az, amit ne hagyj ki?<\/strong><\/p>\n\n\n\n<ul class=\"wp-block-list\">\n<li>Izgalmas l\u00e1tnival\u00f3 Spinalonga, a lepr\u00e1sok szigete.<\/li>\n<\/ul>\n\n\n\n<figure class=\"wp-block-image size-full\"><img loading=\"lazy\" decoding=\"async\" width=\"897\" height=\"627\" src=\"http:\/\/filleresutak.hu\/wp-content\/uploads\/2023\/06\/image-77.png\" alt=\"\" class=\"wp-image-2509\" srcset=\"https:\/\/filleresutak.hu\/wp-content\/uploads\/2023\/06\/image-77.png 897w, https:\/\/filleresutak.hu\/wp-content\/uploads\/2023\/06\/image-77-300x210.png 300w, https:\/\/filleresutak.hu\/wp-content\/uploads\/2023\/06\/image-77-768x537.png 768w\" sizes=\"auto, (max-width: 897px) 100vw, 897px\" \/><\/figure>\n\n\n\n<ul class=\"wp-block-list\">\n<li>Hania \u00e9s Rethymno a k\u00e9t leg\u00e9rdekesebb v\u00e1ros, sz\u0171k utc\u00e1kkal, hangulatos kik\u00f6t\u0151kkel \u00e9s t\u00f6rt\u00e9nelmi l\u00e1tnival\u00f3kkal.<\/li>\n\n\n\n<li>Akik szeretnek t\u00far\u00e1zni, azok sz\u00e1m\u00e1ra a Szam\u00e1ria-szurdok egy kiv\u00e1l\u00f3 helysz\u00edn.<\/li>\n\n\n\n<li>A hegyekben rengeteg eldugott kolostor tal\u00e1lhat\u00f3. \u00c9rdemes n\u00e9h\u00e1nyat \u00fatba ejteni.<\/li>\n\n\n\n<li>A Knossosi-palot\u00e1t c\u00e9lszer\u0171 egyszer megn\u00e9zni, persze, nem a legnagyobb h\u0151s\u00e9gben. A legmelegebb ny\u00e1ri napokon egy\u00e9bk\u00e9nt csak a reggeli \u00e9s a k\u00e9s\u0151 d\u00e9lut\u00e1ni \u00f3r\u00e1kban tart nyitva.<\/li>\n<\/ul>\n\n\n<div class=\"wp-block-image\">\n<figure class=\"aligncenter size-full\"><img loading=\"lazy\" decoding=\"async\" width=\"708\" height=\"565\" src=\"http:\/\/filleresutak.hu\/wp-content\/uploads\/2023\/06\/image-78.png\" alt=\"\" class=\"wp-image-2510\" srcset=\"https:\/\/filleresutak.hu\/wp-content\/uploads\/2023\/06\/image-78.png 708w, https:\/\/filleresutak.hu\/wp-content\/uploads\/2023\/06\/image-78-300x239.png 300w\" sizes=\"auto, (max-width: 708px) 100vw, 708px\" \/><\/figure>\n<\/div>\n\n\n<p><strong>Mi az, amit kihagyhatsz?<\/strong><\/p>\n\n\n\n<ul class=\"wp-block-list\">\n<li>Balos beach a val\u00f3s\u00e1gban is j\u00f3l n\u00e9z ki, nem v\u00e9letlen\u00fcl tartj\u00e1k Eur\u00f3pa egyik legszebb tengerpartj\u00e1nak. Ezzel egy\u00fctt, arra fel kell k\u00e9sz\u00fclni, hogy nagyon eldugott helyen van, \u00e9s a legk\u00f6zelebbi parkol\u00f3kt\u00f3l is legal\u00e1bb f\u00e9l \u00f3r\u00e1t kell s\u00e9t\u00e1lni a strandhoz, de, ha valaki nem \u00e9r oda kora reggel, akkor m\u00e1r csak a parkol\u00f3hoz vezet\u0151 f\u00f6ld\u00fat k\u00e9t oldal\u00e1n tud meg\u00e1llni, \u00edgy ak\u00e1r 4-5 kilom\u00e9tert is kutyagolni kell a t\u0171z\u0151 napon Balosig.<\/li>\n\n\n\n<li>A m\u00e1sik nagyon felkapott strand Elafonissi, a r\u00f3zsasz\u00ednes homok\u00fa partj\u00e1val. Ez a sziget d\u00e9lnyugati cs\u00fccsk\u00e9ben tal\u00e1lhat\u00f3, a nyugati nyaral\u00f3helyekt\u0151l 1,5-2 \u00f3r\u00e1nyi, a keleti nyaral\u00f3helyekt\u0151l pedig 3,5-4 \u00f3r\u00e1nyi aut\u00f3\u00fatra. Nem biztos, hogy meg\u00e9ri ennyit utazni \u00e9rte.<\/li>\n<\/ul>\n","protected":false},"excerpt":{"rendered":"<p>Gyakorlati tan\u00e1csok Kr\u00e9ta G\u00f6r\u00f6gorsz\u00e1g legnagyobb \u00e9s egyben legd\u00e9lebbi szigete. Ennek k\u00f6sz\u00f6nhet\u0151en hosszabb a szezon, mint<\/p>\n","protected":false},"author":1,"featured_media":0,"parent":0,"menu_order":0,"comment_status":"closed","ping_status":"closed","template":"","meta":{"footnotes":""},"class_list":["post-1012","page","type-page","status-publish","hentry"],"_links":{"self":[{"href":"https:\/\/filleresutak.hu\/index.php?rest_route=\/wp\/v2\/pages\/1012","targetHints":{"allow":["GET"]}}],"collection":[{"href":"https:\/\/filleresutak.hu\/index.php?rest_route=\/wp\/v2\/pages"}],"about":[{"href":"https:\/\/filleresutak.hu\/index.php?rest_route=\/wp\/v2\/types\/page"}],"author":[{"embeddable":true,"href":"https:\/\/filleresutak.hu\/index.php?rest_route=\/wp\/v2\/users\/1"}],"replies":[{"embeddable":true,"href":"https:\/\/filleresutak.hu\/index.php?rest_route=%2Fwp%2Fv2%2Fcomments&post=1012"}],"version-history":[{"count":3,"href":"https:\/\/filleresutak.hu\/index.php?rest_route=\/wp\/v2\/pages\/1012\/revisions"}],"predecessor-version":[{"id":2512,"href":"https:\/\/filleresutak.hu\/index.php?rest_route=\/wp\/v2\/pages\/1012\/revisions\/2512"}],"wp:attachment":[{"href":"https:\/\/filleresutak.hu\/index.php?rest_route=%2Fwp%2Fv2%2Fmedia&parent=1012"}],"curies":[{"name":"wp","href":"https:\/\/api.w.org\/{rel}","templated":true}]}}