{"id":104,"date":"2022-07-29T11:10:21","date_gmt":"2022-07-29T11:10:21","guid":{"rendered":"http:\/\/filleresutak.hu\/?page_id=104"},"modified":"2023-06-05T10:20:49","modified_gmt":"2023-06-05T10:20:49","slug":"hogyan-vasaroljunk-repulojegyet","status":"publish","type":"page","link":"https:\/\/filleresutak.hu\/?page_id=104","title":{"rendered":"Hogy v\u00e1s\u00e1rolj rep\u00fcl\u0151jegyet?"},"content":{"rendered":"\n<p>Soha nem vett\u00e9l m\u00e9g repjegyet, vagy \u00e9ppen soha nem is rep\u00fclt\u00e9l m\u00e9g? Semmi baj, itt \u00e1tvessz\u00fck a legfontosabb l\u00e9p\u00e9seket.<\/p>\n\n\n\n<p><strong>Melyik l\u00e9git\u00e1rsas\u00e1gokn\u00e1l lehet val\u00f3ban olcs\u00f3, ak\u00e1r n\u00e9h\u00e1ny ezer forintos rep\u00fcl\u0151jegyeket venni?<\/strong><\/p>\n\n\n\n<p>Legolcs\u00f3bb Eur\u00f3p\u00e1ban a k\u00e9t &#8222;ultrafapados&#8221;, a Ryanair \u00e9s a Wizz Air l\u00e9git\u00e1rsas\u00e1g, n\u00e1luk alapvet\u0151en 3-5 ezer forint k\u00f6r\u00fcl vannak a legolcs\u00f3bban el\u00e9rhet\u0151 rep\u00fcl\u0151jegyek, k\u00fcl\u00f6nleges akci\u00f3k eset\u00e9n viszont ak\u00e1r 1-5 eur\u00f3\u00e9rt is lehetnek, f\u0151leg a t\u00e9li id\u0151szakban jegyek. Esetenk\u00e9nt az EasyJetn\u00e9l is lehet kifogni 10-15 ezer forint k\u00f6r\u00fcli rep\u00fcl\u0151jegyeket, de \u0151k alapvet\u0151en dr\u00e1g\u00e1bbak. <\/p>\n\n\n<div class=\"wp-block-image\">\n<figure class=\"aligncenter size-full is-resized\"><img loading=\"lazy\" decoding=\"async\" src=\"http:\/\/filleresutak.hu\/wp-content\/uploads\/2022\/07\/image-26.png\" alt=\"\" class=\"wp-image-105\" width=\"521\" height=\"347\" srcset=\"https:\/\/filleresutak.hu\/wp-content\/uploads\/2022\/07\/image-26.png 800w, https:\/\/filleresutak.hu\/wp-content\/uploads\/2022\/07\/image-26-300x200.png 300w, https:\/\/filleresutak.hu\/wp-content\/uploads\/2022\/07\/image-26-768x512.png 768w, https:\/\/filleresutak.hu\/wp-content\/uploads\/2022\/07\/image-26-450x300.png 450w, https:\/\/filleresutak.hu\/wp-content\/uploads\/2022\/07\/image-26-90x60.png 90w\" sizes=\"auto, (max-width: 521px) 100vw, 521px\" \/><figcaption class=\"wp-element-caption\"><em>Ryanair, ez egyik ultrafapados l\u00e9git\u00e1rsas\u00e1g.<\/em><\/figcaption><\/figure>\n<\/div>\n\n\n<p><strong>Honnan tudunk utazni?<\/strong><\/p>\n\n\n\n<p>Wizz Airrel \u00e9s Ryanairrel t\u00f6bbek k\u00f6z\u00f6tt Budapestr\u0151l, Pozsonyb\u00f3l \u00e9s B\u00e9csb\u0151l lehet utazni. A Wizz Air tov\u00e1bb\u00e1 Debrecenb\u0151l is \u00fczemeltet j\u00e1ratokat. <\/p>\n\n\n<div class=\"wp-block-image\">\n<figure class=\"aligncenter size-large is-resized\"><img loading=\"lazy\" decoding=\"async\" src=\"http:\/\/filleresutak.hu\/wp-content\/uploads\/2022\/07\/image-27-1024x683.png\" alt=\"\" class=\"wp-image-107\" width=\"513\" height=\"342\" srcset=\"https:\/\/filleresutak.hu\/wp-content\/uploads\/2022\/07\/image-27-1024x683.png 1024w, https:\/\/filleresutak.hu\/wp-content\/uploads\/2022\/07\/image-27-300x200.png 300w, https:\/\/filleresutak.hu\/wp-content\/uploads\/2022\/07\/image-27-768x512.png 768w, https:\/\/filleresutak.hu\/wp-content\/uploads\/2022\/07\/image-27-1536x1024.png 1536w, https:\/\/filleresutak.hu\/wp-content\/uploads\/2022\/07\/image-27-450x300.png 450w, https:\/\/filleresutak.hu\/wp-content\/uploads\/2022\/07\/image-27-90x60.png 90w, https:\/\/filleresutak.hu\/wp-content\/uploads\/2022\/07\/image-27.png 2048w\" sizes=\"auto, (max-width: 513px) 100vw, 513px\" \/><figcaption class=\"wp-element-caption\"><em>A budapesti rep\u00fcl\u0151t\u00e9r 2-es termin\u00e1lj\u00e1b\u00f3l indulnak a fapados j\u00e1ratok.<\/em><\/figcaption><\/figure>\n<\/div>\n\n\n<p><strong>Hov\u00e1 tudunk fapadosokkal utazni?<\/strong><\/p>\n\n\n\n<p>Kis t\u00falz\u00e1ssal, 4000 kilom\u00e9teren bel\u00fcl b\u00e1rhov\u00e1. Budapestr\u0151l indulva Egyiptomt\u00f3l Norv\u00e9gi\u00e1ig, Kazahszt\u00e1nt\u00f3l a Madeira-szigetekig, Jord\u00e1ni\u00e1t\u00f3l Izlandig sz\u00e1mtalan c\u00e9lpont el\u00e9rhet\u0151. B\u00e9csb\u0151l tov\u00e1bb\u00e1 \u00d6rm\u00e9nyorsz\u00e1gba, Szaud-Ar\u00e1bi\u00e1ba, vagy \u00e9ppen Marokk\u00f3ba is utazhatunk. <\/p>\n\n\n<div class=\"wp-block-image\">\n<figure class=\"aligncenter size-large is-resized\"><img loading=\"lazy\" decoding=\"async\" src=\"http:\/\/filleresutak.hu\/wp-content\/uploads\/2022\/07\/image-28-1024x614.png\" alt=\"\" class=\"wp-image-108\" width=\"511\" height=\"306\" srcset=\"https:\/\/filleresutak.hu\/wp-content\/uploads\/2022\/07\/image-28-1024x614.png 1024w, https:\/\/filleresutak.hu\/wp-content\/uploads\/2022\/07\/image-28-300x180.png 300w, https:\/\/filleresutak.hu\/wp-content\/uploads\/2022\/07\/image-28-768x461.png 768w, https:\/\/filleresutak.hu\/wp-content\/uploads\/2022\/07\/image-28-100x60.png 100w, https:\/\/filleresutak.hu\/wp-content\/uploads\/2022\/07\/image-28.png 1500w\" sizes=\"auto, (max-width: 511px) 100vw, 511px\" \/><figcaption class=\"wp-element-caption\"><em>Marokk\u00f3ba is eljuthatunk fapadossal.<\/em><\/figcaption><\/figure>\n<\/div>\n\n\n<p><strong>Hogy v\u00e1lasszunk \u00fati c\u00e9lt?<\/strong><\/p>\n\n\n\n<p>D\u00f6nts\u00fck el, hogy nagyj\u00e1b\u00f3l mikor szeretn\u00e9nk menni, \u00e9s mi az, amit szeretn\u00e9nk l\u00e1tni? Tengerpart? Hegyek?  K\u00fcl\u00f6nleges l\u00e1tnival\u00f3k? Csendes falvak, vagy ny\u00fczsg\u0151 vil\u00e1gv\u00e1ros? <\/p>\n\n\n\n<p>Fontos, hogy ne ragaszkodjunk egyetlen \u00fati c\u00e9lhoz\/v\u00e1roshoz. Legy\u00fcnk rugalmasak. Ha p\u00e9ld\u00e1ul tengerpartra szeretn\u00e9nk menni, akkor n\u00e9zz\u00fcnk \u00e1t t\u00f6bb tucatnyi \u00fati c\u00e9lt, hiszen ugyan\u00fagy \u00e1t\u00e9lhet\u00fcnk egy felejthetetlen nyaral\u00e1st egy kis g\u00f6r\u00f6g szigeten, mint egy felkapott spanyol tengerparton.<\/p>\n\n\n\n<p>Merj\u00fcnk \u00faj, ak\u00e1r sz\u00e1munkra teljesen ismeretlen helyeket kipr\u00f3b\u00e1lni.<\/p>\n\n\n<div class=\"wp-block-image\">\n<figure class=\"aligncenter size-large is-resized\"><img loading=\"lazy\" decoding=\"async\" src=\"http:\/\/filleresutak.hu\/wp-content\/uploads\/2022\/07\/image-29-1024x576.png\" alt=\"\" class=\"wp-image-109\" width=\"507\" height=\"285\" srcset=\"https:\/\/filleresutak.hu\/wp-content\/uploads\/2022\/07\/image-29-1024x576.png 1024w, https:\/\/filleresutak.hu\/wp-content\/uploads\/2022\/07\/image-29-300x169.png 300w, https:\/\/filleresutak.hu\/wp-content\/uploads\/2022\/07\/image-29-768x432.png 768w, https:\/\/filleresutak.hu\/wp-content\/uploads\/2022\/07\/image-29-107x60.png 107w, https:\/\/filleresutak.hu\/wp-content\/uploads\/2022\/07\/image-29.png 1366w\" sizes=\"auto, (max-width: 507px) 100vw, 507px\" \/><figcaption class=\"wp-element-caption\"><em>Hallott\u00e1l m\u00e1r \u00d6l\u00fcdenizr\u0151l? Nem? Pedig Pozsonyb\u00f3l sok esetben 20-30 eur\u00f3\u00e9rt odarep\u00fclhetsz.<\/em><\/figcaption><\/figure>\n<\/div>\n\n\n<p><strong>Mire figyelj\u00fcnk nagyon oda?<\/strong><\/p>\n\n\n\n<p>Ne csapjunk le azonnal az olcs\u00f3 repjegyre. El\u0151fordulhat, hogy a c\u00e9l\u00e1llom\u00e1son rendk\u00edv\u00fcl dr\u00e1g\u00e1k a sz\u00e1ll\u00e1shelyek. Tipikus p\u00e9lda M\u00edkonosz vagy Menorca, ahov\u00e1 sok esetben p\u00e1rezer forintb\u00f3l el lehet jutni, de a legolcs\u00f3bb sz\u00e1ll\u00e1shelyek \u00e1rai is el\u00e9rik az \u00e9jszak\u00e1nk\u00e9nti 50-100 ezer forintot. Mindenf\u00e9lek\u00e9ppen n\u00e9zz\u00fck meg az adott helyen a sz\u00e1ll\u00e1shelyeket, hogy milyen \u00e1rban vannak, illetve, van-e az ig\u00e9nyeinknek megfelel\u0151. Szint\u00e9n, ha olcs\u00f3n akarunk utazni, ne vegy\u00fcnk repjegyet Sv\u00e1jcba, vagy \u00e9ppen a Skandin\u00e1v \u00e1llamokba.<\/p>\n\n\n\n<p>Figyelj\u00fcnk oda arra is, hogy a rept\u00e9rt\u0151l az \u00fati c\u00e9lhoz(belv\u00e1roshoz\/sz\u00e1ll\u00e1shelyhez) mennyibe ker\u00fcl a transzfer. El\u0151fordulhat, hogy maga a transzfer t\u00f6bbe ker\u00fcl, mint a rep\u00fcl\u0151jegy(p\u00e9ld\u00e1ul P\u00e1rizs\/Beauvais rep\u00fcl\u0151t\u00e9rn\u00e9l, ahonnan P\u00e1rizs belv\u00e1rosa k\u00f6zel 100 kilom\u00e9ter). A legegyszer\u0171bben <strong><a rel=\"noreferrer noopener\" href=\"https:\/\/www.rome2rio.com\/\" data-type=\"URL\" data-id=\"https:\/\/www.rome2rio.com\/\" target=\"_blank\">ITT<\/a><\/strong> hasonl\u00edthat\u00f3ak \u00f6ssze a transzferek lehet\u0151s\u00e9gei \u00e9s \u00e1rai.<\/p>\n\n\n\n<p>Szint\u00e9n \u00e9rdemes ut\u00e1na n\u00e9zni, hogy az adott orsz\u00e1gban kell-e v\u00edzumot fizetni. Nem sok ilyen orsz\u00e1g van, de p\u00e9ld\u00e1ul Jord\u00e1ni\u00e1ban \u00e9s Oroszorsz\u00e1gban is t\u00f6bb t\u00edzezer forintos t\u00e9tel a v\u00edzum. Err\u0151l r\u00e9szleteket a <a href=\"https:\/\/konzinfo.mfa.gov.hu\/\" data-type=\"URL\" data-id=\"https:\/\/konzinfo.mfa.gov.hu\/\" target=\"_blank\" rel=\"noreferrer noopener\">k\u00fcl\u00fcgy<\/a> oldal\u00e1n lehet tal\u00e1lni. <\/p>\n\n\n<div class=\"wp-block-image\">\n<figure class=\"aligncenter size-large is-resized\"><img loading=\"lazy\" decoding=\"async\" src=\"http:\/\/filleresutak.hu\/wp-content\/uploads\/2022\/07\/image-30-1024x576.png\" alt=\"\" class=\"wp-image-110\" width=\"486\" height=\"273\" srcset=\"https:\/\/filleresutak.hu\/wp-content\/uploads\/2022\/07\/image-30-1024x576.png 1024w, https:\/\/filleresutak.hu\/wp-content\/uploads\/2022\/07\/image-30-300x169.png 300w, https:\/\/filleresutak.hu\/wp-content\/uploads\/2022\/07\/image-30-768x432.png 768w, https:\/\/filleresutak.hu\/wp-content\/uploads\/2022\/07\/image-30-107x60.png 107w, https:\/\/filleresutak.hu\/wp-content\/uploads\/2022\/07\/image-30.png 1200w\" sizes=\"auto, (max-width: 486px) 100vw, 486px\" \/><figcaption class=\"wp-element-caption\"><em>Sv\u00e1jc gy\u00f6ny\u00f6r\u0171, de elk\u00e9peszt\u0151en dr\u00e1ga. Egy Sv\u00e1jci hossz\u00fah\u00e9tv\u00e9ge \u00e1r\u00e1b\u00f3l ak\u00e1r 2 hetet is elt\u00f6lthetsz a Kan\u00e1ri-szigeteken.<\/em><\/figcaption><\/figure>\n<\/div>\n\n\n<p><strong>Hol vegy\u00fcnk repjegyet?<\/strong><\/p>\n\n\n\n<p>Kiz\u00e1r\u00f3lag a l\u00e9git\u00e1rsas\u00e1gok saj\u00e1t weboldalain, a <a rel=\"noreferrer noopener\" href=\"https:\/\/wizzair.com\/hu-hu\" data-type=\"URL\" data-id=\"https:\/\/wizzair.com\/hu-hu\" target=\"_blank\">wizzair.com<\/a>-on, a <a rel=\"noreferrer noopener\" href=\"https:\/\/www.ryanair.com\/hu\/hu\" data-type=\"URL\" data-id=\"https:\/\/www.ryanair.com\/hu\/hu\" target=\"_blank\">ryanair.com<\/a>-on, vagy az <a rel=\"noreferrer noopener\" href=\"https:\/\/www.easyjet.com\/hu\/\" data-type=\"URL\" data-id=\"https:\/\/www.easyjet.com\/hu\/\" target=\"_blank\">easyjet.com<\/a>-on. K\u00f6zvet\u00edt\u0151i oldalakon szigor\u00faan tilos. Nem csak az\u00e9rt mert dr\u00e1g\u00e1bb, hanem mert sokkal k\u00f6r\u00fclm\u00e9nyesebb lesz rajtuk kereszt\u00fcl a foglal\u00e1s, \u00e9s b\u00e1rmilyen felmer\u00fcl\u0151 probl\u00e9ma eset\u00e9n \u00e1ltal\u00e1ban el\u00e9rhetetlenek a k\u00f6zvet\u00edt\u0151i oldalak.<\/p>\n\n\n\n<p><strong>Hogy tal\u00e1lom meg a legolcs\u00f3bb repjegyeket?<\/strong><\/p>\n\n\n\n<p>\u00c9rdemes a weboldalakon az \u00f6sszes sz\u00f3ba j\u00f6v\u0151 \u00fati c\u00e9lt \u00e1tn\u00e9zni, a lehets\u00e9ges id\u0151pontokkal. A Wizz oldal\u00e1n p\u00e9ld\u00e1ul nagy seg\u00edts\u00e9g, ha a &#8222;Rugalmasak az utaz\u00e1s napjai?&#8221; f\u00fclre kattintunk. Kiss\u00e9 id\u0151ig\u00e9nyes munka, de meg\u00e9ri. A legjobb lehet\u0151s\u00e9geket egy\u00e9bk\u00e9nt weboldalunkon \u00e9s <a rel=\"noreferrer noopener\" href=\"https:\/\/www.facebook.com\/filleresutak\" data-type=\"URL\" data-id=\"https:\/\/www.facebook.com\/filleresutak\" target=\"_blank\">Facebook-oldalunkon<\/a> is folyamatosan megosztjuk.<\/p>\n\n\n\n<figure class=\"wp-block-image size-large\"><img loading=\"lazy\" decoding=\"async\" width=\"1024\" height=\"589\" src=\"http:\/\/filleresutak.hu\/wp-content\/uploads\/2022\/07\/image-31-1024x589.png\" alt=\"\" class=\"wp-image-111\" srcset=\"https:\/\/filleresutak.hu\/wp-content\/uploads\/2022\/07\/image-31-1024x589.png 1024w, https:\/\/filleresutak.hu\/wp-content\/uploads\/2022\/07\/image-31-300x173.png 300w, https:\/\/filleresutak.hu\/wp-content\/uploads\/2022\/07\/image-31-768x442.png 768w, https:\/\/filleresutak.hu\/wp-content\/uploads\/2022\/07\/image-31-104x60.png 104w, https:\/\/filleresutak.hu\/wp-content\/uploads\/2022\/07\/image-31.png 1409w\" sizes=\"auto, (max-width: 1024px) 100vw, 1024px\" \/><figcaption class=\"wp-element-caption\"><em>Rep\u00fcl\u0151jegyek \u00e1rai Budapestr\u0151l R\u00f3m\u00e1ba.<\/em><\/figcaption><\/figure>\n\n\n\n<p><strong>\u00c9rdemes a repjegyhez b\u00e1rmilyen extr\u00e1t hozz\u00e1adni a foglal\u00e1skor?<\/strong><\/p>\n\n\n\n<p>Ez mindenkinek az egy\u00e9ni ig\u00e9ny\u00e9n m\u00falik. \u00dcl\u00e9st nem \u00e9rdemes foglalni, itt c\u00e9lszer\u0171 \u00fcl\u0151hely v\u00e1laszt\u00e1s n\u00e9lk\u00fcl tov\u00e1bbl\u00e9pni, hiszen az indul\u00e1s el\u0151tti napokban, a &#8222;becsekkol\u00e1skor&#8221; \u00fagyis kapunk helyet, a g\u00e9pre felsz\u00e1llva pedig \u00fagyis mindenki cser\u00e9lgeti a helyeket, mindenkivel. <\/p>\n\n\n\n<p>Biztos\u00edt\u00e1st szint\u00e9n nem \u00e9rdemes a repjeggyel egy\u00fctt k\u00f6tni. Aki szeretne biztos\u00edt\u00e1st k\u00f6tni, az a k\u00e9s\u0151bbiekben, az utaz\u00e1s el\u0151tt b\u00e1rmikor tud a k\u00f6zvet\u00edt\u0151i oldalakon kereszt\u00fcl.<\/p>\n\n\n\n<p>A repjegy \u00e1ra alapvet\u0151en egy nagy m\u00e9ret\u0171 h\u00e1tizs\u00e1k g\u00e9pre vitel\u00e9t tartalmazza, aki szeretne emellett gurul\u00f3s k\u00e9zipoggy\u00e1szt is vinni mag\u00e1val, annak \u00e9rdemes foglalni &#8222;priorityt&#8221;, ami repjegyenk\u00e9nt kb. +10-20 eur\u00f3, \u00e9s tartalmazza a nagy k\u00e9zipoggy\u00e1szt a h\u00e1tizs\u00e1k mellett. <\/p>\n\n\n\n<p>B\u0151r\u00f6nd\u00f6t feladni hat\u00e1rozottan nem aj\u00e1nlott, hiszen a c\u00e9l\u00e1llom\u00e1son sokszor \u00f3r\u00e1kat is kell v\u00e1rni a b\u0151r\u00f6nd meg\u00e9rkez\u00e9s\u00e9re, nem is besz\u00e9lve a vil\u00e1g minden pontj\u00e1n el\u0151fordul\u00f3 elveszett b\u0151r\u00f6nd\u00f6kr\u0151l.<\/p>\n\n\n\n<p><strong>Mit jelent a &#8222;Wizz tags\u00e1gi&#8221;?<\/strong><\/p>\n\n\n\n<p>T\u00f6bb aj\u00e1nlatunkn\u00e1l is l\u00e1thatj\u00e1tok a &#8222;Wizz tags\u00e1gival&#8221; feliratot. Ez eg\u00e9szen pontosan a Wizz Discount Club tags\u00e1got jelenti, amely automatikusan 10 eur\u00f3 kedvezm\u00e9nyt ad a 20 eur\u00f3ba vagy ann\u00e1l t\u00f6bbe ker\u00fcl\u0151 rep\u00fcl\u0151jegyek \u00e1r\u00e1b\u00f3l. A tags\u00e1gi \u00e1ra 2 f\u0151 r\u00e9sz\u00e9re 29,9 eur\u00f3\/\u00e9v, 6 f\u0151 r\u00e9sz\u00e9re pedig 69,9 eur\u00f3t kell fizetni. A rep\u00fcl\u0151jegy v\u00e1s\u00e1rl\u00e1sakor automatikusan felaj\u00e1nlja a Wizz, \u00e9s \u00e9rdemes is \u00e1ltal\u00e1ban megvenni, hiszen egy \u00e1tlagos \u00e1r\u00fa ret\u00far rep\u00fcl\u0151jegy eset\u00e9n 20 eur\u00f3t tudunk sp\u00f3rolni, ha pedig ketten utazunk, vissza is j\u00f6n az \u00e9ves alapd\u00edj. <a href=\"https:\/\/wizzair.com\/hu-hu\/informaciok-es-szolgaltatasok\/tagsagok\/wizz-discount-club\" data-type=\"URL\" data-id=\"https:\/\/wizzair.com\/hu-hu\/informaciok-es-szolgaltatasok\/tagsagok\/wizz-discount-club\">Tov\u00e1bbi r\u00e9szletek ITT<\/a><\/p>\n\n\n<div class=\"wp-block-image\">\n<figure class=\"aligncenter size-full\"><img loading=\"lazy\" decoding=\"async\" width=\"596\" height=\"359\" src=\"http:\/\/filleresutak.hu\/wp-content\/uploads\/2022\/08\/image-33.png\" alt=\"\" class=\"wp-image-217\" srcset=\"https:\/\/filleresutak.hu\/wp-content\/uploads\/2022\/08\/image-33.png 596w, https:\/\/filleresutak.hu\/wp-content\/uploads\/2022\/08\/image-33-300x181.png 300w, https:\/\/filleresutak.hu\/wp-content\/uploads\/2022\/08\/image-33-100x60.png 100w\" sizes=\"auto, (max-width: 596px) 100vw, 596px\" \/><\/figure>\n<\/div>","protected":false},"excerpt":{"rendered":"<p>Soha nem vett\u00e9l m\u00e9g repjegyet, vagy \u00e9ppen soha nem is rep\u00fclt\u00e9l m\u00e9g? Semmi baj, itt<\/p>\n","protected":false},"author":1,"featured_media":0,"parent":0,"menu_order":0,"comment_status":"closed","ping_status":"closed","template":"","meta":{"footnotes":""},"class_list":["post-104","page","type-page","status-publish","hentry"],"_links":{"self":[{"href":"https:\/\/filleresutak.hu\/index.php?rest_route=\/wp\/v2\/pages\/104","targetHints":{"allow":["GET"]}}],"collection":[{"href":"https:\/\/filleresutak.hu\/index.php?rest_route=\/wp\/v2\/pages"}],"about":[{"href":"https:\/\/filleresutak.hu\/index.php?rest_route=\/wp\/v2\/types\/page"}],"author":[{"embeddable":true,"href":"https:\/\/filleresutak.hu\/index.php?rest_route=\/wp\/v2\/users\/1"}],"replies":[{"embeddable":true,"href":"https:\/\/filleresutak.hu\/index.php?rest_route=%2Fwp%2Fv2%2Fcomments&post=104"}],"version-history":[{"count":8,"href":"https:\/\/filleresutak.hu\/index.php?rest_route=\/wp\/v2\/pages\/104\/revisions"}],"predecessor-version":[{"id":2316,"href":"https:\/\/filleresutak.hu\/index.php?rest_route=\/wp\/v2\/pages\/104\/revisions\/2316"}],"wp:attachment":[{"href":"https:\/\/filleresutak.hu\/index.php?rest_route=%2Fwp%2Fv2%2Fmedia&parent=104"}],"curies":[{"name":"wp","href":"https:\/\/api.w.org\/{rel}","templated":true}]}}