{"id":1049,"date":"2023-03-06T10:39:38","date_gmt":"2023-03-06T10:39:38","guid":{"rendered":"http:\/\/filleresutak.hu\/?page_id=1049"},"modified":"2023-05-22T17:41:59","modified_gmt":"2023-05-22T17:41:59","slug":"koszovo","status":"publish","type":"page","link":"https:\/\/filleresutak.hu\/?page_id=1049","title":{"rendered":"Koszov\u00f3"},"content":{"rendered":"<div class=\"wp-block-image\">\n<figure class=\"aligncenter size-full is-resized\"><a href=\"http:\/\/filleresutak.hu\/?tag=koszovo\" target=\"_blank\" rel=\"noreferrer noopener\"><img loading=\"lazy\" decoding=\"async\" src=\"http:\/\/filleresutak.hu\/wp-content\/uploads\/2023\/05\/image-34.png\" alt=\"\" class=\"wp-image-2056\" width=\"606\" height=\"165\" srcset=\"https:\/\/filleresutak.hu\/wp-content\/uploads\/2023\/05\/image-34.png 622w, https:\/\/filleresutak.hu\/wp-content\/uploads\/2023\/05\/image-34-300x82.png 300w\" sizes=\"auto, (max-width: 606px) 100vw, 606px\" \/><\/a><\/figure>\n<\/div>\n\n\n<p class=\"has-text-align-center has-x-large-font-size\"><strong>Gyakorlati tan\u00e1csok<\/strong><\/p>\n\n\n<div class=\"wp-block-image\">\n<figure class=\"aligncenter size-large is-resized\"><img loading=\"lazy\" decoding=\"async\" src=\"http:\/\/filleresutak.hu\/wp-content\/uploads\/2023\/05\/image-80-1024x769.png\" alt=\"\" class=\"wp-image-2185\" width=\"554\" height=\"415\" srcset=\"https:\/\/filleresutak.hu\/wp-content\/uploads\/2023\/05\/image-80-1024x769.png 1024w, https:\/\/filleresutak.hu\/wp-content\/uploads\/2023\/05\/image-80-300x225.png 300w, https:\/\/filleresutak.hu\/wp-content\/uploads\/2023\/05\/image-80-768x577.png 768w, https:\/\/filleresutak.hu\/wp-content\/uploads\/2023\/05\/image-80.png 1256w\" sizes=\"auto, (max-width: 554px) 100vw, 554px\" \/><\/figure>\n<\/div>\n\n\n<p>Koszov\u00f3 Eur\u00f3pa egyik legfiatalabb orsz\u00e1ga, 2008-ban ki\u00e1ltotta ki f\u00fcggetlens\u00e9g\u00e9t, amelyet Szerbia tov\u00e1bbra sem ismer el. Az orsz\u00e1g megl\u00e1togat\u00e1s\u00e1t legink\u00e1bb az indokolja, hogy Koszov\u00f3 egy term\u00e9szeti l\u00e1tnival\u00f3kban gazdag, biztons\u00e1gos, de meglehet\u0151sen kaotikus, igazi &#8222;balk\u00e1ni&#8221; orsz\u00e1g. <\/p>\n\n\n\n<p class=\"has-text-align-center has-medium-font-size\"><strong>Beutaz\u00e1s<\/strong><\/p>\n\n\n\n<p><em>Koszov\u00f3 nem tagja az Eur\u00f3pai Uni\u00f3nak<\/em>, azonban el\u00e9g a szem\u00e9lyi igazolv\u00e1ny a megl\u00e1togat\u00e1s\u00e1hoz.<\/p>\n\n\n\n<p class=\"has-text-align-center has-medium-font-size\"><strong>Fizet\u0151eszk\u00f6z<\/strong><\/p>\n\n\n\n<p>Koszov\u00f3 fizet\u0151eszk\u00f6ze az Eur\u00f3. <\/p>\n\n\n\n<p>Sok helyen lehet bankk\u00e1rty\u00e1val is fizetni.<\/p>\n\n\n\n<p class=\"has-text-align-center has-medium-font-size\"><strong>Hogy juthatsz ide? <\/strong><\/p>\n\n\n\n<p>Koszov\u00f3 f\u0151v\u00e1rosa, Pristina Budapestt\u0151l k\u00f6r\u00fclbel\u00fcl 9 \u00f3r\u00e1nyi aut\u00f3\u00fatra fekszik. B\u00e9cs \u00e9s Koszov\u00f3 k\u00f6z\u00f6tt egy\u00e9bk\u00e9nt k\u00f6zlekedik t\u00f6bb &#8222;vend\u00e9gmunk\u00e1s&#8221; buszj\u00e1rat, amelyekn\u00e9l Budapesten is fel, illetve le lehet sz\u00e1llni, azonban ez turisztikai c\u00e9lra nem igaz\u00e1n aj\u00e1nlott.<\/p>\n\n\n\n<p>Sajnos Budapestr\u0151l a Covid alatt megsz\u0171nt a k\u00f6zvetlen rep\u00fcl\u0151j\u00e1rat Koszov\u00f3ba, \u00edgy jelenleg a leggyorsabb eljut\u00e1s B\u00e9csb\u0151l lehets\u00e9ges, a Wizz Air B\u00e9cs-Pristina \u00fatvonal\u00e1val. A j\u00e1ratra sok esetben 20-30 Eur\u00f3\u00e9rt foglalhat\u00f3 ret\u00far jegy.<\/p>\n\n\n\n<p class=\"has-text-align-center\"><strong>Hogyan k\u00f6zlekedj Koszov\u00f3ban?<\/strong><\/p>\n\n\n\n<p>Pristina rep\u00fcl\u0151ter\u00e9r\u0151l 2019-ben 15 eur\u00f3 volt a taxi d\u00edja a belv\u00e1rosba. A nagyobb v\u00e1rosok k\u00f6z\u00f6tt bizonyos id\u0151k\u00f6z\u00f6nk\u00e9nt k\u00f6zlekednek buszj\u00e1ratok. T\u00f6megk\u00f6zleked\u00e9s megtervez\u00e9s\u00e9hez aj\u00e1nljuk a <a rel=\"noreferrer noopener\" href=\"https:\/\/www.google.hu\/maps\/@47.2634278,16.1491195,6z?hl=hu\" data-type=\"URL\" data-id=\"https:\/\/www.google.hu\/maps\/@47.2634278,16.1491195,6z?hl=hu\" target=\"_blank\">Google \u00fatvonaltervez\u0151t<\/a> \u00e9s a <a rel=\"noreferrer noopener\" href=\"https:\/\/www.rome2rio.com\/\" data-type=\"URL\" data-id=\"https:\/\/www.rome2rio.com\/\" target=\"_blank\">Rome2Rio<\/a> oldalt. Az orsz\u00e1g felfedez\u00e9s\u00e9hez c\u00e9lszer\u0171 aut\u00f3t b\u00e9relni. <\/p>\n\n\n\n<p class=\"has-text-align-center\"><strong>Hol foglalj sz\u00e1ll\u00e1st?<\/strong><\/p>\n\n\n\n<p>A sz\u00e1ll\u00e1sok nagyon olcs\u00f3k Koszov\u00f3ban, j\u00f3 min\u0151s\u00e9g\u0171, n\u00e9gy f\u0151s apartmant m\u00e1r napi 10 ezer forintt\u00f3l is lehet foglalni. Term\u00e9szetesen, mint mindenhol, itt is c\u00e9lszer\u0171 megn\u00e9zni a sz\u00e1ll\u00e1shely Booking-os, valamint Google-\u00f6s \u00e9rt\u00e9kel\u00e9seit.<\/p>\n\n\n\n<p><strong>Mi az, amit ne hagyj ki?<\/strong><\/p>\n\n\n\n<ul class=\"wp-block-list\">\n<li>Prizren egy hangulatos v\u00e1ros az orsz\u00e1g d\u00e9li hat\u00e1r\u00e1hoz k\u00f6zel.<\/li>\n<\/ul>\n\n\n<div class=\"wp-block-image\">\n<figure class=\"aligncenter size-full is-resized\"><img loading=\"lazy\" decoding=\"async\" src=\"http:\/\/filleresutak.hu\/wp-content\/uploads\/2023\/05\/image-78.png\" alt=\"\" class=\"wp-image-2183\" width=\"557\" height=\"371\" srcset=\"https:\/\/filleresutak.hu\/wp-content\/uploads\/2023\/05\/image-78.png 1024w, https:\/\/filleresutak.hu\/wp-content\/uploads\/2023\/05\/image-78-300x200.png 300w, https:\/\/filleresutak.hu\/wp-content\/uploads\/2023\/05\/image-78-768x512.png 768w\" sizes=\"auto, (max-width: 557px) 100vw, 557px\" \/><\/figure>\n<\/div>\n\n\n<ul class=\"wp-block-list\">\n<li>Az orsz\u00e1g tele van szebbn\u00e9l-szebb hegys\u00e9gekkel. Koszov\u00f3 legmagasabb pontja a 2656 m\u00e9ter magas Gjeravica hegycs\u00facs.<\/li>\n\n\n\n<li>Pristin\u00e1ban kifejezetten hangulatos \u00e9s olcs\u00f3 az \u00e9jszakai \u00e9let. J\u00f3kat lehet v\u00edzipip\u00e1zni a v\u00e1rosban.<\/li>\n\n\n\n<li>A Pristinai piacot sem \u00e9rdemes kihagyni.<\/li>\n<\/ul>\n\n\n<div class=\"wp-block-image\">\n<figure class=\"aligncenter size-full\"><img loading=\"lazy\" decoding=\"async\" width=\"457\" height=\"343\" src=\"http:\/\/filleresutak.hu\/wp-content\/uploads\/2023\/05\/image-79.png\" alt=\"\" class=\"wp-image-2184\" srcset=\"https:\/\/filleresutak.hu\/wp-content\/uploads\/2023\/05\/image-79.png 457w, https:\/\/filleresutak.hu\/wp-content\/uploads\/2023\/05\/image-79-300x225.png 300w\" sizes=\"auto, (max-width: 457px) 100vw, 457px\" \/><\/figure>\n<\/div>\n\n\n<p><strong>Mi az, amit kihagyhatsz?<\/strong><\/p>\n\n\n\n<ul class=\"wp-block-list\">\n<li>Sajnos, a szerb ortodox templomok meglehet\u0151sen rossz \u00e1llapotban vannak.<\/li>\n\n\n\n<li>A szerb-koszov\u00f3i hat\u00e1r k\u00f6rny\u00e9k\u00e9n m\u00e1ig komoly fesz\u00fclts\u00e9g van. B\u00e1r, turistak\u00e9nt kicsi az es\u00e9ly, arra, hogy b\u00e1nt\u00f3d\u00e1sunk essen, ett\u0151l f\u00fcggetlen\u00fcl c\u00e9lszer\u0171 elker\u00fclni ezt a z\u00f3n\u00e1t.<\/li>\n\n\n\n<li>Jelent\u0151s t\u00f6rt\u00e9nelmi l\u00e1tnival\u00f3k nincsenek az orsz\u00e1gban.<\/li>\n<\/ul>\n","protected":false},"excerpt":{"rendered":"<p>Gyakorlati tan\u00e1csok Koszov\u00f3 Eur\u00f3pa egyik legfiatalabb orsz\u00e1ga, 2008-ban ki\u00e1ltotta ki f\u00fcggetlens\u00e9g\u00e9t, amelyet Szerbia tov\u00e1bbra sem<\/p>\n","protected":false},"author":1,"featured_media":0,"parent":0,"menu_order":0,"comment_status":"closed","ping_status":"closed","template":"","meta":{"footnotes":""},"class_list":["post-1049","page","type-page","status-publish","hentry"],"_links":{"self":[{"href":"https:\/\/filleresutak.hu\/index.php?rest_route=\/wp\/v2\/pages\/1049","targetHints":{"allow":["GET"]}}],"collection":[{"href":"https:\/\/filleresutak.hu\/index.php?rest_route=\/wp\/v2\/pages"}],"about":[{"href":"https:\/\/filleresutak.hu\/index.php?rest_route=\/wp\/v2\/types\/page"}],"author":[{"embeddable":true,"href":"https:\/\/filleresutak.hu\/index.php?rest_route=\/wp\/v2\/users\/1"}],"replies":[{"embeddable":true,"href":"https:\/\/filleresutak.hu\/index.php?rest_route=%2Fwp%2Fv2%2Fcomments&post=1049"}],"version-history":[{"count":2,"href":"https:\/\/filleresutak.hu\/index.php?rest_route=\/wp\/v2\/pages\/1049\/revisions"}],"predecessor-version":[{"id":2186,"href":"https:\/\/filleresutak.hu\/index.php?rest_route=\/wp\/v2\/pages\/1049\/revisions\/2186"}],"wp:attachment":[{"href":"https:\/\/filleresutak.hu\/index.php?rest_route=%2Fwp%2Fv2%2Fmedia&parent=1049"}],"curies":[{"name":"wp","href":"https:\/\/api.w.org\/{rel}","templated":true}]}}