{"id":1060,"date":"2023-03-06T10:45:36","date_gmt":"2023-03-06T10:45:36","guid":{"rendered":"http:\/\/filleresutak.hu\/?page_id=1060"},"modified":"2023-05-14T11:09:28","modified_gmt":"2023-05-14T11:09:28","slug":"izrael-eilat-es-kornyeke","status":"publish","type":"page","link":"https:\/\/filleresutak.hu\/?page_id=1060","title":{"rendered":"Izrael &#8211; Eilat \u00e9s k\u00f6rny\u00e9ke"},"content":{"rendered":"<div class=\"wp-block-image\">\n<figure class=\"aligncenter size-full is-resized\"><a href=\"http:\/\/filleresutak.hu\/?tag=eilat\" target=\"_blank\" rel=\"noreferrer noopener\"><img loading=\"lazy\" decoding=\"async\" src=\"http:\/\/filleresutak.hu\/wp-content\/uploads\/2023\/05\/image-34.png\" alt=\"\" class=\"wp-image-2056\" width=\"606\" height=\"165\" srcset=\"https:\/\/filleresutak.hu\/wp-content\/uploads\/2023\/05\/image-34.png 622w, https:\/\/filleresutak.hu\/wp-content\/uploads\/2023\/05\/image-34-300x82.png 300w\" sizes=\"auto, (max-width: 606px) 100vw, 606px\" \/><\/a><\/figure>\n<\/div>\n\n\n<p class=\"has-text-align-center has-x-large-font-size\"><strong>Gyakorlati tan\u00e1csok<\/strong><\/p>\n\n\n<div class=\"wp-block-image\">\n<figure class=\"aligncenter size-large is-resized\"><img loading=\"lazy\" decoding=\"async\" src=\"http:\/\/filleresutak.hu\/wp-content\/uploads\/2023\/05\/image-42-1024x739.png\" alt=\"\" class=\"wp-image-2072\" width=\"635\" height=\"458\" srcset=\"https:\/\/filleresutak.hu\/wp-content\/uploads\/2023\/05\/image-42-1024x739.png 1024w, https:\/\/filleresutak.hu\/wp-content\/uploads\/2023\/05\/image-42-300x217.png 300w, https:\/\/filleresutak.hu\/wp-content\/uploads\/2023\/05\/image-42-768x554.png 768w, https:\/\/filleresutak.hu\/wp-content\/uploads\/2023\/05\/image-42.png 1114w\" sizes=\"auto, (max-width: 635px) 100vw, 635px\" \/><\/figure>\n<\/div>\n\n\n<p>Eilat Izrael d\u00e9li r\u00e9sz\u00e9nek \u00fcd\u00fcl\u0151v\u00e1rosa, be\u00e9kel\u0151dve Egyiptom \u00e9s Jord\u00e1nia k\u00f6z\u00e9. Eilat az\u00e9rt is v\u00e1lt n\u00e9pszer\u0171v\u00e9 a magyar utaz\u00f3k k\u00f6r\u00e9ben, mert Budapest\u0151l sok esetben n\u00e9h\u00e1ny ezer forint\u00e9rt lehetett a v\u00e1rosba rep\u00fcl\u0151jegyet venni a t\u00e9li szezonban. A V\u00f6r\u00f6s-tenger egy\u00e9bk\u00e9nt eg\u00e9sz \u00e9vben f\u00fcr\u00f6dhet\u0151. <\/p>\n\n\n\n<p class=\"has-text-align-center has-medium-font-size\"><strong>Beutaz\u00e1s<\/strong><\/p>\n\n\n\n<p>Izrael megl\u00e1togat\u00e1s\u00e1hoz \u00fatlev\u00e9l sz\u00fcks\u00e9ges. A v\u00edzum a magyar \u00e1llampolg\u00e1rok sz\u00e1m\u00e1ra ingyenes, a reptereken felvehet\u0151. Izraelben \u00e9rdemes a rept\u00e9ri v\u00e1rakoz\u00e1sra +1 \u00f3r\u00e1t r\u00e1sz\u00e1molni, mivel meglehet\u0151sen k\u00f6r\u00fclm\u00e9nyes a csomag\u00e1tvizsg\u00e1l\u00e1s \u00e9s a kik\u00e9rdez\u00e9s.<\/p>\n\n\n\n<p class=\"has-text-align-center has-medium-font-size\"><strong>Fizet\u0151eszk\u00f6z<\/strong><\/p>\n\n\n\n<p>Izraeli s\u00e9kel. A friss \u00e1rfolyam\u00e9rt kattints <a rel=\"noreferrer noopener\" href=\"https:\/\/arfolyam.iridium.hu\/ILS\" data-type=\"URL\" data-id=\"https:\/\/arfolyam.iridium.hu\/ILS\" target=\"_blank\">IDE<\/a>. A legt\u00f6bb helyen egy\u00e9bk\u00e9nt elfogadj\u00e1k az amerikai doll\u00e1rt is.<\/p>\n\n\n\n<p>Sok helyen lehet bankk\u00e1rty\u00e1val fizetni, azonban a  piacokon, kisebb vend\u00e9gl\u00e1t\u00f3helyeken, t\u00f6megk\u00f6zleked\u00e9sben kell a k\u00e9szp\u00e9nz.<\/p>\n\n\n\n<p class=\"has-text-align-center has-medium-font-size\"><strong>Hogy juthatsz ide? <\/strong><\/p>\n\n\n\n<p>Sajnos a Covid alatt megsz\u0171ntek Budapestr\u0151l a k\u00f6zvetlen j\u00e1ratok, azonban a Wizz m\u00e1r elind\u00edtotta a b\u00e9csi j\u00e1rat\u00e1t \u00e9s nagyon b\u00edzunk benne, hogy Budapestr\u0151l is r\u00f6videsen \u00fajraindul az eilat-i j\u00e1rat. <\/p>\n\n\n\n<p class=\"has-text-align-center\"><strong>Hogyan k\u00f6zlekedj Izraelben?<\/strong><\/p>\n\n\n\n<p>Eilatban, valamint Eilat \u00e9s Jeruzs\u00e1lem k\u00f6z\u00f6tt megb\u00edzhat\u00f3 \u00e9s helyi viszonyokhoz m\u00e9rten olcs\u00f3 a buszos k\u00f6zleked\u00e9s, azonban p\u00e9ntek d\u00e9lut\u00e1nt\u00f3l szombat estig korl\u00e1tozottan k\u00f6zlekednek a j\u00e1ratok, \u00edgy mindenk\u00e9pp t\u00e1j\u00e9koz\u00f3djatok el\u0151re, ha p\u00e9nteken vagy szombaton kell k\u00f6zlekednetek az orsz\u00e1gon bel\u00fcl!<\/p>\n\n\n\n<p class=\"has-text-align-center\"><strong>Hol foglalj sz\u00e1ll\u00e1st?<\/strong><\/p>\n\n\n\n<p>Eilatban a sz\u00e1ll\u00e1shelyek viszonylag dr\u00e1g\u00e1k, c\u00e9lszer\u0171 a tengert\u0151l 10-15 percnyi s\u00e9t\u00e1ra keresni apartmanokat, m\u00e1r csak az\u00e9rt is, mert sokkal olcs\u00f3bb a supermarketben bev\u00e1s\u00e1rolni, \u00e9s magunknak \u00e9telt k\u00e9sz\u00edteni, mint elmenni \u00e9ttermekbe. 2 f\u0151s apartmant 1 \u00e9jszak\u00e1ra nagyj\u00e1b\u00f3l 20-25 4 f\u0151s apartmant pedig 1 \u00e9jszak\u00e1ra nagyj\u00e1b\u00f3l 25-30 ezer forintt\u00f3l lehet foglalni. \u00c9rdemes t\u00f6bb sz\u00e1ll\u00e1sfoglal\u00f3 oldalt is megn\u00e9zni a foglal\u00e1s el\u0151tt.<\/p>\n\n\n\n<p class=\"has-text-align-center\"><strong>Mi az, amit ne hagyj ki?<\/strong><\/p>\n\n\n\n<ul class=\"wp-block-list\">\n<li>Snorkel felszerel\u00e9st mindenk\u00e9pp vigy\u00e9l magaddal Eilatba, hiszen a V\u00f6r\u00f6s-tenger \u00e9l\u0151vil\u00e1ga itt is csod\u00e1latos. A legszebb korallz\u00e1tony a v\u00e1rosk\u00f6zpontt\u00f3l 3-4 kilom\u00e9terre, az Egyiptomi hat\u00e1r k\u00f6zel\u00e9ben tal\u00e1lhat\u00f3.<\/li>\n\n\n\n<li>Ha valaki eljut Eilatba, mindenk\u00e9pp utazzon el a Holt-tengerhez is, amelynek szintje \u00e9vr\u0151l-\u00e9vre apad, ki tudja, hogy h\u00e1ny \u00e9vtizedig lesz m\u00e9g l\u00e1togathat\u00f3&#8230; Legegyszer\u0171bb a helyi busszal utazni Eilatb\u00f3l Ein Bokekbe, a menetid\u0151 kb. 2 \u00f3ra, a buszjegy \u00e1ra pedig oda-vissza kb. 8 ezer forintnyi s\u00e9kel. <\/li>\n<\/ul>\n\n\n<div class=\"wp-block-image\">\n<figure class=\"aligncenter size-full is-resized\"><img loading=\"lazy\" decoding=\"async\" src=\"http:\/\/filleresutak.hu\/wp-content\/uploads\/2023\/05\/image-41.png\" alt=\"\" class=\"wp-image-2071\" width=\"577\" height=\"411\" srcset=\"https:\/\/filleresutak.hu\/wp-content\/uploads\/2023\/05\/image-41.png 899w, https:\/\/filleresutak.hu\/wp-content\/uploads\/2023\/05\/image-41-300x214.png 300w, https:\/\/filleresutak.hu\/wp-content\/uploads\/2023\/05\/image-41-768x548.png 768w\" sizes=\"auto, (max-width: 577px) 100vw, 577px\" \/><\/figure>\n<\/div>\n\n\n<ul class=\"wp-block-list\">\n<li>Eilat k\u00f6zel\u00e9ben tal\u00e1lhat\u00f3 a Red Canyon, ami egy k\u00fcl\u00f6nleges, ingyen megl\u00e1togathat\u00f3 term\u00e9szeti k\u00e9pz\u0151dm\u00e9ny. A kanyon bej\u00e1rata helyi buszj\u00e1rattal is el\u00e9rhet\u0151.<\/li>\n<\/ul>\n\n\n\n<p class=\"has-text-align-center\"><strong>Mi az, amit kihagyhatsz?<\/strong><\/p>\n\n\n\n<ul class=\"wp-block-list\">\n<li>Izraelben az \u00e9ttermek(is) meglehet\u0151sen dr\u00e1g\u00e1k, egy kisebb adag falafel is legal\u00e1bb 4 ezer forintba ker\u00fcl. Miel\u0151tt be\u00fclt\u00f6k 1-1 \u00e9tterembe, mindenk\u00e9pp n\u00e9zz\u00e9tek meg el\u0151re az \u00e9tlapot.<\/li>\n\n\n\n<li>A tengeri turisztikai attrakci\u00f3kat ne itt akarj\u00e1tok kipr\u00f3b\u00e1lni! Egy v\u00edzi ejt\u0151erny\u0151z\u00e9s vagy jet-skiz\u00e9s Izraelben egy vagyonba ker\u00fcl.<\/li>\n\n\n\n<li>Maga Eliat egy 20. sz\u00e1zadban \u00e9p\u00fclt, nem t\u00fal sz\u00e9p v\u00e1ros. T\u00f6rt\u00e9nelmi l\u00e1tnival\u00f3kat ne keressetek itt.<\/li>\n<\/ul>\n\n\n\n<p><\/p>\n","protected":false},"excerpt":{"rendered":"<p>Gyakorlati tan\u00e1csok Eilat Izrael d\u00e9li r\u00e9sz\u00e9nek \u00fcd\u00fcl\u0151v\u00e1rosa, be\u00e9kel\u0151dve Egyiptom \u00e9s Jord\u00e1nia k\u00f6z\u00e9. Eilat az\u00e9rt is<\/p>\n","protected":false},"author":1,"featured_media":0,"parent":0,"menu_order":0,"comment_status":"closed","ping_status":"closed","template":"","meta":{"footnotes":""},"class_list":["post-1060","page","type-page","status-publish","hentry"],"_links":{"self":[{"href":"https:\/\/filleresutak.hu\/index.php?rest_route=\/wp\/v2\/pages\/1060","targetHints":{"allow":["GET"]}}],"collection":[{"href":"https:\/\/filleresutak.hu\/index.php?rest_route=\/wp\/v2\/pages"}],"about":[{"href":"https:\/\/filleresutak.hu\/index.php?rest_route=\/wp\/v2\/types\/page"}],"author":[{"embeddable":true,"href":"https:\/\/filleresutak.hu\/index.php?rest_route=\/wp\/v2\/users\/1"}],"replies":[{"embeddable":true,"href":"https:\/\/filleresutak.hu\/index.php?rest_route=%2Fwp%2Fv2%2Fcomments&post=1060"}],"version-history":[{"count":2,"href":"https:\/\/filleresutak.hu\/index.php?rest_route=\/wp\/v2\/pages\/1060\/revisions"}],"predecessor-version":[{"id":2073,"href":"https:\/\/filleresutak.hu\/index.php?rest_route=\/wp\/v2\/pages\/1060\/revisions\/2073"}],"wp:attachment":[{"href":"https:\/\/filleresutak.hu\/index.php?rest_route=%2Fwp%2Fv2%2Fmedia&parent=1060"}],"curies":[{"name":"wp","href":"https:\/\/api.w.org\/{rel}","templated":true}]}}