{"id":1062,"date":"2023-03-06T10:45:52","date_gmt":"2023-03-06T10:45:52","guid":{"rendered":"http:\/\/filleresutak.hu\/?page_id=1062"},"modified":"2023-07-19T22:04:57","modified_gmt":"2023-07-19T22:04:57","slug":"malta","status":"publish","type":"page","link":"https:\/\/filleresutak.hu\/?page_id=1062","title":{"rendered":"M\u00e1lta"},"content":{"rendered":"<div class=\"wp-block-image\">\n<figure class=\"aligncenter size-full is-resized\"><a href=\"http:\/\/filleresutak.hu\/?tag=M\u00e1lta\" target=\"_blank\" rel=\"noreferrer noopener\"><img loading=\"lazy\" decoding=\"async\" src=\"http:\/\/filleresutak.hu\/wp-content\/uploads\/2023\/05\/image-34.png\" alt=\"\" class=\"wp-image-2056\" width=\"606\" height=\"165\" srcset=\"https:\/\/filleresutak.hu\/wp-content\/uploads\/2023\/05\/image-34.png 622w, https:\/\/filleresutak.hu\/wp-content\/uploads\/2023\/05\/image-34-300x82.png 300w\" sizes=\"auto, (max-width: 606px) 100vw, 606px\" \/><\/a><\/figure>\n<\/div>\n\n\n<p class=\"has-text-align-center has-x-large-font-size\"><strong>Gyakorlati tan\u00e1csok<\/strong><\/p>\n\n\n<div class=\"wp-block-image\">\n<figure class=\"aligncenter size-large is-resized\"><img loading=\"lazy\" decoding=\"async\" src=\"http:\/\/filleresutak.hu\/wp-content\/uploads\/2023\/07\/image-59-1024x755.png\" alt=\"\" class=\"wp-image-2892\" width=\"746\" height=\"550\" srcset=\"https:\/\/filleresutak.hu\/wp-content\/uploads\/2023\/07\/image-59-1024x755.png 1024w, https:\/\/filleresutak.hu\/wp-content\/uploads\/2023\/07\/image-59-300x221.png 300w, https:\/\/filleresutak.hu\/wp-content\/uploads\/2023\/07\/image-59-768x566.png 768w, https:\/\/filleresutak.hu\/wp-content\/uploads\/2023\/07\/image-59.png 1203w\" sizes=\"auto, (max-width: 746px) 100vw, 746px\" \/><\/figure>\n<\/div>\n\n\n<p>M\u00e1lta egy pici, 3 szigetb\u0151l \u00e1ll\u00f3 orsz\u00e1g a F\u00f6ldk\u00f6zi-tenger k\u00f6zep\u00e9n, nagyj\u00e1b\u00f3l egy sz\u00e9less\u00e9gi k\u00f6r\u00f6n Tun\u00e9zi\u00e1val. A ter\u00fclete mind\u00f6ssze 316 km\u00b2(Debrecen ter\u00fclete 461 km\u00b2), a lakoss\u00e1gsz\u00e1ma pedig k\u00f6r\u00fclbel\u00fcl 450 ezer f\u0151, \u00edgy sajnos el\u00e9g s\u0171r\u0171n be\u00e9p\u00edtett a sziget, \u00e9s el\u00e9g zs\u00fafoltak a v\u00e1rosok.<\/p>\n\n\n\n<p>M\u00e1lt\u00e1n j\u00fanius elej\u00e9t\u0151l okt\u00f3ber v\u00e9g\u00e9ig j\u00f3 es\u00e9llyel lehet f\u00fcrdeni a tengerben, de t\u00e9len is \u00e9rdemes a szigetre l\u00e1togatni 1-1 hossz\u00fah\u00e9tv\u00e9g\u00e9re, mivel olyankor nagyon olcs\u00f3k a sz\u00e1llod\u00e1k(wellnesshotel reggelivel 2 f\u0151nek ak\u00e1r m\u00e1r 10-12 ezer Ft\/\u00e9j-t\u0151l foglalhat\u00f3), \u00e9s a sziget telis-tele van l\u00e1tnival\u00f3kkal, \u00edgy tartalmasan el lehet t\u00f6lteni a m\u00e1ltai t\u00e9lben(kb. 15-20 fok) az id\u0151t.<\/p>\n\n\n\n<p class=\"has-text-align-center has-medium-font-size\"><strong>Beutaz\u00e1s<\/strong><\/p>\n\n\n\n<p><em>M\u00e1lta tagja az Eur\u00f3pai Uni\u00f3nak<\/em> \u00e9s a Schengeni \u00f6vezetnek. <\/p>\n\n\n\n<p class=\"has-text-align-center has-medium-font-size\"><strong>Fizet\u0151eszk\u00f6z\/\u00e1rak<\/strong><\/p>\n\n\n\n<p>Eur\u00f3. A legt\u00f6bb helyen lehet fizetni bankk\u00e1rty\u00e1val. Van 1-1 t\u00fal\u00e1razott \u00e9tterem a tengerpartokon, de egy\u00e9bk\u00e9nt M\u00e1lta egy\u00e1ltal\u00e1n nem dr\u00e1ga hely.<\/p>\n\n\n\n<p class=\"has-text-align-center has-medium-font-size\"><strong>Hogy juthatsz ide? <\/strong><\/p>\n\n\n\n<p>Rep\u00fcl\u0151vel t\u00e9len-ny\u00e1ron el\u00e9rhet\u0151 a sziget Budapestr\u0151l \u00e9s B\u00e9csb\u0151l is a Wizz Air \u00e9s a Ryanair j\u00e1rataival, emellett ny\u00e1ron charterj\u00e1ratok is k\u00f6zlekednek a szigetre.<\/p>\n\n\n\n<p class=\"has-text-align-center\"><strong>Hogyan k\u00f6zlekedj M\u00e1lt\u00e1n?<\/strong><\/p>\n\n\n\n<p>M\u00e1lt\u00e1n j\u00f3 a buszos k\u00f6zleked\u00e9s, a rept\u00e9rt\u0151l \u00e9s a f\u0151v\u00e1rost\u00f3l is el\u00e9rhet\u0151ek k\u00f6nnyen busszal a fontosabb nyaral\u00f3helyek. A buszjegyek \u00e1rai 1,5-3 Eur\u00f3 k\u00f6z\u00f6tt vannak. T\u00f6megk\u00f6zleked\u00e9s megtervez\u00e9s\u00e9hez aj\u00e1nljuk a <a rel=\"noreferrer noopener\" href=\"https:\/\/www.google.hu\/maps\/@47.2634278,16.1491195,6z?hl=hu\" data-type=\"URL\" data-id=\"https:\/\/www.google.hu\/maps\/@47.2634278,16.1491195,6z?hl=hu\" target=\"_blank\">Google \u00fatvonaltervez\u0151t<\/a> \u00e9s a <a rel=\"noreferrer noopener\" href=\"https:\/\/www.rome2rio.com\/\" data-type=\"URL\" data-id=\"https:\/\/www.rome2rio.com\/\" target=\"_blank\">Rome2Rio<\/a> oldalt. <\/p>\n\n\n\n<p class=\"has-text-align-center\"><strong>Hol foglalj sz\u00e1ll\u00e1st?<\/strong><\/p>\n\n\n\n<p>A sziget \u00e9szaki r\u00e9sz\u00e9n, \u010airkewwa, Mellie\u0127a \u00e9s San Pawl il-Ba\u0127ar k\u00f6rny\u00e9k\u00e9n \u00e9rdemes tal\u00e1n legink\u00e1bb sz\u00e1ll\u00e1st foglalni, mivel innen Gozo-szigetre is k\u00f6nny\u0171 \u00e1tjutni, valamint a strandok is eg\u00e9sz j\u00f3k. <\/p>\n\n\n\n<p class=\"has-text-align-center\"><strong>Mi az, amit ne hagyj ki?<\/strong><\/p>\n\n\n\n<ul class=\"wp-block-list\">\n<li>A f\u0151v\u00e1ros, Valetta a vil\u00e1g\u00f6r\u00f6ks\u00e9g r\u00e9sze, nagyon j\u00f3l n\u00e9z ki a k\u00f6z\u00e9pkorb\u00f3l fennmaradt belv\u00e1ros. Sehol m\u00e1shol nem l\u00e1tsz ilyet Eur\u00f3p\u00e1ban.<\/li>\n<\/ul>\n\n\n<div class=\"wp-block-image\">\n<figure class=\"aligncenter size-large is-resized\"><img loading=\"lazy\" decoding=\"async\" src=\"http:\/\/filleresutak.hu\/wp-content\/uploads\/2023\/07\/image-60-1024x763.png\" alt=\"\" class=\"wp-image-2893\" width=\"693\" height=\"515\" srcset=\"https:\/\/filleresutak.hu\/wp-content\/uploads\/2023\/07\/image-60-1024x763.png 1024w, https:\/\/filleresutak.hu\/wp-content\/uploads\/2023\/07\/image-60-300x224.png 300w, https:\/\/filleresutak.hu\/wp-content\/uploads\/2023\/07\/image-60-768x572.png 768w\" sizes=\"auto, (max-width: 693px) 100vw, 693px\" \/><\/figure>\n<\/div>\n\n\n<ul class=\"wp-block-list\">\n<li>Nagyon hangulatosak a kisv\u00e1rosok kik\u00f6t\u0151i a k\u00e9kre festett cs\u00f3nakokkal.<\/li>\n\n\n\n<li>M\u00e1lta egykori f\u0151v\u00e1rosa, Mdina is mindenk\u00e9pp meg\u00e9r egy l\u00e1togat\u00e1st.<\/li>\n\n\n\n<li>Comino-szigeten a k\u00e9k lag\u00fana sokak szerint Eur\u00f3pa egyik legszebb strandja.<\/li>\n\n\n\n<li>A sziget partvonala tele van k\u00fcl\u00f6nleges sziklaform\u00e1ci\u00f3kkal.<\/li>\n<\/ul>\n\n\n<div class=\"wp-block-image\">\n<figure class=\"aligncenter size-full is-resized\"><img loading=\"lazy\" decoding=\"async\" src=\"http:\/\/filleresutak.hu\/wp-content\/uploads\/2023\/07\/image-61.png\" alt=\"\" class=\"wp-image-2894\" width=\"689\" height=\"492\" srcset=\"https:\/\/filleresutak.hu\/wp-content\/uploads\/2023\/07\/image-61.png 902w, https:\/\/filleresutak.hu\/wp-content\/uploads\/2023\/07\/image-61-300x214.png 300w, https:\/\/filleresutak.hu\/wp-content\/uploads\/2023\/07\/image-61-768x548.png 768w\" sizes=\"auto, (max-width: 689px) 100vw, 689px\" \/><\/figure>\n<\/div>\n\n\n<ul class=\"wp-block-list\">\n<li>Gozo-szigetre \u00e9rdemes \u00e1tmenni komppal, \u00e9s busszal k\u00f6rbej\u00e1rni.<\/li>\n<\/ul>\n\n\n<div class=\"wp-block-image\">\n<figure class=\"aligncenter size-large is-resized\"><img loading=\"lazy\" decoding=\"async\" src=\"http:\/\/filleresutak.hu\/wp-content\/uploads\/2023\/07\/image-62-1024x748.png\" alt=\"\" class=\"wp-image-2895\" width=\"651\" height=\"475\" srcset=\"https:\/\/filleresutak.hu\/wp-content\/uploads\/2023\/07\/image-62-1024x748.png 1024w, https:\/\/filleresutak.hu\/wp-content\/uploads\/2023\/07\/image-62-300x219.png 300w, https:\/\/filleresutak.hu\/wp-content\/uploads\/2023\/07\/image-62-768x561.png 768w, https:\/\/filleresutak.hu\/wp-content\/uploads\/2023\/07\/image-62.png 1145w\" sizes=\"auto, (max-width: 651px) 100vw, 651px\" \/><\/figure>\n<\/div>\n\n\n<p class=\"has-text-align-center\"><strong>Mi az, amit kihagyhatsz?<\/strong><\/p>\n\n\n\n<ul class=\"wp-block-list\">\n<li>M\u00e1lt\u00e1n n\u00e9pszer\u0171 l\u00e1tv\u00e1nyoss\u00e1g a &#8222;Popeye falu&#8221;, amely a 70-es \u00e9vek v\u00e9g\u00e9n \u00e9p\u00fclt egy film d\u00edszletek\u00e9nt. J\u00f3pofa, de m\u00e9giscsak egy mesters\u00e9gesen \u00e9p\u00edtett &#8222;falu&#8221;, t\u00fal sok fant\u00e1zi\u00e1t mi nem l\u00e1tunk benne.<\/li>\n\n\n\n<li>Vannak v\u00e1rosok, ahol zsebkend\u0151nyi m\u00e9ret\u0171 strandokon pr\u00f3b\u00e1l \u00f6sszezs\u00fafol\u00f3dni ny\u00e1ron t\u00f6bb ezer turista. Sz\u00e1ll\u00e1sfoglal\u00e1s el\u0151tt \u00e9rdemes megn\u00e9zni a Google-mapsen legk\u00f6zelebbi strandokat.<\/li>\n<\/ul>\n","protected":false},"excerpt":{"rendered":"<p>Gyakorlati tan\u00e1csok M\u00e1lta egy pici, 3 szigetb\u0151l \u00e1ll\u00f3 orsz\u00e1g a F\u00f6ldk\u00f6zi-tenger k\u00f6zep\u00e9n, nagyj\u00e1b\u00f3l egy sz\u00e9less\u00e9gi<\/p>\n","protected":false},"author":1,"featured_media":0,"parent":0,"menu_order":0,"comment_status":"closed","ping_status":"closed","template":"","meta":{"footnotes":""},"class_list":["post-1062","page","type-page","status-publish","hentry"],"_links":{"self":[{"href":"https:\/\/filleresutak.hu\/index.php?rest_route=\/wp\/v2\/pages\/1062","targetHints":{"allow":["GET"]}}],"collection":[{"href":"https:\/\/filleresutak.hu\/index.php?rest_route=\/wp\/v2\/pages"}],"about":[{"href":"https:\/\/filleresutak.hu\/index.php?rest_route=\/wp\/v2\/types\/page"}],"author":[{"embeddable":true,"href":"https:\/\/filleresutak.hu\/index.php?rest_route=\/wp\/v2\/users\/1"}],"replies":[{"embeddable":true,"href":"https:\/\/filleresutak.hu\/index.php?rest_route=%2Fwp%2Fv2%2Fcomments&post=1062"}],"version-history":[{"count":2,"href":"https:\/\/filleresutak.hu\/index.php?rest_route=\/wp\/v2\/pages\/1062\/revisions"}],"predecessor-version":[{"id":2896,"href":"https:\/\/filleresutak.hu\/index.php?rest_route=\/wp\/v2\/pages\/1062\/revisions\/2896"}],"wp:attachment":[{"href":"https:\/\/filleresutak.hu\/index.php?rest_route=%2Fwp%2Fv2%2Fmedia&parent=1062"}],"curies":[{"name":"wp","href":"https:\/\/api.w.org\/{rel}","templated":true}]}}