{"id":1068,"date":"2023-03-06T10:46:59","date_gmt":"2023-03-06T10:46:59","guid":{"rendered":"http:\/\/filleresutak.hu\/?page_id=1068"},"modified":"2023-06-20T07:26:14","modified_gmt":"2023-06-20T07:26:14","slug":"montenegro","status":"publish","type":"page","link":"https:\/\/filleresutak.hu\/?page_id=1068","title":{"rendered":"Montenegr\u00f3"},"content":{"rendered":"<div class=\"wp-block-image\">\n<figure class=\"aligncenter size-full is-resized\"><a href=\"http:\/\/filleresutak.hu\/?tag=montenegro\" target=\"_blank\" rel=\"noreferrer noopener\"><img loading=\"lazy\" decoding=\"async\" src=\"http:\/\/filleresutak.hu\/wp-content\/uploads\/2023\/05\/image-34.png\" alt=\"\" class=\"wp-image-2056\" width=\"606\" height=\"165\" srcset=\"https:\/\/filleresutak.hu\/wp-content\/uploads\/2023\/05\/image-34.png 622w, https:\/\/filleresutak.hu\/wp-content\/uploads\/2023\/05\/image-34-300x82.png 300w\" sizes=\"auto, (max-width: 606px) 100vw, 606px\" \/><\/a><\/figure>\n<\/div>\n\n\n<p class=\"has-text-align-center has-x-large-font-size\"><strong>Gyakorlati tan\u00e1csok<\/strong><\/p>\n\n\n\n<p>Montenegr\u00f3 egy viszonylag fiatal, 2006-ban \u00f6n\u00e1ll\u00f3sodott orsz\u00e1g. Montenegr\u00f3 sokak sz\u00e1m\u00e1ra m\u00e9g felfedezetlen, viszont akik egyszer elmennek az orsz\u00e1gba, garant\u00e1ltan megkedvelik. Sajnos, a ny\u00e1r k\u00f6zep\u00e9n hatalmas a zs\u00fafolts\u00e1g, az egy darab partmenti f\u0151\u00faton hossz\u00fa \u00f3r\u00e1kat lehet araszolni a dug\u00f3kban. Aki nyaralni szeretne, annak \u00edgy a legjobb id\u0151z\u00edt\u00e9s j\u00fanius m\u00e1sodik fele, vagy szeptember els\u0151 fele lehet. Aki pedig a term\u00e9szeti l\u00e1tnival\u00f3k miatt j\u00f6n, eg\u00e9sz \u00e9vben felkeresheti az orsz\u00e1got.<\/p>\n\n\n\n<p class=\"has-text-align-center has-medium-font-size\"> <strong>Beutaz\u00e1s<\/strong><\/p>\n\n\n\n<p><em>Montenegr\u00f3 nem tagja az Eur\u00f3pai Uni\u00f3nak<\/em>, ett\u0151l f\u00fcggetlen\u00fcl el\u00e9g az \u00faj t\u00edpus\u00fa szem\u00e9lyi a beutaz\u00e1shoz.<\/p>\n\n\n\n<p class=\"has-text-align-center has-medium-font-size\"><strong>Fizet\u0151eszk\u00f6z<\/strong><\/p>\n\n\n\n<p>Montenegr\u00f3 fizet\u0151eszk\u00f6ze az Eur\u00f3. \u00c9rdemes k\u00e9szp\u00e9nzt vinni, mivel sok helyen nem fogadnak el bankk\u00e1rty\u00e1t.<\/p>\n\n\n\n<p class=\"has-text-align-center has-medium-font-size\"><strong>Hogy juthatsz ide? <\/strong><\/p>\n\n\n\n<p>Sokan aut\u00f3val indulnak \u00fatnak Montenegr\u00f3ba. A menetid\u0151 az \u00fati c\u00e9l elhelyezked\u00e9s\u00e9t\u0151l, valamint a forgalmi dug\u00f3kt\u00f3l f\u00fcgg\u0151en kb. 10-12 \u00f3ra.<\/p>\n\n\n\n<p>A Wizz Air hetente t\u00f6bb j\u00e1ratot is k\u00f6zlekedtet Podgoric\u00e1ba, ami j\u00f3 alternat\u00edv\u00e1ja a hosszas aut\u00f3z\u00e1snak. A rep\u00fcl\u0151\u00fat kb. 1 \u00f3ra Budapestt\u0151l \u00e9s a repjegyek \u00e1rai is \u00e1ltal\u00e1ban m\u00e9rs\u00e9keltek Montenegr\u00f3ba.<\/p>\n\n\n\n<p class=\"has-text-align-center\"><strong>Hogyan k\u00f6zlekedj Montenegr\u00f3ban?<\/strong><\/p>\n\n\n\n<p>Montenegr\u00f3 felfedez\u00e9s\u00e9hez hat\u00e1rozottan aj\u00e1nlott az aut\u00f3b\u00e9rl\u00e9s. Podgorica \u00e9s Bar k\u00f6z\u00f6tt egy\u00e9bk\u00e9nt j\u00e1rnak n\u00e9h\u00e1ny \u00f3r\u00e1nk\u00e9nt vonatok, valamint a f\u0151bb telep\u00fcl\u00e9sek k\u00f6z\u00f6tt van n\u00e9mi buszk\u00f6zleked\u00e9s, de sokan ink\u00e1bb taxiznak. T\u00f6megk\u00f6zleked\u00e9s megtervez\u00e9s\u00e9hez aj\u00e1nljuk a <a rel=\"noreferrer noopener\" href=\"https:\/\/www.google.hu\/maps\/@47.2634278,16.1491195,6z?hl=hu\" data-type=\"URL\" data-id=\"https:\/\/www.google.hu\/maps\/@47.2634278,16.1491195,6z?hl=hu\" target=\"_blank\">Google \u00fatvonaltervez\u0151t<\/a> \u00e9s a <a rel=\"noreferrer noopener\" href=\"https:\/\/www.rome2rio.com\/\" data-type=\"URL\" data-id=\"https:\/\/www.rome2rio.com\/\" target=\"_blank\">Rome2Rio<\/a> oldalt.<\/p>\n\n\n\n<p class=\"has-text-align-center\"><strong>Hol foglalj sz\u00e1ll\u00e1st?<\/strong><\/p>\n\n\n\n<p>Montenegr\u00f3 legszebb r\u00e9sze a Kotori-\u00f6b\u00f6l k\u00f6rny\u00e9ke, \u00edgy mi mindenk\u00e9pp ott foglaln\u00e1nk sz\u00e1ll\u00e1st. A legolcs\u00f3bb sz\u00e1ll\u00e1sok Sutomore k\u00f6rny\u00e9k\u00e9n vannak, ahol szint\u00e9n sz\u00e9p a tengerpart.<\/p>\n\n\n\n<p class=\"has-text-align-center\"><strong>Mi az, amit ne hagyj ki?<\/strong><\/p>\n\n\n\n<ul class=\"wp-block-list\">\n<li>A Kotori-\u00f6b\u00f6l l\u00e1tv\u00e1nya t\u00e9nyleg hihetetlen, nem v\u00e9letlen\u00fcl a vil\u00e1g\u00f6r\u00f6ks\u00e9g r\u00e9sze. Ha m\u00e1r ott vagyunk, ne hagyjuk ki Kotor \u00f3v\u00e1ros\u00e1t, valamint a Kotori-v\u00e1rat, ahonnan kiemelked\u0151en sz\u00e9p a panor\u00e1ma az \u00f6b\u00f6lre.<\/li>\n<\/ul>\n\n\n<div class=\"wp-block-image\">\n<figure class=\"aligncenter size-full\"><img loading=\"lazy\" decoding=\"async\" width=\"700\" height=\"566\" src=\"http:\/\/filleresutak.hu\/wp-content\/uploads\/2023\/06\/image-79.png\" alt=\"\" class=\"wp-image-2514\" srcset=\"https:\/\/filleresutak.hu\/wp-content\/uploads\/2023\/06\/image-79.png 700w, https:\/\/filleresutak.hu\/wp-content\/uploads\/2023\/06\/image-79-300x243.png 300w\" sizes=\"auto, (max-width: 700px) 100vw, 700px\" \/><\/figure>\n<\/div>\n\n\n<ul class=\"wp-block-list\">\n<li>Akik szeretnek k\u00fcl\u00f6nleges helyeken aut\u00f3zni, azok sz\u00e1m\u00e1ra izgalmas kaland lehet a kotori szerpentin, 25 hajt\u0171kanyarral, \u00fatk\u00f6zben remek kil\u00e1t\u00f3pontokkal.<\/li>\n\n\n\n<li>Petar Petrovic mauz\u00f3leuma a Lovcen-hegys\u00e9g egyik hegycs\u00facs\u00e1n tal\u00e1lhat\u00f3, ahonnan bel\u00e1tni szinte az eg\u00e9sz orsz\u00e1got.<\/li>\n<\/ul>\n\n\n<div class=\"wp-block-image\">\n<figure class=\"aligncenter size-full\"><img loading=\"lazy\" decoding=\"async\" width=\"704\" height=\"609\" src=\"http:\/\/filleresutak.hu\/wp-content\/uploads\/2023\/06\/image-80.png\" alt=\"\" class=\"wp-image-2515\" srcset=\"https:\/\/filleresutak.hu\/wp-content\/uploads\/2023\/06\/image-80.png 704w, https:\/\/filleresutak.hu\/wp-content\/uploads\/2023\/06\/image-80-300x260.png 300w\" sizes=\"auto, (max-width: 704px) 100vw, 704px\" \/><\/figure>\n<\/div>\n\n\n<ul class=\"wp-block-list\">\n<li>Montenegr\u00f3 tele van egykori er\u0151d\u00f6kkel, p\u00e9ld\u00e1ul a Gorazda-er\u0151d\u00f6t az Osztr\u00e1k-Magyar Mondarchia \u00e9p\u00edtette az 1800-as \u00e9vek v\u00e9g\u00e9n. <\/li>\n<\/ul>\n\n\n<div class=\"wp-block-image\">\n<figure class=\"aligncenter size-full\"><img loading=\"lazy\" decoding=\"async\" width=\"700\" height=\"522\" src=\"http:\/\/filleresutak.hu\/wp-content\/uploads\/2023\/06\/image-81.png\" alt=\"\" class=\"wp-image-2516\" srcset=\"https:\/\/filleresutak.hu\/wp-content\/uploads\/2023\/06\/image-81.png 700w, https:\/\/filleresutak.hu\/wp-content\/uploads\/2023\/06\/image-81-300x224.png 300w\" sizes=\"auto, (max-width: 700px) 100vw, 700px\" \/><\/figure>\n<\/div>\n\n\n<ul class=\"wp-block-list\">\n<li>Montenegr\u00f3 d\u00e9li r\u00e9sz\u00e9n(Ulcinj k\u00f6rny\u00e9ke) nagy sz\u00e1mban \u00e9lnek alb\u00e1nok, ezeken a telep\u00fcl\u00e9seken m\u00e1r hagyom\u00e1nyos baz\u00e1rokat is tal\u00e1lhatunk.<\/li>\n\n\n\n<li>A Shkodrai-t\u00f3 a Balk\u00e1n-f\u00e9lsziget legnagyobb tava, t\u00f6bb helyr\u0151l is kifejezetten sz\u00e9p a panor\u00e1m\u00e1ja.<\/li>\n\n\n\n<li>Cetinje az egykori f\u0151v\u00e1ros kifejezetten hangulatos.<\/li>\n\n\n\n<li>Podgorica k\u00f6zel\u00e9ben tal\u00e1lhat\u00f3 egy v\u00edzes\u00e9s, amit a helyiek egyszer\u0171en Nijagar\u00e1nak neveznek. Ny\u00e1ron el\u0151fordul, hogy kisz\u00e1rad, de tavasszal \u00e9s \u0151sszel mindenk\u00e9pp \u00e9rdemes felkeresni.<\/li>\n<\/ul>\n\n\n<div class=\"wp-block-image\">\n<figure class=\"aligncenter size-full\"><img loading=\"lazy\" decoding=\"async\" width=\"702\" height=\"536\" src=\"http:\/\/filleresutak.hu\/wp-content\/uploads\/2023\/06\/image-82.png\" alt=\"\" class=\"wp-image-2517\" srcset=\"https:\/\/filleresutak.hu\/wp-content\/uploads\/2023\/06\/image-82.png 702w, https:\/\/filleresutak.hu\/wp-content\/uploads\/2023\/06\/image-82-300x229.png 300w\" sizes=\"auto, (max-width: 702px) 100vw, 702px\" \/><\/figure>\n<\/div>\n\n\n<p class=\"has-text-align-center\"><strong>Mi az, amit kihagyhatsz?<\/strong><\/p>\n\n\n\n<ul class=\"wp-block-list\">\n<li>Budva \u00f3v\u00e1rosa sz\u00e9p, de a k\u00f6r\u00e9 \u00e9p\u00fclt hatalmas turistagett\u00f3 m\u00e1r kev\u00e9sb\u00e9. Az egy f\u0151re jut\u00f3 oroszok sz\u00e1ma itt a legmagasabb(m\u00e9g most a h\u00e1bor\u00fa idej\u00e9n is), parkol\u00f3helyet az \u00f3v\u00e1ros 2 kilom\u00e9teres k\u00f6rzet\u00e9ben pedig csak kihal\u00e1sos alapon lehet tal\u00e1lni.<\/li>\n\n\n\n<li>Sveti Stefan egy hagyom\u00e1nyos falub\u00f3l \u00e1talak\u00edtott luxus\u00fcd\u00fcl\u0151, a f\u00e9lszigetre bemenni nem lehet, \u00edgy b\u0151ven el\u00e9g a f\u0151\u00fat fel\u0151l l\u0151ni r\u00f3la 1-2 k\u00e9pet.<\/li>\n<\/ul>\n\n\n<div class=\"wp-block-image\">\n<figure class=\"aligncenter size-full is-resized\"><img loading=\"lazy\" decoding=\"async\" src=\"http:\/\/filleresutak.hu\/wp-content\/uploads\/2023\/06\/image-83.png\" alt=\"\" class=\"wp-image-2518\" width=\"693\" height=\"460\" srcset=\"https:\/\/filleresutak.hu\/wp-content\/uploads\/2023\/06\/image-83.png 639w, https:\/\/filleresutak.hu\/wp-content\/uploads\/2023\/06\/image-83-300x199.png 300w\" sizes=\"auto, (max-width: 693px) 100vw, 693px\" \/><\/figure>\n<\/div>\n\n\n<ul class=\"wp-block-list\">\n<li>Podgoric\u00e1t sokan Eur\u00f3pa egyik legcs\u00fany\u00e1bb f\u0151v\u00e1ros\u00e1nak tartj\u00e1k, nem alaptalanul. Nyugodtan kihagyhat\u00f3 az \u00fatitervekb\u0151l. <\/li>\n<\/ul>\n","protected":false},"excerpt":{"rendered":"<p>Gyakorlati tan\u00e1csok Montenegr\u00f3 egy viszonylag fiatal, 2006-ban \u00f6n\u00e1ll\u00f3sodott orsz\u00e1g. Montenegr\u00f3 sokak sz\u00e1m\u00e1ra m\u00e9g felfedezetlen, viszont<\/p>\n","protected":false},"author":1,"featured_media":0,"parent":0,"menu_order":0,"comment_status":"closed","ping_status":"closed","template":"","meta":{"footnotes":""},"class_list":["post-1068","page","type-page","status-publish","hentry"],"_links":{"self":[{"href":"https:\/\/filleresutak.hu\/index.php?rest_route=\/wp\/v2\/pages\/1068","targetHints":{"allow":["GET"]}}],"collection":[{"href":"https:\/\/filleresutak.hu\/index.php?rest_route=\/wp\/v2\/pages"}],"about":[{"href":"https:\/\/filleresutak.hu\/index.php?rest_route=\/wp\/v2\/types\/page"}],"author":[{"embeddable":true,"href":"https:\/\/filleresutak.hu\/index.php?rest_route=\/wp\/v2\/users\/1"}],"replies":[{"embeddable":true,"href":"https:\/\/filleresutak.hu\/index.php?rest_route=%2Fwp%2Fv2%2Fcomments&post=1068"}],"version-history":[{"count":3,"href":"https:\/\/filleresutak.hu\/index.php?rest_route=\/wp\/v2\/pages\/1068\/revisions"}],"predecessor-version":[{"id":2521,"href":"https:\/\/filleresutak.hu\/index.php?rest_route=\/wp\/v2\/pages\/1068\/revisions\/2521"}],"wp:attachment":[{"href":"https:\/\/filleresutak.hu\/index.php?rest_route=%2Fwp%2Fv2%2Fmedia&parent=1068"}],"curies":[{"name":"wp","href":"https:\/\/api.w.org\/{rel}","templated":true}]}}