{"id":1082,"date":"2023-03-06T10:48:50","date_gmt":"2023-03-06T10:48:50","guid":{"rendered":"http:\/\/filleresutak.hu\/?page_id=1082"},"modified":"2024-07-30T10:02:40","modified_gmt":"2024-07-30T10:02:40","slug":"olaszorszag-napoly-es-kornyeke","status":"publish","type":"page","link":"https:\/\/filleresutak.hu\/?page_id=1082","title":{"rendered":"Olaszorsz\u00e1g &#8211; N\u00e1poly \u00e9s k\u00f6rny\u00e9ke"},"content":{"rendered":"<div class=\"wp-block-image is-resized\">\n<figure class=\"aligncenter size-full\"><a href=\"http:\/\/filleresutak.hu\/?tag=N\u00e1poly\" target=\"_blank\" rel=\"noreferrer noopener\"><img loading=\"lazy\" decoding=\"async\" width=\"622\" height=\"170\" src=\"http:\/\/filleresutak.hu\/wp-content\/uploads\/2023\/05\/image-34.png\" alt=\"\" class=\"wp-image-2056\" srcset=\"https:\/\/filleresutak.hu\/wp-content\/uploads\/2023\/05\/image-34.png 622w, https:\/\/filleresutak.hu\/wp-content\/uploads\/2023\/05\/image-34-300x82.png 300w\" sizes=\"auto, (max-width: 622px) 100vw, 622px\" \/><\/a><\/figure>\n<\/div>\n\n\n<figure class=\"wp-block-image size-large\"><img loading=\"lazy\" decoding=\"async\" width=\"1024\" height=\"682\" src=\"https:\/\/filleresutak.hu\/wp-content\/uploads\/2024\/07\/image-127-1024x682.png\" alt=\"\" class=\"wp-image-7708\" srcset=\"https:\/\/filleresutak.hu\/wp-content\/uploads\/2024\/07\/image-127-1024x682.png 1024w, https:\/\/filleresutak.hu\/wp-content\/uploads\/2024\/07\/image-127-300x200.png 300w, https:\/\/filleresutak.hu\/wp-content\/uploads\/2024\/07\/image-127-768x512.png 768w, https:\/\/filleresutak.hu\/wp-content\/uploads\/2024\/07\/image-127.png 1280w\" sizes=\"auto, (max-width: 1024px) 100vw, 1024px\" \/><\/figure>\n\n\n\n<p class=\"has-text-align-center has-x-large-font-size\"><strong>Gyakorlati tan\u00e1csok<\/strong><\/p>\n\n\n\n<p>N\u00e1poly egy izgalmas \u00e9s egyben rendk\u00edv\u00fcl kaotikus d\u00e9l-olasz nagyv\u00e1ros, mintegy 3 milli\u00f3 lakossal. Pompeji \u00e9s a Vez\u00fav felfedez\u00e9s\u00e9vel egy kiv\u00e1l\u00f3 hossz\u00fa h\u00e9tv\u00e9g\u00e9s \u00fati c\u00e9l.<\/p>\n\n\n\n<p class=\"has-text-align-center has-medium-font-size\"><strong>Beutaz\u00e1s<\/strong><\/p>\n\n\n\n<p>Olaszorsz\u00e1g tagja az Eur\u00f3pai Uni\u00f3nak \u00e9s a Schengeni \u00f6vezetnek.<\/p>\n\n\n\n<p class=\"has-text-align-center has-medium-font-size\"><strong>Fizet\u0151eszk\u00f6z<\/strong>\/<strong>\u00e1rak<\/strong><\/p>\n\n\n\n<p>Eur\u00f3. Sok helyen lehet fizetni bankk\u00e1rty\u00e1val, azonban a piacokon, vagy kisebb vend\u00e9gl\u00e1t\u00f3-egys\u00e9gekben el\u0151fordulhat, hogy kell k\u00e9szp\u00e9nz.<\/p>\n\n\n\n<p class=\"has-text-align-center has-medium-font-size\"><strong>Hogy juthatsz ide? <\/strong><\/p>\n\n\n\n<p>N\u00e1polyba rep\u00fcl\u0151vel c\u00e9lszer\u0171 \u00e9rkezni, a Wizz Air \u00e9s a Ryanair is m\u0171k\u00f6dtet heti t\u00f6bb j\u00e1ratot is Budapest \u00e9s N\u00e1poly k\u00f6z\u00f6tt. A rept\u00e9rr\u0151l a v\u00e1ros gyorsan el\u00e9rhet\u0151 busszal(5 eur\u00f3\/jegy) vagy taxival(kb. 20 eur\u00f3\/aut\u00f3).<\/p>\n\n\n\n<p class=\"has-text-align-center\"><strong>Hogyan k\u00f6zlekedj a N\u00e1polyban?<\/strong><\/p>\n\n\n\n<p>N\u00e1polyban a legf\u0151bb l\u00e1tnival\u00f3k bej\u00e1rhat\u00f3k gyalog, emellett van 2 f\u0151 metr\u00f3vonal, amivel el\u00e9rhet\u0151ek a k\u00fcls\u0151bb v\u00e1rosr\u00e9szek is.  A 90 perces metr\u00f3jegy \u00e1ra 1,6 Eur\u00f3. Pompeji \u00e9s Herculaneum a Circumvesuviana \u00e1ltal m\u0171k\u00f6dtetett vonattal \u00e9rhet\u0151ek el, ezek a Piazza Garibaldi p\u00e1lyaudvarr\u00f3l indulnak. T\u00f6megk\u00f6zleked\u00e9s megtervez\u00e9s\u00e9hez aj\u00e1nljuk a <a href=\"https:\/\/www.google.hu\/maps\/@47.2634278,16.1491195,6z?hl=hu\" data-type=\"URL\" data-id=\"https:\/\/www.google.hu\/maps\/@47.2634278,16.1491195,6z?hl=hu\" target=\"_blank\" rel=\"noreferrer noopener\">Google \u00fatvonaltervez\u0151t<\/a> \u00e9s a <a href=\"https:\/\/www.rome2rio.com\/\" data-type=\"URL\" data-id=\"https:\/\/www.rome2rio.com\/\" target=\"_blank\" rel=\"noreferrer noopener\">Rome2Rio<\/a> oldalt.<\/p>\n\n\n<div class=\"wp-block-image\">\n<figure class=\"aligncenter size-full is-resized\"><img loading=\"lazy\" decoding=\"async\" width=\"600\" height=\"358\" src=\"https:\/\/filleresutak.hu\/wp-content\/uploads\/2024\/07\/image-128.png\" alt=\"\" class=\"wp-image-7709\" style=\"width:754px;height:auto\" srcset=\"https:\/\/filleresutak.hu\/wp-content\/uploads\/2024\/07\/image-128.png 600w, https:\/\/filleresutak.hu\/wp-content\/uploads\/2024\/07\/image-128-300x179.png 300w\" sizes=\"auto, (max-width: 600px) 100vw, 600px\" \/><\/figure>\n<\/div>\n\n\n<p class=\"has-text-align-center\"><strong>Hol foglalj sz\u00e1ll\u00e1st?<\/strong><\/p>\n\n\n\n<p>A Garibaldi k\u00f6rny\u00e9ke nem a legjobb h\u00edr\u0171 v\u00e1rosr\u00e9sz, ett\u0151l f\u00fcggetlen\u00fcl ezt a k\u00f6rny\u00e9ket aj\u00e1nljuk sz\u00e1ll\u00e1skeres\u00e9sre, mivel a belv\u00e1ros innen el\u00e9rhet\u0151 gyalog is, szint\u00e9n k\u00f6nnyen el\u00e9rhet\u0151 a p\u00e1lyaudvar is, valamint a rept\u00e9ri busz is a Garibaldira fut be.<\/p>\n\n\n\n<p class=\"has-text-align-center\"><strong>Mi az, amit ne hagyj ki?<\/strong><\/p>\n\n\n\n<ul class=\"wp-block-list\">\n<li>A N\u00e1polyi Kir\u00e1ly Palota bel\u00fcl is nagyon j\u00f3l n\u00e9z ki.<\/li>\n\n\n\n<li>Castel Sant\u2019Elmo er\u0151db\u0151l remek panor\u00e1ma ny\u00edlik N\u00e1polyra \u00e9s a Vez\u00favra.<\/li>\n\n\n\n<li>Castel Nuovo<\/li>\n<\/ul>\n\n\n\n<figure class=\"wp-block-image size-large\"><img loading=\"lazy\" decoding=\"async\" width=\"1024\" height=\"699\" src=\"https:\/\/filleresutak.hu\/wp-content\/uploads\/2024\/07\/image-131-1024x699.png\" alt=\"\" class=\"wp-image-7712\" srcset=\"https:\/\/filleresutak.hu\/wp-content\/uploads\/2024\/07\/image-131-1024x699.png 1024w, https:\/\/filleresutak.hu\/wp-content\/uploads\/2024\/07\/image-131-300x205.png 300w, https:\/\/filleresutak.hu\/wp-content\/uploads\/2024\/07\/image-131-768x524.png 768w, https:\/\/filleresutak.hu\/wp-content\/uploads\/2024\/07\/image-131.png 1280w\" sizes=\"auto, (max-width: 1024px) 100vw, 1024px\" \/><\/figure>\n\n\n\n<ul class=\"wp-block-list\">\n<li>Via Toledo &#8211; N\u00e1poly legjelent\u0151sebb bev\u00e1s\u00e1rl\u00f3utc\u00e1ja<\/li>\n\n\n\n<li>N\u00e1polyi d\u00f3m<\/li>\n\n\n\n<li>Spanyol negyed a legend\u00e1s Maradona-szent\u00e9llyel<\/li>\n\n\n\n<li>Pompeji, Herculaneum \u00e9s a Vez\u00fav is meg\u00e9r egy l\u00e1togat\u00e1st.<\/li>\n<\/ul>\n\n\n\n<figure class=\"wp-block-image size-large\"><img loading=\"lazy\" decoding=\"async\" width=\"1024\" height=\"682\" src=\"https:\/\/filleresutak.hu\/wp-content\/uploads\/2024\/07\/image-129-1024x682.png\" alt=\"\" class=\"wp-image-7710\" srcset=\"https:\/\/filleresutak.hu\/wp-content\/uploads\/2024\/07\/image-129-1024x682.png 1024w, https:\/\/filleresutak.hu\/wp-content\/uploads\/2024\/07\/image-129-300x200.png 300w, https:\/\/filleresutak.hu\/wp-content\/uploads\/2024\/07\/image-129-768x512.png 768w, https:\/\/filleresutak.hu\/wp-content\/uploads\/2024\/07\/image-129.png 1280w\" sizes=\"auto, (max-width: 1024px) 100vw, 1024px\" \/><\/figure>\n\n\n\n<ul class=\"wp-block-list\">\n<li>A Gomorra c\u00edm\u0171 sorozat rajong\u00f3i j\u00f3 ha tudj\u00e1k, hogy a h\u00edrhedt Scampia v\u00e1rosr\u00e9sz a s\u00e1rga metr\u00f3 v\u00e9g\u00e1llom\u00e1s\u00e1n\u00e1l tal\u00e1lhat\u00f3. Megtekint\u00e9s saj\u00e1t felel\u0151ss\u00e9gre. <\/li>\n<\/ul>\n\n\n\n<figure class=\"wp-block-image size-large\"><img loading=\"lazy\" decoding=\"async\" width=\"1024\" height=\"686\" src=\"https:\/\/filleresutak.hu\/wp-content\/uploads\/2024\/07\/image-130-1024x686.png\" alt=\"\" class=\"wp-image-7711\" srcset=\"https:\/\/filleresutak.hu\/wp-content\/uploads\/2024\/07\/image-130-1024x686.png 1024w, https:\/\/filleresutak.hu\/wp-content\/uploads\/2024\/07\/image-130-300x201.png 300w, https:\/\/filleresutak.hu\/wp-content\/uploads\/2024\/07\/image-130-768x514.png 768w, https:\/\/filleresutak.hu\/wp-content\/uploads\/2024\/07\/image-130.png 1280w\" sizes=\"auto, (max-width: 1024px) 100vw, 1024px\" \/><\/figure>\n\n\n\n<p><strong>TUTI TIPP: <\/strong>a v\u00e1ros egyik legjobb pizz\u00e1z\u00f3ja a Michelin-csillagos <a href=\"https:\/\/www.sorbillo.it\/gino-sorbillo-antica-pizzeria\/\" data-type=\"link\" data-id=\"https:\/\/www.sorbillo.it\/gino-sorbillo-antica-pizzeria\/\">Gino e Toto Sorbillo<\/a>, \u00e9rdemes odamenni nyit\u00e1sra, mert gyorsan megtelik a hely.<\/p>\n\n\n\n<p class=\"has-text-align-center\"><strong>Mi az, amit kihagyhatsz?<\/strong><\/p>\n\n\n\n<ul class=\"wp-block-list\">\n<li>Museo Archeologico Nazionale di Napoli annyira nem volt izgalmas.<\/li>\n\n\n\n<li>A tengerpart \u00e9s a kik\u00f6t\u0151 nem t\u00fal sz\u00e9p. <\/li>\n<\/ul>\n","protected":false},"excerpt":{"rendered":"<p>Gyakorlati tan\u00e1csok N\u00e1poly egy izgalmas \u00e9s egyben rendk\u00edv\u00fcl kaotikus d\u00e9l-olasz nagyv\u00e1ros, mintegy 3 milli\u00f3 lakossal.<\/p>\n","protected":false},"author":1,"featured_media":0,"parent":0,"menu_order":0,"comment_status":"closed","ping_status":"closed","template":"","meta":{"footnotes":""},"class_list":["post-1082","page","type-page","status-publish","hentry"],"_links":{"self":[{"href":"https:\/\/filleresutak.hu\/index.php?rest_route=\/wp\/v2\/pages\/1082","targetHints":{"allow":["GET"]}}],"collection":[{"href":"https:\/\/filleresutak.hu\/index.php?rest_route=\/wp\/v2\/pages"}],"about":[{"href":"https:\/\/filleresutak.hu\/index.php?rest_route=\/wp\/v2\/types\/page"}],"author":[{"embeddable":true,"href":"https:\/\/filleresutak.hu\/index.php?rest_route=\/wp\/v2\/users\/1"}],"replies":[{"embeddable":true,"href":"https:\/\/filleresutak.hu\/index.php?rest_route=%2Fwp%2Fv2%2Fcomments&post=1082"}],"version-history":[{"count":2,"href":"https:\/\/filleresutak.hu\/index.php?rest_route=\/wp\/v2\/pages\/1082\/revisions"}],"predecessor-version":[{"id":7713,"href":"https:\/\/filleresutak.hu\/index.php?rest_route=\/wp\/v2\/pages\/1082\/revisions\/7713"}],"wp:attachment":[{"href":"https:\/\/filleresutak.hu\/index.php?rest_route=%2Fwp%2Fv2%2Fmedia&parent=1082"}],"curies":[{"name":"wp","href":"https:\/\/api.w.org\/{rel}","templated":true}]}}