{"id":1092,"date":"2023-03-06T10:50:27","date_gmt":"2023-03-06T10:50:27","guid":{"rendered":"http:\/\/filleresutak.hu\/?page_id=1092"},"modified":"2024-07-30T09:23:01","modified_gmt":"2024-07-30T09:23:01","slug":"olaszorszag-milano-es-kornyeke","status":"publish","type":"page","link":"https:\/\/filleresutak.hu\/?page_id=1092","title":{"rendered":"Olaszorsz\u00e1g &#8211; Mil\u00e1n\u00f3 \u00e9s k\u00f6rny\u00e9ke"},"content":{"rendered":"<div class=\"wp-block-image is-resized\">\n<figure class=\"aligncenter size-full\"><a href=\"http:\/\/filleresutak.hu\/?tag=Mil\u00e1n\u00f3\" target=\"_blank\" rel=\"noreferrer noopener\"><img loading=\"lazy\" decoding=\"async\" width=\"622\" height=\"170\" src=\"http:\/\/filleresutak.hu\/wp-content\/uploads\/2023\/05\/image-34.png\" alt=\"\" class=\"wp-image-2056\" srcset=\"https:\/\/filleresutak.hu\/wp-content\/uploads\/2023\/05\/image-34.png 622w, https:\/\/filleresutak.hu\/wp-content\/uploads\/2023\/05\/image-34-300x82.png 300w\" sizes=\"auto, (max-width: 622px) 100vw, 622px\" \/><\/a><\/figure>\n<\/div>\n\n<div class=\"wp-block-image\">\n<figure class=\"aligncenter size-large\"><img loading=\"lazy\" decoding=\"async\" width=\"1024\" height=\"683\" src=\"https:\/\/filleresutak.hu\/wp-content\/uploads\/2024\/01\/image-24-1024x683.png\" alt=\"\" class=\"wp-image-4935\" srcset=\"https:\/\/filleresutak.hu\/wp-content\/uploads\/2024\/01\/image-24-1024x683.png 1024w, https:\/\/filleresutak.hu\/wp-content\/uploads\/2024\/01\/image-24-300x200.png 300w, https:\/\/filleresutak.hu\/wp-content\/uploads\/2024\/01\/image-24-768x512.png 768w, https:\/\/filleresutak.hu\/wp-content\/uploads\/2024\/01\/image-24.png 1280w\" sizes=\"auto, (max-width: 1024px) 100vw, 1024px\" \/><\/figure>\n<\/div>\n\n\n<p class=\"has-text-align-center has-x-large-font-size\"><strong>Gyakorlati tan\u00e1csok<\/strong><\/p>\n\n\n\n<p>Mil\u00e1n\u00f3 \u00c9szak-Olaszorsz\u00e1g legnagyobb, \u00e9s egyben Olaszorsz\u00e1g m\u00e1sodik legnagyobb v\u00e1rosa, rengeteg l\u00e1tnival\u00f3val, m\u00fazeummal \u00e9s vil\u00e1g\u00f6r\u00f6ks\u00e9gi helysz\u00ednnel. Tapasztalatunk szerint azonban el\u00e9g Mil\u00e1n\u00f3 belv\u00e1ros\u00e1ra 1-2 nap, egy hossz\u00fa h\u00e9tv\u00e9g\u00e9n c\u00e9lszer\u0171 egy kir\u00e1ndul\u00e1st beiktatni p\u00e9ld\u00e1ul a Como-i t\u00f3hoz.<\/p>\n\n\n\n<p class=\"has-text-align-center has-medium-font-size\"><strong>Beutaz\u00e1s<\/strong><\/p>\n\n\n\n<p>Olaszorsz\u00e1g tagja az Eur\u00f3pai Uni\u00f3nak \u00e9s a Schengeni \u00f6vezetnek.<\/p>\n\n\n\n<p class=\"has-text-align-center has-medium-font-size\"><strong>Fizet\u0151eszk\u00f6z<\/strong>\/<strong>\u00e1rak<\/strong><\/p>\n\n\n\n<p>Eur\u00f3. Szinte mindenhol lehet fizetni bankk\u00e1rty\u00e1val. A belv\u00e1rosban vannak t\u00fal\u00e1razott \u00e9ttermek \u00e9s sz\u00e1llod\u00e1k, de k\u00f6r\u00fcltekint\u0151en k\u00f6nnyen megtal\u00e1lhat\u00f3ak az \u00e1r\/\u00e9rt\u00e9k ar\u00e1nyban megfelel\u0151 helyek.<\/p>\n\n\n\n<p class=\"has-text-align-center has-medium-font-size\"><strong>Hogy juthatsz ide? <\/strong><\/p>\n\n\n\n<p>Aut\u00f3val a nett\u00f3 utaz\u00e1si id\u0151 Budapestt\u0151l k\u00f6r\u00fclbel\u00fcl 10-11 \u00f3ra. Nem aj\u00e1nlott aut\u00f3val elindulni, m\u00e1r csak az\u00e9rt sem, mert Olaszorsz\u00e1gban az \u00fczemanyag \u00e9s az aut\u00f3p\u00e1lya is kiemelked\u0151en dr\u00e1ga, tov\u00e1bb\u00e1 a parkol\u00e1s sem egyszer\u0171 Mil\u00e1n\u00f3 belv\u00e1ros\u00e1ban. <\/p>\n\n\n\n<p>Vonattal Budapestr\u0151l b\u00e9csi \u00e1tsz\u00e1ll\u00e1ssal lehet Mil\u00e1n\u00f3ba jutni. Ez a megold\u00e1s k\u00f6r\u00fclm\u00e9nyes \u00e9s dr\u00e1ga.<\/p>\n\n\n\n<p>A legegyszer\u0171bb megold\u00e1s Mil\u00e1n\u00f3 felfedez\u00e9s\u00e9hez egy\u00e9rtelm\u0171en a rep\u00fcl\u00e9s. A Ryanair a bergamo-i, a Wizz Air pedig a malpensa-i rep\u00fcl\u0151t\u00e9rre k\u00f6zlekedtet naponta ak\u00e1r t\u00f6bb j\u00e1ratot is. Budapestr\u0151l. Mindk\u00e9t rep\u00fcl\u0151t\u00e9rr\u0151l be lehet jutni busszal Mil\u00e1n\u00f3 belv\u00e1ros\u00e1ba, a buszjegy ir\u00e1nyonk\u00e9nt kb. 10 eur\u00f3.<\/p>\n\n\n\n<p class=\"has-text-align-center\"><strong>Hogyan k\u00f6zlekedj a Mil\u00e1n\u00f3ban?<\/strong><\/p>\n\n\n\n<p>C\u00e9lszer\u0171 Mil\u00e1n\u00f3ban a t\u00f6megk\u00f6zleked\u00e9st v\u00e1lasztani. A v\u00e1ros t\u00f6megk\u00f6zleked\u00e9se 4 metr\u00f3 \u00e9s 17 villamos vonalb\u00f3l \u00e1ll, amelyekkel b\u00e1rhov\u00e1 el lehet jutni a v\u00e1roson bel\u00fcl. A metr\u00f3jegy \u00e1ra 2,2 Eur\u00f3. T\u00f6megk\u00f6zleked\u00e9s megtervez\u00e9s\u00e9hez aj\u00e1nljuk a <a href=\"https:\/\/www.google.hu\/maps\/@47.2634278,16.1491195,6z?hl=hu\" data-type=\"URL\" data-id=\"https:\/\/www.google.hu\/maps\/@47.2634278,16.1491195,6z?hl=hu\" target=\"_blank\" rel=\"noreferrer noopener\">Google \u00fatvonaltervez\u0151t<\/a> \u00e9s a <a href=\"https:\/\/www.rome2rio.com\/\" data-type=\"URL\" data-id=\"https:\/\/www.rome2rio.com\/\" target=\"_blank\" rel=\"noreferrer noopener\">Rome2Rio<\/a> oldalt.<\/p>\n\n\n\n<figure class=\"wp-block-image size-large\"><img loading=\"lazy\" decoding=\"async\" width=\"1024\" height=\"724\" src=\"https:\/\/filleresutak.hu\/wp-content\/uploads\/2024\/07\/image-122-1024x724.png\" alt=\"\" class=\"wp-image-7700\" srcset=\"https:\/\/filleresutak.hu\/wp-content\/uploads\/2024\/07\/image-122-1024x724.png 1024w, https:\/\/filleresutak.hu\/wp-content\/uploads\/2024\/07\/image-122-300x212.png 300w, https:\/\/filleresutak.hu\/wp-content\/uploads\/2024\/07\/image-122-768x543.png 768w, https:\/\/filleresutak.hu\/wp-content\/uploads\/2024\/07\/image-122-1536x1086.png 1536w, https:\/\/filleresutak.hu\/wp-content\/uploads\/2024\/07\/image-122-2048x1448.png 2048w\" sizes=\"auto, (max-width: 1024px) 100vw, 1024px\" \/><\/figure>\n\n\n\n<p class=\"has-text-align-center\"><strong>Hol foglalj sz\u00e1ll\u00e1st?<\/strong><\/p>\n\n\n\n<p>Ha nem ragaszkodtok a belv\u00e1roshoz, akkor \u00e9rdemes egy k\u00fcls\u0151bb v\u00e1rosr\u00e9szben, metr\u00f3- vagy villamosmeg\u00e1ll\u00f3 k\u00f6zel\u00e9ben sz\u00e1ll\u00e1st foglalni, ahol \u00e1ltal\u00e1ban a belv\u00e1rosi \u00e1rak t\u00f6red\u00e9k\u00e9\u00e9rt tal\u00e1lhattok szob\u00e1t.<\/p>\n\n\n\n<p class=\"has-text-align-center\"><strong>Mi az, amit ne hagyj ki?<\/strong><\/p>\n\n\n\n<ul class=\"wp-block-list\">\n<li>A Mil\u00e1n\u00f3i D\u00f3m k\u00f6telez\u0151 l\u00e1tnival\u00f3, arra viszont k\u00e9sz\u00fcljetek, hogy rengetegen turista lesz a k\u00f6rny\u00e9k\u00e9n.<\/li>\n<\/ul>\n\n\n<div class=\"wp-block-image\">\n<figure class=\"aligncenter size-large\"><img loading=\"lazy\" decoding=\"async\" width=\"1024\" height=\"682\" src=\"https:\/\/filleresutak.hu\/wp-content\/uploads\/2024\/07\/image-126-1024x682.png\" alt=\"\" class=\"wp-image-7704\" srcset=\"https:\/\/filleresutak.hu\/wp-content\/uploads\/2024\/07\/image-126-1024x682.png 1024w, https:\/\/filleresutak.hu\/wp-content\/uploads\/2024\/07\/image-126-300x200.png 300w, https:\/\/filleresutak.hu\/wp-content\/uploads\/2024\/07\/image-126-768x512.png 768w, https:\/\/filleresutak.hu\/wp-content\/uploads\/2024\/07\/image-126.png 1280w\" sizes=\"auto, (max-width: 1024px) 100vw, 1024px\" \/><\/figure>\n<\/div>\n\n\n<ul class=\"wp-block-list\">\n<li>Santa Maria delle Grazie-templom(az UNESCO vil\u00e1g\u00f6r\u00f6ks\u00e9g r\u00e9sze). Itt tal\u00e1lhat\u00f3 az Utols\u00f3 Vacsora c\u00edm\u0171 fresk\u00f3, viszont ehhez el\u0151v\u00e9telben kell jegyet venni.<\/li>\n\n\n\n<li>Galleria Vittorio Emanuele II, mondjuk v\u00e1s\u00e1rolni ne itt akarjatok.<\/li>\n<\/ul>\n\n\n\n<figure class=\"wp-block-image size-large\"><img loading=\"lazy\" decoding=\"async\" width=\"1024\" height=\"731\" src=\"https:\/\/filleresutak.hu\/wp-content\/uploads\/2024\/07\/image-124-1024x731.png\" alt=\"\" class=\"wp-image-7702\" srcset=\"https:\/\/filleresutak.hu\/wp-content\/uploads\/2024\/07\/image-124-1024x731.png 1024w, https:\/\/filleresutak.hu\/wp-content\/uploads\/2024\/07\/image-124-300x214.png 300w, https:\/\/filleresutak.hu\/wp-content\/uploads\/2024\/07\/image-124-768x548.png 768w, https:\/\/filleresutak.hu\/wp-content\/uploads\/2024\/07\/image-124.png 1280w\" sizes=\"auto, (max-width: 1024px) 100vw, 1024px\" \/><\/figure>\n\n\n\n<ul class=\"wp-block-list\">\n<li>Castello Sforzesco &#8211; a mil\u00e1n\u00f3i hercegek rezidenci\u00e1ja<\/li>\n\n\n\n<li>\u00dcljetek fel egy r\u00e9gi villamosra \u00e9s fedezz\u00e9tek fel \u00fagy a v\u00e1rost!<\/li>\n<\/ul>\n\n\n\n<figure class=\"wp-block-image size-large\"><img loading=\"lazy\" decoding=\"async\" width=\"1024\" height=\"682\" src=\"https:\/\/filleresutak.hu\/wp-content\/uploads\/2024\/07\/image-123-1024x682.png\" alt=\"\" class=\"wp-image-7701\" srcset=\"https:\/\/filleresutak.hu\/wp-content\/uploads\/2024\/07\/image-123-1024x682.png 1024w, https:\/\/filleresutak.hu\/wp-content\/uploads\/2024\/07\/image-123-300x200.png 300w, https:\/\/filleresutak.hu\/wp-content\/uploads\/2024\/07\/image-123-768x512.png 768w, https:\/\/filleresutak.hu\/wp-content\/uploads\/2024\/07\/image-123.png 1280w\" sizes=\"auto, (max-width: 1024px) 100vw, 1024px\" \/><\/figure>\n\n\n\n<ul class=\"wp-block-list\">\n<li>Az olasz labdar\u00fag\u00e1s rajong\u00f3inak kihagyhatatlan a San Siro.<\/li>\n\n\n\n<li>Mil\u00e1n\u00f3 k\u00f6rny\u00e9k\u00e9n \u00e9rdemes 1-1 napot elt\u00f6lteni a Como-i t\u00f3n\u00e1l, Monz\u00e1ban \u00e9s Bergamoban is. <\/li>\n<\/ul>\n\n\n\n<p class=\"has-text-align-center\"><strong>Mi az, amit kihagyhatsz?<\/strong><\/p>\n\n\n\n<ul class=\"wp-block-list\">\n<li>A Teatro alla Scala k\u00edv\u00fclr\u0151l annyira nem nagy durran\u00e1s.<\/li>\n\n\n\n<li>A p\u00e1lyaudvar k\u00f6rny\u00e9k\u00e9n komoly el\u0151vigy\u00e1zatoss\u00e1g kell.<\/li>\n<\/ul>\n","protected":false},"excerpt":{"rendered":"<p>Gyakorlati tan\u00e1csok Mil\u00e1n\u00f3 \u00c9szak-Olaszorsz\u00e1g legnagyobb, \u00e9s egyben Olaszorsz\u00e1g m\u00e1sodik legnagyobb v\u00e1rosa, rengeteg l\u00e1tnival\u00f3val, m\u00fazeummal \u00e9s<\/p>\n","protected":false},"author":1,"featured_media":0,"parent":0,"menu_order":0,"comment_status":"closed","ping_status":"closed","template":"","meta":{"footnotes":""},"class_list":["post-1092","page","type-page","status-publish","hentry"],"_links":{"self":[{"href":"https:\/\/filleresutak.hu\/index.php?rest_route=\/wp\/v2\/pages\/1092","targetHints":{"allow":["GET"]}}],"collection":[{"href":"https:\/\/filleresutak.hu\/index.php?rest_route=\/wp\/v2\/pages"}],"about":[{"href":"https:\/\/filleresutak.hu\/index.php?rest_route=\/wp\/v2\/types\/page"}],"author":[{"embeddable":true,"href":"https:\/\/filleresutak.hu\/index.php?rest_route=\/wp\/v2\/users\/1"}],"replies":[{"embeddable":true,"href":"https:\/\/filleresutak.hu\/index.php?rest_route=%2Fwp%2Fv2%2Fcomments&post=1092"}],"version-history":[{"count":4,"href":"https:\/\/filleresutak.hu\/index.php?rest_route=\/wp\/v2\/pages\/1092\/revisions"}],"predecessor-version":[{"id":7707,"href":"https:\/\/filleresutak.hu\/index.php?rest_route=\/wp\/v2\/pages\/1092\/revisions\/7707"}],"wp:attachment":[{"href":"https:\/\/filleresutak.hu\/index.php?rest_route=%2Fwp%2Fv2%2Fmedia&parent=1092"}],"curies":[{"name":"wp","href":"https:\/\/api.w.org\/{rel}","templated":true}]}}