{"id":1145,"date":"2023-03-06T10:57:33","date_gmt":"2023-03-06T10:57:33","guid":{"rendered":"http:\/\/filleresutak.hu\/?page_id=1145"},"modified":"2023-05-25T09:17:58","modified_gmt":"2023-05-25T09:17:58","slug":"szlovakia-magas-tatra","status":"publish","type":"page","link":"https:\/\/filleresutak.hu\/?page_id=1145","title":{"rendered":"Szlov\u00e1kia &#8211; Magas-T\u00e1tra"},"content":{"rendered":"<div class=\"wp-block-image\">\n<figure class=\"aligncenter size-full is-resized\"><a href=\"http:\/\/filleresutak.hu\/?tag=magas-tatra\" target=\"_blank\" rel=\"noreferrer noopener\"><img loading=\"lazy\" decoding=\"async\" src=\"http:\/\/filleresutak.hu\/wp-content\/uploads\/2023\/05\/image-34.png\" alt=\"\" class=\"wp-image-2056\" width=\"606\" height=\"165\" srcset=\"https:\/\/filleresutak.hu\/wp-content\/uploads\/2023\/05\/image-34.png 622w, https:\/\/filleresutak.hu\/wp-content\/uploads\/2023\/05\/image-34-300x82.png 300w\" sizes=\"auto, (max-width: 606px) 100vw, 606px\" \/><\/a><\/figure>\n<\/div>\n\n\n<p class=\"has-text-align-center has-x-large-font-size\"><strong>Gyakorlati tan\u00e1csok<\/strong><\/p>\n\n\n<div class=\"wp-block-image\">\n<figure class=\"aligncenter size-full is-resized\"><img loading=\"lazy\" decoding=\"async\" src=\"http:\/\/filleresutak.hu\/wp-content\/uploads\/2023\/05\/image-97.png\" alt=\"\" class=\"wp-image-2217\" width=\"608\" height=\"487\" srcset=\"https:\/\/filleresutak.hu\/wp-content\/uploads\/2023\/05\/image-97.png 777w, https:\/\/filleresutak.hu\/wp-content\/uploads\/2023\/05\/image-97-300x241.png 300w, https:\/\/filleresutak.hu\/wp-content\/uploads\/2023\/05\/image-97-768x616.png 768w\" sizes=\"auto, (max-width: 608px) 100vw, 608px\" \/><\/figure>\n<\/div>\n\n\n<p>A Magas-T\u00e1tr\u00e1t a vil\u00e1g legkisebb alapter\u00fclet\u0171 magashegys\u00e9gek\u00e9nt tartj\u00e1k sz\u00e1mon. Fontos tudni, hogy a turista szezon j\u00fanius 15-t\u0151l november 1-ig tart, ezen id\u0151szakon k\u00edv\u00fcl a magashegyi t\u00fara\u00fatvonalak le vannak z\u00e1rva. \u00cdgy, \u00e9rdemes a ny\u00e1ri\/\u0151szi id\u0151szakra tervezni a kir\u00e1ndul\u00e1sokat. <\/p>\n\n\n\n<p class=\"has-text-align-center has-medium-font-size\"><strong>Beutaz\u00e1s<\/strong><\/p>\n\n\n\n<p>Szlov\u00e1kia tagja az Eur\u00f3pai Uni\u00f3nak \u00e9s a Schengeni \u00f6vezetnek. <\/p>\n\n\n\n<p class=\"has-text-align-center\"><strong>Fizet\u0151eszk\u00f6z<\/strong><\/p>\n\n\n\n<p>Eur\u00f3. A legt\u00f6bb helyen lehet bankk\u00e1rty\u00e1val fizetni, de p\u00e9ld\u00e1ul a parkol\u00e1shoz van, ahol csak k\u00e9szp\u00e9nzt fogadnak el.<\/p>\n\n\n\n<p class=\"has-text-align-center has-medium-font-size\"><strong>Hogy juthatsz ide? <\/strong><\/p>\n\n\n\n<p>A legegyszer\u0171bb aut\u00f3val. A pontos \u00fati c\u00e9lt\u00f3l f\u00fcgg\u0151en kb. 3,5-4,5 \u00f3ra alatt \u00e9rhet\u0151 el Budapestt\u0151l a Magas-T\u00e1tra. Aut\u00f3p\u00e1ly\u00e1t csak a Miskolc\/Kassa fel\u0151l \u00e9rkez\u0151knek \u00e9rdemes ig\u00e9nybe venni. Aki Budapest fel\u0151l utazik, annak nem kell aut\u00f3p\u00e1lya matrica, egyed\u00fcl arra kell figyelni, hogy Popr\u00e1d k\u00f6rny\u00e9k\u00e9n ne hajtsunk fel az ottani aut\u00f3p\u00e1ly\u00e1ra.<\/p>\n\n\n\n<p>T\u00f6megk\u00f6zleked\u00e9ssel kiss\u00e9 k\u00f6r\u00fclm\u00e9nyesen, t\u00f6bb \u00e1tsz\u00e1ll\u00e1ssal lehet csak eljutni. \u00c9rdekess\u00e9g, hogy a popr\u00e1di rep\u00fcl\u0151t\u00e9ren jelen van a Wizz Air egy londoni j\u00e1rattal.<\/p>\n\n\n\n<p class=\"has-text-align-center\"><strong>Hogyan k\u00f6zlekedj a Magas-T\u00e1tr\u00e1ban?<\/strong><\/p>\n\n\n\n<p>Az \u00fath\u00e1l\u00f3zat el\u00e9g j\u00f3, a t\u00fara\u00fatvonalak kiindul\u00f3pontjain\u00e1l parkol\u00f3k \u00e1llnak rendelkez\u00e9sre (a parkol\u00e1s 1 napra kb. 10 Eur\u00f3). A legmagasabb pont, ami el\u00e9rhet\u0151 aut\u00f3val, az a Csorba-t\u00f3(1346 m). <\/p>\n\n\n\n<p>A Magas-T\u00e1tra f\u0151bb telep\u00fcl\u00e9sei k\u00f6z\u00f6tt kifejezetten j\u00f3 a vonatk\u00f6zleked\u00e9s(T\u00e1trai villamos), a jegy \u00e1ra 1-2 Eur\u00f3. T\u00f6megk\u00f6zleked\u00e9s megtervez\u00e9s\u00e9hez aj\u00e1nljuk a <a rel=\"noreferrer noopener\" href=\"https:\/\/www.google.hu\/maps\/@47.2634278,16.1491195,6z?hl=hu\" data-type=\"URL\" data-id=\"https:\/\/www.google.hu\/maps\/@47.2634278,16.1491195,6z?hl=hu\" target=\"_blank\">Google \u00fatvonaltervez\u0151t<\/a> \u00e9s a <a rel=\"noreferrer noopener\" href=\"https:\/\/www.rome2rio.com\/\" data-type=\"URL\" data-id=\"https:\/\/www.rome2rio.com\/\" target=\"_blank\">Rome2Rio<\/a> oldalt.<\/p>\n\n\n<div class=\"wp-block-image\">\n<figure class=\"aligncenter size-large is-resized\"><img loading=\"lazy\" decoding=\"async\" src=\"http:\/\/filleresutak.hu\/wp-content\/uploads\/2023\/05\/image-98-1024x512.png\" alt=\"\" class=\"wp-image-2218\" width=\"627\" height=\"314\" srcset=\"https:\/\/filleresutak.hu\/wp-content\/uploads\/2023\/05\/image-98-1024x512.png 1024w, https:\/\/filleresutak.hu\/wp-content\/uploads\/2023\/05\/image-98-300x150.png 300w, https:\/\/filleresutak.hu\/wp-content\/uploads\/2023\/05\/image-98-768x384.png 768w, https:\/\/filleresutak.hu\/wp-content\/uploads\/2023\/05\/image-98.png 1100w\" sizes=\"auto, (max-width: 627px) 100vw, 627px\" \/><\/figure>\n<\/div>\n\n\n<p class=\"has-text-align-center\"><strong>Hol foglalj sz\u00e1ll\u00e1st?<\/strong><\/p>\n\n\n\n<p>A sz\u00e1ll\u00e1shelyek k\u00edn\u00e1lat\u00e1ban minden megtal\u00e1lhat\u00f3, az egyszer\u0171 vend\u00e9gh\u00e1zakt\u00f3l(10-12 ezer Ft\/2 f\u0151\/\u00e9j-t\u0151l) a 4-5 csillagos wellnesshotelekig. Az a legk\u00e9nyelmesebb, ha a villamos \u00e1ltal \u00e9rintett telep\u00fcl\u00e9seken foglalunk sz\u00e1ll\u00e1st, \u00edgy nem kell aut\u00f3zni napk\u00f6zben, \u00e9s mindenki ihat 1-2 tatra te\u00e1t a vend\u00e9gl\u0151kben. <\/p>\n\n\n\n<p>Tipp: \u00e9rdemes lehet indul\u00e1s el\u0151tt n\u00e9h\u00e1ny nappal foglalni sz\u00e1ll\u00e1shelyet, miut\u00e1n meg\u00e9zt\u00e9tek a v\u00e1rhat\u00f3 id\u0151j\u00e1r\u00e1st. Ha napokig szakad\u00f3 es\u0151 v\u00e1rhat\u00f3, akkor nem c\u00e9lszer\u0171 a T\u00e1tr\u00e1ba utazni.<\/p>\n\n\n\n<p class=\"has-text-align-center\"><strong>Mi az, amit ne hagyj ki?<\/strong><\/p>\n\n\n\n<ul class=\"wp-block-list\">\n<li>A Csorba-t\u00f3 egy kihagyhatatlan l\u00e1tnival\u00f3.<\/li>\n<\/ul>\n\n\n<div class=\"wp-block-image\">\n<figure class=\"aligncenter size-full is-resized\"><img loading=\"lazy\" decoding=\"async\" src=\"http:\/\/filleresutak.hu\/wp-content\/uploads\/2023\/05\/image-99.png\" alt=\"\" class=\"wp-image-2219\" width=\"500\" height=\"346\" srcset=\"https:\/\/filleresutak.hu\/wp-content\/uploads\/2023\/05\/image-99.png 770w, https:\/\/filleresutak.hu\/wp-content\/uploads\/2023\/05\/image-99-300x208.png 300w, https:\/\/filleresutak.hu\/wp-content\/uploads\/2023\/05\/image-99-768x532.png 768w, https:\/\/filleresutak.hu\/wp-content\/uploads\/2023\/05\/image-99-590x410.png 590w\" sizes=\"auto, (max-width: 500px) 100vw, 500px\" \/><\/figure>\n<\/div>\n\n\n<ul class=\"wp-block-list\">\n<li>A Csorba-t\u00f3 \u00e9s a Popr\u00e1di-t\u00f3 k\u00f6zti t\u00fara\u00fatvonal minden koroszt\u00e1ly sz\u00e1m\u00e1ra k\u00f6nnyen teljes\u00edthet\u0151.<\/li>\n\n\n\n<li>\u00c9rdekes l\u00e1tv\u00e1ny a Popr\u00e1di-t\u00f3 k\u00f6zel\u00e9ben tal\u00e1lhat\u00f3 <a rel=\"noreferrer noopener\" href=\"http:\/\/www.vysoketatry.com\/ciele\/scintorin\/hu.html\" data-type=\"URL\" data-id=\"http:\/\/www.vysoketatry.com\/ciele\/scintorin\/hu.html\" target=\"_blank\">szimbolikus temet\u0151<\/a>.<\/li>\n\n\n\n<li>Eg\u00e9sznapos kir\u00e1ndul\u00e1s keret\u00e9ben j\u00f3 program lehet felkeresni a T\u00e9ry mened\u00e9kh\u00e1zat, a Z\u00f6ld-tavi mened\u00e9kh\u00e1zat, vagy felmenni a Nagy-Hinc\u00f3 t\u00f3hoz. Egyik \u00fatvonalhoz sem kell extra edzetts\u00e9g.<\/li>\n<\/ul>\n\n\n<div class=\"wp-block-image\">\n<figure class=\"aligncenter size-full is-resized\"><img loading=\"lazy\" decoding=\"async\" src=\"http:\/\/filleresutak.hu\/wp-content\/uploads\/2023\/05\/image-100.png\" alt=\"\" class=\"wp-image-2220\" width=\"461\" height=\"369\" srcset=\"https:\/\/filleresutak.hu\/wp-content\/uploads\/2023\/05\/image-100.png 785w, https:\/\/filleresutak.hu\/wp-content\/uploads\/2023\/05\/image-100-300x240.png 300w, https:\/\/filleresutak.hu\/wp-content\/uploads\/2023\/05\/image-100-768x615.png 768w\" sizes=\"auto, (max-width: 461px) 100vw, 461px\" \/><\/figure>\n<\/div>\n\n\n<ul class=\"wp-block-list\">\n<li>A Csorba-t\u00f3n\u00e1l l\u00e9v\u0151 <a rel=\"noreferrer noopener\" href=\"https:\/\/furkotka.sk\/\" data-type=\"URL\" data-id=\"https:\/\/furkotka.sk\/\" target=\"_blank\">Furkota<\/a> \u00e9tterem az egyik leghangulatosabb vend\u00e9gl\u0151 a T\u00e1tr\u00e1ban, nagy plusz pont a magyar nyelv\u0171 \u00e9tlap.<\/li>\n\n\n\n<li>Aki edzettebb, annak j\u00f3 \u00e9lm\u00e9ny a Popr\u00e1di-t\u00f3t\u00f3l indulva megm\u00e1szni a 2501 m\u00e9ter magas Tengerszem-cs\u00facsot, amely egyben Lengyelorsz\u00e1g legmagasabb cs\u00facsa(pont a hegycs\u00facson fut a szlov\u00e1k-lengyel hat\u00e1r).<\/li>\n<\/ul>\n\n\n\n<p class=\"has-text-align-center\"><strong>Mi az, amit kihagyhatsz?<\/strong><\/p>\n\n\n\n<ul class=\"wp-block-list\">\n<li>A Lomnici cs\u00facsra fel lehet jutni felvon\u00f3val, ami nagy \u00e9lm\u00e9ny, de nem biztos, hogy meg\u00e9ri a fejenk\u00e9nt k\u00f6r\u00fclbel\u00fcl 30 ezer forintos jegy\u00e1rat. Aki szeretne magasra feljutni, az tal\u00e1l viszonylag k\u00f6nnyen megm\u00e1szhat\u00f3 k\u00e9tezres cs\u00facsokat. <\/li>\n\n\n\n<li>Maga Popr\u00e1d egy nem t\u00fal sz\u00e9p iparv\u00e1ros, t\u00fal nagy v\u00e1rosn\u00e9z\u00e9seket ne tervezzetek.<\/li>\n<\/ul>\n\n\n\n<p><\/p>\n","protected":false},"excerpt":{"rendered":"<p>Gyakorlati tan\u00e1csok A Magas-T\u00e1tr\u00e1t a vil\u00e1g legkisebb alapter\u00fclet\u0171 magashegys\u00e9gek\u00e9nt tartj\u00e1k sz\u00e1mon. Fontos tudni, hogy a<\/p>\n","protected":false},"author":1,"featured_media":0,"parent":0,"menu_order":0,"comment_status":"closed","ping_status":"closed","template":"","meta":{"footnotes":""},"class_list":["post-1145","page","type-page","status-publish","hentry"],"_links":{"self":[{"href":"https:\/\/filleresutak.hu\/index.php?rest_route=\/wp\/v2\/pages\/1145","targetHints":{"allow":["GET"]}}],"collection":[{"href":"https:\/\/filleresutak.hu\/index.php?rest_route=\/wp\/v2\/pages"}],"about":[{"href":"https:\/\/filleresutak.hu\/index.php?rest_route=\/wp\/v2\/types\/page"}],"author":[{"embeddable":true,"href":"https:\/\/filleresutak.hu\/index.php?rest_route=\/wp\/v2\/users\/1"}],"replies":[{"embeddable":true,"href":"https:\/\/filleresutak.hu\/index.php?rest_route=%2Fwp%2Fv2%2Fcomments&post=1145"}],"version-history":[{"count":2,"href":"https:\/\/filleresutak.hu\/index.php?rest_route=\/wp\/v2\/pages\/1145\/revisions"}],"predecessor-version":[{"id":2223,"href":"https:\/\/filleresutak.hu\/index.php?rest_route=\/wp\/v2\/pages\/1145\/revisions\/2223"}],"wp:attachment":[{"href":"https:\/\/filleresutak.hu\/index.php?rest_route=%2Fwp%2Fv2%2Fmedia&parent=1145"}],"curies":[{"name":"wp","href":"https:\/\/api.w.org\/{rel}","templated":true}]}}