{"id":1153,"date":"2023-03-06T10:58:19","date_gmt":"2023-03-06T10:58:19","guid":{"rendered":"http:\/\/filleresutak.hu\/?page_id=1153"},"modified":"2023-05-14T12:13:03","modified_gmt":"2023-05-14T12:13:03","slug":"ukrajna-karpatalja","status":"publish","type":"page","link":"https:\/\/filleresutak.hu\/?page_id=1153","title":{"rendered":"Ukrajna &#8211; K\u00e1rp\u00e1talja"},"content":{"rendered":"<div class=\"wp-block-image\">\n<figure class=\"aligncenter size-full is-resized\"><a href=\"http:\/\/filleresutak.hu\/?tag=sharm-el-sheikh\" target=\"_blank\" rel=\"noreferrer noopener\"><img loading=\"lazy\" decoding=\"async\" src=\"http:\/\/filleresutak.hu\/wp-content\/uploads\/2023\/05\/image-34.png\" alt=\"\" class=\"wp-image-2056\" width=\"606\" height=\"165\" srcset=\"https:\/\/filleresutak.hu\/wp-content\/uploads\/2023\/05\/image-34.png 622w, https:\/\/filleresutak.hu\/wp-content\/uploads\/2023\/05\/image-34-300x82.png 300w\" sizes=\"auto, (max-width: 606px) 100vw, 606px\" \/><\/a><\/figure>\n<\/div>\n\n\n<p class=\"has-text-align-center has-x-large-font-size\"><strong>Gyakorlati tan\u00e1csok<\/strong><\/p>\n\n\n<div class=\"wp-block-image\">\n<figure class=\"aligncenter size-large is-resized\"><img loading=\"lazy\" decoding=\"async\" src=\"http:\/\/filleresutak.hu\/wp-content\/uploads\/2023\/05\/image-46-1024x597.png\" alt=\"\" class=\"wp-image-2082\" width=\"603\" height=\"351\" srcset=\"https:\/\/filleresutak.hu\/wp-content\/uploads\/2023\/05\/image-46-1024x597.png 1024w, https:\/\/filleresutak.hu\/wp-content\/uploads\/2023\/05\/image-46-300x175.png 300w, https:\/\/filleresutak.hu\/wp-content\/uploads\/2023\/05\/image-46-768x448.png 768w, https:\/\/filleresutak.hu\/wp-content\/uploads\/2023\/05\/image-46.png 1200w\" sizes=\"auto, (max-width: 603px) 100vw, 603px\" \/><\/figure>\n<\/div>\n\n\n<p>K\u00e1rp\u00e1talja Ukrajna legnyugatibb r\u00e9gi\u00f3ja, amely k\u00fcl\u00f6nleges term\u00e9szeti \u00e9s t\u00f6rt\u00e9nelmi l\u00e1tnival\u00f3kkal v\u00e1rja az odal\u00e1togat\u00f3kat. Sajnos, a 2022 febru\u00e1rj\u00e1ban kit\u00f6rt h\u00e1bor\u00fa miatt komoly fesz\u00fclts\u00e9g van orsz\u00e1gban. K\u00e1rp\u00e1talj\u00e1n ugyan nem voltak fegyveres cselekm\u00e9nyek, de a h\u00e9tk\u00f6znapi \u00e9let bizonytalann\u00e1 v\u00e1lt. A beutaz\u00e1si lehet\u0151s\u00e9gek nem v\u00e1ltoztak, \u00e9s sokan j\u00e1rnak \u00e1t jelenleg is p\u00e9ld\u00e1ul bev\u00e1s\u00e1rolni a hat\u00e1r mell\u0151l ukrajnai v\u00e1rosokba, azonban a turisztikai c\u00e9l\u00fa utaz\u00e1s jelenleg nem aj\u00e1nlott.<\/p>\n\n\n\n<p class=\"has-text-align-center has-medium-font-size\"><strong>Beutaz\u00e1s<\/strong><\/p>\n\n\n\n<p>Ukrajn\u00e1ba sz\u00fcks\u00e9ges az \u00fatlev\u00e9l.<\/p>\n\n\n\n<p class=\"has-text-align-center\"><strong>Fizet\u0151eszk\u00f6z<\/strong><\/p>\n\n\n\n<p>Ukr\u00e1n hrivnya. Az aktu\u00e1lis \u00e1rfolyam <a href=\"https:\/\/www.google.com\/search?q=hrivnya&amp;oq=hrivnya&amp;aqs=chrome..69i57j0i512l9.1898j1j9&amp;sourceid=chrome&amp;ie=UTF-8\" data-type=\"URL\" data-id=\"https:\/\/www.google.com\/search?q=hrivnya&amp;oq=hrivnya&amp;aqs=chrome..69i57j0i512l9.1898j1j9&amp;sourceid=chrome&amp;ie=UTF-8\" target=\"_blank\" rel=\"noreferrer noopener\">ITT<\/a> \u00e9rhet\u0151 el.<\/p>\n\n\n\n<p class=\"has-text-align-center has-medium-font-size\"><strong>Hogy juthatsz ide? <\/strong><\/p>\n\n\n\n<p>Legegyszer\u0171bb aut\u00f3val, Barab\u00e1sn\u00e1l, Beregsur\u00e1nyn\u00e1l, L\u00f3ny\u00e1n\u00e1l, Tiszbecsn\u00e9l \u00e9s Z\u00e1honyn\u00e1l lehet \u00e1tjutni Ukrajn\u00e1ba.<\/p>\n\n\n\n<p class=\"has-text-align-center\"><strong>Mi az, amit ne hagyj ki?<\/strong><\/p>\n\n\n\n<ul class=\"wp-block-list\">\n<li>Felfedezni Huszt v\u00e1r\u00e1t, amely K\u00f6lcseyt is megihlette. <\/li>\n<\/ul>\n\n\n<div class=\"wp-block-image\">\n<figure class=\"aligncenter size-full is-resized\"><img loading=\"lazy\" decoding=\"async\" src=\"http:\/\/filleresutak.hu\/wp-content\/uploads\/2023\/05\/image-48.png\" alt=\"\" class=\"wp-image-2084\" width=\"616\" height=\"477\" srcset=\"https:\/\/filleresutak.hu\/wp-content\/uploads\/2023\/05\/image-48.png 961w, https:\/\/filleresutak.hu\/wp-content\/uploads\/2023\/05\/image-48-300x232.png 300w, https:\/\/filleresutak.hu\/wp-content\/uploads\/2023\/05\/image-48-768x595.png 768w\" sizes=\"auto, (max-width: 616px) 100vw, 616px\" \/><\/figure>\n<\/div>\n\n\n<ul class=\"wp-block-list\">\n<li>Megn\u00e9zni Munk\u00e1cs \u00e9s Ungv\u00e1r t\u00f6rt\u00e9nelmi belv\u00e1ros\u00e1t.<\/li>\n\n\n\n<li>\u00c1tkelni Nagyszelmenc \u00e9s Kisszelmenc k\u00f6z\u00f6tt a gyalogos hat\u00e1r\u00e1tkel\u0151n.<\/li>\n\n\n\n<li>Felfedezni Kolodko-szobrokat. A mini szobrokat k\u00e9sz\u00edt\u0151, haz\u00e1nkban nagyon n\u00e9pszer\u0171 Kolodko Mih\u00e1ly K\u00e1rp\u00e1talj\u00e1r\u00f3l sz\u00e1rmazik, \u00e9s nincs olyan nagyv\u00e1ros, ahol ne tal\u00e1lkozhatn\u00e1nk a szobraival.<\/li>\n<\/ul>\n\n\n<div class=\"wp-block-image\">\n<figure class=\"aligncenter size-full\"><img loading=\"lazy\" decoding=\"async\" width=\"638\" height=\"541\" src=\"http:\/\/filleresutak.hu\/wp-content\/uploads\/2023\/05\/image-49.png\" alt=\"\" class=\"wp-image-2085\" srcset=\"https:\/\/filleresutak.hu\/wp-content\/uploads\/2023\/05\/image-49.png 638w, https:\/\/filleresutak.hu\/wp-content\/uploads\/2023\/05\/image-49-300x254.png 300w\" sizes=\"auto, (max-width: 638px) 100vw, 638px\" \/><\/figure>\n<\/div>\n\n\n<ul class=\"wp-block-list\">\n<li>Enni egy j\u00f3 borscs levest.<\/li>\n\n\n\n<li>Term\u00e9szetesen bev\u00e1s\u00e1rolni, hiszen Ukrajna j\u00f3val olcs\u00f3bb, mint Magyarorsz\u00e1g, 1 liter vodk\u00e1t p\u00e9ld\u00e1ul m\u00e1r 1500 forint\u00e9rt is lehet venni. Term\u00e9szetesen, bev\u00e1s\u00e1rl\u00e1s el\u0151tt n\u00e9zz\u00e9tek meg az aktu\u00e1lis v\u00e1mszab\u00e1lyokat!<\/li>\n<\/ul>\n\n\n\n<p><\/p>\n","protected":false},"excerpt":{"rendered":"<p>Gyakorlati tan\u00e1csok K\u00e1rp\u00e1talja Ukrajna legnyugatibb r\u00e9gi\u00f3ja, amely k\u00fcl\u00f6nleges term\u00e9szeti \u00e9s t\u00f6rt\u00e9nelmi l\u00e1tnival\u00f3kkal v\u00e1rja az odal\u00e1togat\u00f3kat.<\/p>\n","protected":false},"author":1,"featured_media":0,"parent":0,"menu_order":0,"comment_status":"closed","ping_status":"closed","template":"","meta":{"footnotes":""},"class_list":["post-1153","page","type-page","status-publish","hentry"],"_links":{"self":[{"href":"https:\/\/filleresutak.hu\/index.php?rest_route=\/wp\/v2\/pages\/1153","targetHints":{"allow":["GET"]}}],"collection":[{"href":"https:\/\/filleresutak.hu\/index.php?rest_route=\/wp\/v2\/pages"}],"about":[{"href":"https:\/\/filleresutak.hu\/index.php?rest_route=\/wp\/v2\/types\/page"}],"author":[{"embeddable":true,"href":"https:\/\/filleresutak.hu\/index.php?rest_route=\/wp\/v2\/users\/1"}],"replies":[{"embeddable":true,"href":"https:\/\/filleresutak.hu\/index.php?rest_route=%2Fwp%2Fv2%2Fcomments&post=1153"}],"version-history":[{"count":2,"href":"https:\/\/filleresutak.hu\/index.php?rest_route=\/wp\/v2\/pages\/1153\/revisions"}],"predecessor-version":[{"id":2086,"href":"https:\/\/filleresutak.hu\/index.php?rest_route=\/wp\/v2\/pages\/1153\/revisions\/2086"}],"wp:attachment":[{"href":"https:\/\/filleresutak.hu\/index.php?rest_route=%2Fwp%2Fv2%2Fmedia&parent=1153"}],"curies":[{"name":"wp","href":"https:\/\/api.w.org\/{rel}","templated":true}]}}