{"id":2309,"date":"2023-06-05T10:19:36","date_gmt":"2023-06-05T10:19:36","guid":{"rendered":"http:\/\/filleresutak.hu\/?page_id=2309"},"modified":"2023-06-05T10:19:36","modified_gmt":"2023-06-05T10:19:36","slug":"hogy-foglalj-szallast","status":"publish","type":"page","link":"https:\/\/filleresutak.hu\/?page_id=2309","title":{"rendered":"Hogy foglalj sz\u00e1ll\u00e1st?"},"content":{"rendered":"\n<p>A sz\u00e1ll\u00e1sfoglal\u00e1s alapvet\u0151en egy egyszer\u0171 dolog, azonban n\u00e9h\u00e1ny dologra oda kell figyelni. <\/p>\n\n\n\n<p>A legismertebb, legn\u00e9pszer\u0171bb, legmegb\u00edzhat\u00f3bb \u00e9s sok esetben a legkedvez\u0151bb \u00e1ru sz\u00e1ll\u00e1sfoglal\u00f3 port\u00e1l a <a rel=\"noreferrer noopener\" href=\"https:\/\/www.booking.com\/index.hu.html?label=gen173nr-1BCAEoggI46AdIM1gEaGeIAQGYARG4ARfIAQzYAQHoAQGIAgGoAgO4Aofe9qMGwAIB0gIkYWM1OThlMjUtZTZkOC00ZmIxLWJlYWUtZGQyZTdkYzUzNDM42AIF4AIB&amp;sid=e221c4254b76db473406b93ee378c3f9&amp;keep_landing=1&amp;sb_price_type=total&amp;\" data-type=\"URL\" data-id=\"https:\/\/www.booking.com\/index.hu.html?label=gen173nr-1BCAEoggI46AdIM1gEaGeIAQGYARG4ARfIAQzYAQHoAQGIAgGoAgO4Aofe9qMGwAIB0gIkYWM1OThlMjUtZTZkOC00ZmIxLWJlYWUtZGQyZTdkYzUzNDM42AIF4AIB&amp;sid=e221c4254b76db473406b93ee378c3f9&amp;keep_landing=1&amp;sb_price_type=total&amp;\" target=\"_blank\">booking.com<\/a>. Ezen k\u00edv\u00fcl, t\u00f6bbek k\u00f6z\u00f6tt \u00e9rdemes lehet r\u00e1keresni a sz\u00e1ll\u00e1sokra a <a rel=\"noreferrer noopener\" href=\"https:\/\/destinia.com\/hu\/\" data-type=\"URL\" data-id=\"https:\/\/destinia.com\/hu\/\" target=\"_blank\">destinia.com<\/a>-on, az <a rel=\"noreferrer noopener\" href=\"https:\/\/www.agoda.com\/hu-hu\/\" data-type=\"URL\" data-id=\"https:\/\/www.agoda.com\/hu-hu\/\" target=\"_blank\">agoda.com<\/a>-on, a <a rel=\"noreferrer noopener\" href=\"https:\/\/hu.hotels.com\/?locale=hu_HU&amp;pos=HCOM_HU&amp;siteid=300000023\" data-type=\"URL\" data-id=\"https:\/\/hu.hotels.com\/?locale=hu_HU&amp;pos=HCOM_HU&amp;siteid=300000023\" target=\"_blank\">hotels.com<\/a>-on, valamint az \u00e1rak \u00f6sszehasonl\u00edt\u00e1s\u00e1nak c\u00e9lj\u00e1b\u00f3l a <a rel=\"noreferrer noopener\" href=\"https:\/\/www.trivago.hu\/\" data-type=\"URL\" data-id=\"https:\/\/www.trivago.hu\/\" target=\"_blank\">Trivago<\/a>-n. Az ut\u00f3bbi id\u0151ben az <a rel=\"noreferrer noopener\" href=\"https:\/\/www.aldi-utazas.hu\/hu\/\" data-type=\"URL\" data-id=\"https:\/\/www.aldi-utazas.hu\/hu\/\" target=\"_blank\">aldi-utazas.hu<\/a>-n is eg\u00e9sz j\u00f3 aj\u00e1nlatokat lehet tal\u00e1lni bizonyos \u00fati c\u00e9lokra, valamint belf\u00f6ldi sz\u00e1ll\u00e1sok eset\u00e9n a <a rel=\"noreferrer noopener\" href=\"https:\/\/szallas.hu\/\" data-type=\"URL\" data-id=\"https:\/\/szallas.hu\/\" target=\"_blank\">szallas.hu<\/a>-t is javasolt megn\u00e9zni. <\/p>\n\n\n\n<p>A sz\u00e1ll\u00e1skeres\u0151 oldalakon \u00e9rdemes a sz\u00e1motokra sz\u00fcks\u00e9ges krit\u00e9riumokat megadni(pl. saj\u00e1t strand, f\u00e9lpanzi\u00f3s ell\u00e1t\u00e1s, ingyenes parkol\u00f3, enged\u00e9lyezett h\u00e1zi\u00e1llat, stb&#8230;) \u00e9s \u00e1r szerint n\u00f6vekv\u0151 sorrendbe \u00e1ll\u00edtani a tal\u00e1latokat. Hasznos funkci\u00f3 a t\u00e9rk\u00e9pes n\u00e9zet is, ahol l\u00e1thatj\u00e1tok a sz\u00e1ll\u00e1shely elhelyezked\u00e9s\u00e9t.<\/p>\n\n\n\n<figure class=\"wp-block-image size-full\"><img loading=\"lazy\" decoding=\"async\" width=\"972\" height=\"592\" src=\"http:\/\/filleresutak.hu\/wp-content\/uploads\/2023\/06\/image-14.png\" alt=\"\" class=\"wp-image-2313\" srcset=\"https:\/\/filleresutak.hu\/wp-content\/uploads\/2023\/06\/image-14.png 972w, https:\/\/filleresutak.hu\/wp-content\/uploads\/2023\/06\/image-14-300x183.png 300w, https:\/\/filleresutak.hu\/wp-content\/uploads\/2023\/06\/image-14-768x468.png 768w\" sizes=\"auto, (max-width: 972px) 100vw, 972px\" \/><\/figure>\n\n\n\n<p>Amennyiben tal\u00e1ltok egy szimpatikus sz\u00e1ll\u00e1shelyet, akkor \u00e9rdemes m\u00e9g r\u00e1keresni a Google-\u00f6n a sz\u00e1ll\u00e1shely weboldal\u00e1ra is, mert el\u0151fordulhat, hogy a hotel saj\u00e1t oldal\u00e1n olcs\u00f3bban tudj\u00e1tok lefoglalni a szob\u00e1t, mint a sz\u00e1ll\u00e1sk\u00f6zvet\u00edt\u0151 oldalakon.<\/p>\n\n\n\n<p class=\"has-medium-font-size\"><strong>Hasznos tippek: <\/strong><\/p>\n\n\n\n<ul class=\"wp-block-list\">\n<li>Ha tal\u00e1ltok egy szimpatikus, \u00e1rban is megfelel\u0151, ingyenesen lemondhat\u00f3 sz\u00e1ll\u00e1shelyet, akkor mindenk\u00e9pp foglalj\u00e1tok le, majd az ingyenes lemond\u00e1si hat\u00e1rid\u0151 el\u0151tt n\u00e9h\u00e1ny nappal ism\u00e9t keressetek r\u00e1 a sz\u00e1ll\u00e1shelyekre. Ha tal\u00e1ltok jobbat, akkor lemondj\u00e1tok az eredeti sz\u00e1ll\u00e1shelyet, \u00e9s lefoglalj\u00e1tok az \u00fajat.<\/li>\n<\/ul>\n\n\n<div class=\"wp-block-image\">\n<figure class=\"aligncenter size-full\"><img loading=\"lazy\" decoding=\"async\" width=\"468\" height=\"116\" src=\"http:\/\/filleresutak.hu\/wp-content\/uploads\/2023\/06\/image-13.png\" alt=\"\" class=\"wp-image-2312\" srcset=\"https:\/\/filleresutak.hu\/wp-content\/uploads\/2023\/06\/image-13.png 468w, https:\/\/filleresutak.hu\/wp-content\/uploads\/2023\/06\/image-13-300x74.png 300w\" sizes=\"auto, (max-width: 468px) 100vw, 468px\" \/><\/figure>\n<\/div>\n\n\n<ul class=\"wp-block-list\">\n<li>Fontos alapszab\u00e1ly, hogy ne csillagsz\u00e1mot n\u00e9zzetek(m\u00e1r csak az\u00e9rt se, mert vannak orsz\u00e1gok, ahol az \u00e9gvil\u00e1gon semmi jelent\u0151s\u00e9ge nincs a csillagoknak, csup\u00e1n a hotel tal\u00e1lja ki mag\u00e1r\u00f3l, hogy h\u00e1ny csillagos), hanem az \u00e9rt\u00e9kel\u00e9seket. \u00c9rt\u00e9kel\u00e9seket a sz\u00e1ll\u00e1sfoglal\u00f3 oldalakon, valamint a sz\u00e1lloda nev\u00e9re r\u00e1keresve a Google-\u00f6n is tal\u00e1ltok. Olyan helyre nem c\u00e9lszer\u0171 foglalni, ahol nincs \u00e9rt\u00e9kel\u00e9s, vagy csak 1-2 darab \u00e9rt\u00e9kel\u00e9s van \u00f6sszesen. <\/li>\n<\/ul>\n\n\n\n<figure class=\"wp-block-image size-full\"><img loading=\"lazy\" decoding=\"async\" width=\"889\" height=\"175\" src=\"http:\/\/filleresutak.hu\/wp-content\/uploads\/2023\/06\/image-11.png\" alt=\"\" class=\"wp-image-2310\" srcset=\"https:\/\/filleresutak.hu\/wp-content\/uploads\/2023\/06\/image-11.png 889w, https:\/\/filleresutak.hu\/wp-content\/uploads\/2023\/06\/image-11-300x59.png 300w, https:\/\/filleresutak.hu\/wp-content\/uploads\/2023\/06\/image-11-768x151.png 768w\" sizes=\"auto, (max-width: 889px) 100vw, 889px\" \/><\/figure>\n\n\n<div class=\"wp-block-image\">\n<figure class=\"aligncenter size-full\"><img loading=\"lazy\" decoding=\"async\" width=\"889\" height=\"156\" src=\"http:\/\/filleresutak.hu\/wp-content\/uploads\/2023\/06\/image-12.png\" alt=\"\" class=\"wp-image-2311\" srcset=\"https:\/\/filleresutak.hu\/wp-content\/uploads\/2023\/06\/image-12.png 889w, https:\/\/filleresutak.hu\/wp-content\/uploads\/2023\/06\/image-12-300x53.png 300w, https:\/\/filleresutak.hu\/wp-content\/uploads\/2023\/06\/image-12-768x135.png 768w\" sizes=\"auto, (max-width: 889px) 100vw, 889px\" \/><figcaption class=\"wp-element-caption\">&#8222;\u00d6tcsillagos&#8221; hotel 5,8-as \u00e9rt\u00e9kel\u00e9ssel, vagy &#8222;n\u00e9gycsillagos&#8221; hotel 9,0-\u00e1s \u00e9rt\u00e9kel\u00e9ssel. Az ut\u00f3bbival jobban j\u00e1rtok!<\/figcaption><\/figure>\n<\/div>\n\n\n<ul class=\"wp-block-list\">\n<li>Ha kin\u00e9ztetek egy sz\u00e1ll\u00e1shelyet, mindenk\u00e9pp n\u00e9zz\u00e9tek meg a helysz\u00edn\u00e9t a Google T\u00e9rk\u00e9pen, j\u00e1rj\u00e1tok be a k\u00f6ny\u00e9k\u00e9t az utcak\u00e9p funkci\u00f3val, hogy l\u00e1ss\u00e1tok, hogy mennyire van messze a tengerpart, belv\u00e1ros, metr\u00f3meg\u00e1ll\u00f3, \u00e9ttermek, stb&#8230; Ha t\u00f6megk\u00f6zlekedni fogtok a rept\u00e9rt\u0151l a sz\u00e1ll\u00e1sig, akkor mindenk\u00e9pp keressetek r\u00e1 a <a rel=\"noreferrer noopener\" href=\"https:\/\/www.google.hu\/maps\/@41.7990031,12.2146407,10z?hl=hu\" data-type=\"URL\" data-id=\"https:\/\/www.google.hu\/maps\/@41.7990031,12.2146407,10z?hl=hu\" target=\"_blank\">Google \u00fatvonaltervez\u0151n<\/a>, vagy a <a rel=\"noreferrer noopener\" href=\"https:\/\/www.rome2rio.com\/\" data-type=\"URL\" data-id=\"https:\/\/www.rome2rio.com\/\" target=\"_blank\">rome2rio.com<\/a>-on, hogy hogyan juthattok el a sz\u00e1ll\u00e1sig, mert el\u0151fordulhat, hogy tal\u00e1ltatok egy sz\u00e9p hotelt, ahov\u00e1 nem tudtok eljutni, csak taxival, ami megdobhatja a k\u00f6lts\u00e9geket.<\/li>\n<\/ul>\n\n\n\n<p><\/p>\n","protected":false},"excerpt":{"rendered":"<p>A sz\u00e1ll\u00e1sfoglal\u00e1s alapvet\u0151en egy egyszer\u0171 dolog, azonban n\u00e9h\u00e1ny dologra oda kell figyelni. A legismertebb, legn\u00e9pszer\u0171bb,<\/p>\n","protected":false},"author":1,"featured_media":0,"parent":0,"menu_order":0,"comment_status":"closed","ping_status":"closed","template":"","meta":{"footnotes":""},"class_list":["post-2309","page","type-page","status-publish","hentry"],"_links":{"self":[{"href":"https:\/\/filleresutak.hu\/index.php?rest_route=\/wp\/v2\/pages\/2309","targetHints":{"allow":["GET"]}}],"collection":[{"href":"https:\/\/filleresutak.hu\/index.php?rest_route=\/wp\/v2\/pages"}],"about":[{"href":"https:\/\/filleresutak.hu\/index.php?rest_route=\/wp\/v2\/types\/page"}],"author":[{"embeddable":true,"href":"https:\/\/filleresutak.hu\/index.php?rest_route=\/wp\/v2\/users\/1"}],"replies":[{"embeddable":true,"href":"https:\/\/filleresutak.hu\/index.php?rest_route=%2Fwp%2Fv2%2Fcomments&post=2309"}],"version-history":[{"count":1,"href":"https:\/\/filleresutak.hu\/index.php?rest_route=\/wp\/v2\/pages\/2309\/revisions"}],"predecessor-version":[{"id":2314,"href":"https:\/\/filleresutak.hu\/index.php?rest_route=\/wp\/v2\/pages\/2309\/revisions\/2314"}],"wp:attachment":[{"href":"https:\/\/filleresutak.hu\/index.php?rest_route=%2Fwp%2Fv2%2Fmedia&parent=2309"}],"curies":[{"name":"wp","href":"https:\/\/api.w.org\/{rel}","templated":true}]}}