{"id":2388,"date":"2023-06-10T15:41:50","date_gmt":"2023-06-10T15:41:50","guid":{"rendered":"http:\/\/filleresutak.hu\/?page_id=2388"},"modified":"2026-02-14T18:03:51","modified_gmt":"2026-02-14T18:03:51","slug":"rolunk","status":"publish","type":"page","link":"https:\/\/filleresutak.hu\/?page_id=2388","title":{"rendered":"R\u00f3lunk"},"content":{"rendered":"\n<p>\u00dcdv\u00f6zl\u00fcnk a Fill\u00e9res Utak oldalon!<\/p>\n\n\n\n<p>Az oldal azzal a c\u00e9llal alakult, hogy \u00f6sszegy\u0171jtse a legjobb utaz\u00e1si aj\u00e1nlatokat, valamint utaz\u00e1ssal kapcsolatos h\u00edrekr\u0151l \u00e9s programaj\u00e1nlatokr\u00f3l t\u00e1j\u00e9koztassa az oldal k\u00f6vet\u0151it.<\/p>\n\n\n\n<p>Fontos tudnival\u00f3, hogy a Fill\u00e9res Utak oldal nem utaz\u00e1si iroda, ez\u00e9rt nem tud seg\u00edteni a foglal\u00e1sokban, valamint nem tud felel\u0151ss\u00e9get v\u00e1llalni a megjelent utaz\u00e1si aj\u00e1nlatokkal kapcsolatban. A weboldalon megjelen\u0151 cikkek linkjei k\u00f6zvetlen\u00fcl a l\u00e9git\u00e1rsas\u00e1gok weboldal\u00e1ra, valamint sz\u00e1ll\u00e1sfoglal\u00f3 oldalakra ir\u00e1ny\u00edtanak, ahol mindenki \u00f6n\u00e1ll\u00f3an foglalhatja le a rep\u00fcl\u0151jegy\u00e9t \u00e9s a sz\u00e1ll\u00e1s\u00e1t. A rep\u00fcl\u0151jegyv\u00e1s\u00e1rl\u00e1ssal, valamint sz\u00e1ll\u00e1sfoglal\u00e1ssal kapcsolatos k\u00e9rd\u00e9sekre a &#8222;Tudnival\u00f3k&#8221; f\u00fcl alatt igyeksz\u00fcnk v\u00e1laszt adni.<\/p>\n\n\n\n<p>Kellemes b\u00f6ng\u00e9sz\u00e9st, valamint j\u00f3 utat k\u00edv\u00e1nunk!<\/p>\n\n\n\n<hr class=\"wp-block-separator has-alpha-channel-opacity\"\/>\n\n\n\n<p class=\"has-medium-font-size\"><strong>El\u00e9rhet\u0151s\u00e9gek<\/strong>:<\/p>\n\n\n\n<p>A Fill\u00e9res Utak Facebook-oldala <a href=\"https:\/\/www.facebook.com\/filleresutak\" data-type=\"URL\" data-id=\"https:\/\/www.facebook.com\/filleresutak\" target=\"_blank\" rel=\"noreferrer noopener\"><strong>ITT<\/strong><\/a> \u00e9rhet\u0151 el.<\/p>\n\n\n\n<p>Egy\u00fcttm\u0171k\u00f6d\u00e9ssel, hirdet\u00e9ssel, valamint sajt\u00f3megjelen\u00e9ssel kapcsolatban az al\u00e1bbi e-mail c\u00edmre \u00edrhatnak: <strong>filleresutak@gmail.com<\/strong>.<\/p>\n\n\n\n<hr class=\"wp-block-separator has-alpha-channel-opacity\"\/>\n\n\n\n<p class=\"has-medium-font-size\"><strong>Sajt\u00f3megjelen\u00e9sek<\/strong>:<\/p>\n\n\n\n<figure class=\"wp-block-image size-full\"><a href=\"https:\/\/www.penzcentrum.hu\/utazas\/20251204\/hihetetlen-ajanlat-ilyen-olcson-kb-meg-sosem-tudtal-elutazni-olaszorszagba-1189834#\"><img loading=\"lazy\" decoding=\"async\" width=\"1000\" height=\"464\" src=\"https:\/\/filleresutak.hu\/wp-content\/uploads\/2026\/02\/image-42.png\" alt=\"\" class=\"wp-image-13965\" srcset=\"https:\/\/filleresutak.hu\/wp-content\/uploads\/2026\/02\/image-42.png 1000w, https:\/\/filleresutak.hu\/wp-content\/uploads\/2026\/02\/image-42-300x139.png 300w, https:\/\/filleresutak.hu\/wp-content\/uploads\/2026\/02\/image-42-768x356.png 768w\" sizes=\"auto, (max-width: 1000px) 100vw, 1000px\" \/><\/a><\/figure>\n\n\n\n<figure class=\"wp-block-image size-full is-resized\"><a href=\"https:\/\/www.penzcentrum.hu\/utazas\/20230314\/ennyibol-egy-nap-balaton-sem-jon-ki-igy-nyaralhatsz-35-ezer-forintbol-egy-hetig-az-adrian-1135027\" target=\"_blank\" rel=\"noreferrer noopener\"><img loading=\"lazy\" decoding=\"async\" width=\"700\" height=\"681\" src=\"http:\/\/filleresutak.hu\/wp-content\/uploads\/2023\/07\/cats.jpg\" alt=\"\" class=\"wp-image-2963\" style=\"width:674px;height:656px\" srcset=\"https:\/\/filleresutak.hu\/wp-content\/uploads\/2023\/07\/cats.jpg 700w, https:\/\/filleresutak.hu\/wp-content\/uploads\/2023\/07\/cats-300x292.jpg 300w\" sizes=\"auto, (max-width: 700px) 100vw, 700px\" \/><\/a><\/figure>\n\n\n\n<p><\/p>\n\n\n\n<figure class=\"wp-block-image size-full is-resized\"><a href=\"https:\/\/www.penzcentrum.hu\/utazas\/20230528\/fillerekert-nyaralhatsz-kretan-a-csucsszezonban-egy-hetig-ennyibol-3-nap-balaton-sem-jon-ki-1137502\" target=\"_blank\" rel=\"noreferrer noopener\"><img loading=\"lazy\" decoding=\"async\" width=\"1007\" height=\"589\" src=\"http:\/\/filleresutak.hu\/wp-content\/uploads\/2023\/06\/image-39.png\" alt=\"\" class=\"wp-image-2389\" style=\"width:686px;height:401px\" srcset=\"https:\/\/filleresutak.hu\/wp-content\/uploads\/2023\/06\/image-39.png 1007w, https:\/\/filleresutak.hu\/wp-content\/uploads\/2023\/06\/image-39-300x175.png 300w, https:\/\/filleresutak.hu\/wp-content\/uploads\/2023\/06\/image-39-768x449.png 768w\" sizes=\"auto, (max-width: 1007px) 100vw, 1007px\" \/><\/a><\/figure>\n\n\n\n<p><\/p>\n\n\n\n<hr class=\"wp-block-separator has-alpha-channel-opacity\"\/>\n\n\n\n<p><a href=\"http:\/\/filleresutak.hu\/?page_id=3\" data-type=\"URL\" data-id=\"http:\/\/filleresutak.hu\/?page_id=3\" target=\"_blank\" rel=\"noreferrer noopener\">Adatv\u00e9delmi t\u00e1j\u00e9koztat\u00f3<\/a><\/p>\n","protected":false},"excerpt":{"rendered":"<p>\u00dcdv\u00f6zl\u00fcnk a Fill\u00e9res Utak oldalon! Az oldal azzal a c\u00e9llal alakult, hogy \u00f6sszegy\u0171jtse a legjobb<\/p>\n","protected":false},"author":1,"featured_media":0,"parent":0,"menu_order":0,"comment_status":"closed","ping_status":"closed","template":"","meta":{"footnotes":""},"class_list":["post-2388","page","type-page","status-publish","hentry"],"_links":{"self":[{"href":"https:\/\/filleresutak.hu\/index.php?rest_route=\/wp\/v2\/pages\/2388","targetHints":{"allow":["GET"]}}],"collection":[{"href":"https:\/\/filleresutak.hu\/index.php?rest_route=\/wp\/v2\/pages"}],"about":[{"href":"https:\/\/filleresutak.hu\/index.php?rest_route=\/wp\/v2\/types\/page"}],"author":[{"embeddable":true,"href":"https:\/\/filleresutak.hu\/index.php?rest_route=\/wp\/v2\/users\/1"}],"replies":[{"embeddable":true,"href":"https:\/\/filleresutak.hu\/index.php?rest_route=%2Fwp%2Fv2%2Fcomments&post=2388"}],"version-history":[{"count":5,"href":"https:\/\/filleresutak.hu\/index.php?rest_route=\/wp\/v2\/pages\/2388\/revisions"}],"predecessor-version":[{"id":13967,"href":"https:\/\/filleresutak.hu\/index.php?rest_route=\/wp\/v2\/pages\/2388\/revisions\/13967"}],"wp:attachment":[{"href":"https:\/\/filleresutak.hu\/index.php?rest_route=%2Fwp%2Fv2%2Fmedia&parent=2388"}],"curies":[{"name":"wp","href":"https:\/\/api.w.org\/{rel}","templated":true}]}}