{"id":881,"date":"2023-02-28T11:57:24","date_gmt":"2023-02-28T11:57:24","guid":{"rendered":"http:\/\/filleresutak.hu\/?page_id=881"},"modified":"2023-03-10T08:03:47","modified_gmt":"2023-03-10T08:03:47","slug":"ausztria-becs-es-kornyeke","status":"publish","type":"page","link":"https:\/\/filleresutak.hu\/?page_id=881","title":{"rendered":"Ausztria &#8211; B\u00e9cs \u00e9s k\u00f6rny\u00e9ke"},"content":{"rendered":"<div class=\"wp-block-image\">\n<figure class=\"aligncenter size-full\"><a href=\"http:\/\/filleresutak.hu\/?tag=becs-vien\"><img loading=\"lazy\" decoding=\"async\" width=\"622\" height=\"170\" src=\"http:\/\/filleresutak.hu\/wp-content\/uploads\/2023\/03\/katt.jpg\" alt=\"\" class=\"wp-image-1260\" srcset=\"https:\/\/filleresutak.hu\/wp-content\/uploads\/2023\/03\/katt.jpg 622w, https:\/\/filleresutak.hu\/wp-content\/uploads\/2023\/03\/katt-300x82.jpg 300w\" sizes=\"auto, (max-width: 622px) 100vw, 622px\" \/><\/a><\/figure>\n<\/div>\n\n\n<p class=\"has-text-align-center has-large-font-size\"><strong>Gyakorlati tan\u00e1csok<\/strong><\/p>\n\n\n\n<figure class=\"wp-block-image size-large\"><img loading=\"lazy\" decoding=\"async\" width=\"1024\" height=\"379\" src=\"http:\/\/filleresutak.hu\/wp-content\/uploads\/2023\/03\/image-25-1024x379.png\" alt=\"\" class=\"wp-image-1180\" srcset=\"https:\/\/filleresutak.hu\/wp-content\/uploads\/2023\/03\/image-25-1024x379.png 1024w, https:\/\/filleresutak.hu\/wp-content\/uploads\/2023\/03\/image-25-300x111.png 300w, https:\/\/filleresutak.hu\/wp-content\/uploads\/2023\/03\/image-25-768x284.png 768w, https:\/\/filleresutak.hu\/wp-content\/uploads\/2023\/03\/image-25-1536x569.png 1536w, https:\/\/filleresutak.hu\/wp-content\/uploads\/2023\/03\/image-25.png 1890w\" sizes=\"auto, (max-width: 1024px) 100vw, 1024px\" \/><\/figure>\n\n\n\n<p><em>B\u00e9cs Ausztria f\u0151v\u00e1rosa \u00e9s egyben legnagyobb v\u00e1rosa, valamint az orsz\u00e1g kilenc sz\u00f6vets\u00e9gi tartom\u00e1nya k\u00f6z\u00fcl az egyik. B\u00e9cs az orsz\u00e1g politikai, kultur\u00e1lis, kereskedelmi, ipari \u00e9s k\u00f6zleked\u00e9si k\u00f6zpontja. 2013-ban a regisztr\u00e1lt lak\u00f3n\u00e9pess\u00e9ge meghaladta az 1,75 milli\u00f3 f\u0151t, \u00e9s ezzel Ausztria legn\u00e9pesebb, valamint az Eur\u00f3pai Uni\u00f3 5. legn\u00e9pesebb v\u00e1rosa. (Wikip\u00e9dia)<\/em><\/p>\n\n\n\n<p class=\"has-text-align-center has-medium-font-size\"><strong>Beutaz\u00e1s<\/strong><\/p>\n\n\n\n<p><em>Ausztria tagja az Eur\u00f3pai Uni\u00f3nak \u00e9s a Schengeni \u00f6vezetnek.<\/em><\/p>\n\n\n\n<p class=\"has-text-align-center has-medium-font-size\"><strong>Fizet\u0151eszk\u00f6z<\/strong><\/p>\n\n\n\n<p>Eur\u00f3. A kisebb vend\u00e9gl\u00e1t\u00f3helyeken sajnos nem fogadnak el mindenhol k\u00e1rty\u00e1t, \u00edgy \u00e9rdemes magunkkal vinni n\u00e9mi k\u00e9szp\u00e9nzt.<\/p>\n\n\n\n<p class=\"has-text-align-center has-medium-font-size\"><strong>Hogy juthatsz ide? <\/strong><\/p>\n\n\n\n<p>Aut\u00f3val optim\u00e1lis esetben k\u00e9t \u00e9s f\u00e9l \u00f3ra alatt eljuthatunk Budapestr\u0151l B\u00e9csbe, azonban ismerve az M1-es aut\u00f3p\u00e1ly\u00e1t, ink\u00e1bb sz\u00e1moljunk 3 \u00f3r\u00e1val. B\u00e9csben a parkol\u00e1s neh\u00e9zkes, \u00e9s el\u00e9g dr\u00e1ga, \u00edgy egy h\u00e9tv\u00e9gi v\u00e1rosl\u00e1togat\u00e1hoz el\u0151ny\u00f6sebb lehet a t\u00f6megk\u00f6zleked\u00e9s.<\/p>\n\n\n\n<p>B\u00e9csbe \u00f3r\u00e1nk\u00e9nt k\u00f6zlekednek <a rel=\"noreferrer noopener\" href=\"https:\/\/jegy.mav.hu\/\" data-type=\"URL\" data-id=\"https:\/\/jegy.mav.hu\/\" target=\"_blank\">vonatok<\/a> Budapestr\u0151l, a menetid\u0151 k\u00f6r\u00fclbel\u00fcl k\u00e9t \u00e9s f\u00e9l \u00f3ra, a legolcs\u00f3bb jegyek pedig egy ir\u00e1nyba nagyj\u00e1b\u00f3l 6 ezer Forintt\u00f3l kaphat\u00f3ak. B\u00e9cs \u00e9s Budapest k\u00f6z\u00f6tt t\u00f6bb buszt\u00e1rsas\u00e1g is jelen van a piacon, p\u00e9ld\u00e1ul a <a rel=\"noreferrer noopener\" href=\"https:\/\/www.flixbus.hu\/\" data-type=\"URL\" data-id=\"https:\/\/www.flixbus.hu\/\" target=\"_blank\">Flixibus<\/a>. A k\u00e9t f\u0151v\u00e1ros k\u00f6z\u00f6tt egy\u00e9bk\u00e9nt rep\u00fcl az Austrian Airlines napi t\u00f6bb j\u00e1rata is, azonban ezek a j\u00e1ratok ink\u00e1bb r\u00e1hord\u00f3 j\u00e1ratk\u00e9nt \u00fczemelnek a l\u00e9git\u00e1rsas\u00e1g hossz\u00fat\u00e1v\u00fa j\u00e1rataira.<\/p>\n\n\n\n<p class=\"has-text-align-center has-medium-font-size\"><strong>Hogyan k\u00f6zlekedj a v\u00e1rosban?<\/strong><\/p>\n\n\n\n<p>A b\u00e9csi metr\u00f3h\u00e1l\u00f3zat hossza 83 kilom\u00e9ter, \u00e9s szinte teljesen \u00e1tsz\u00f6vi a v\u00e1rost. Egy utaz\u00e1sra a jegy 2,4 \u20ac, a 24 \u00f3r\u00e1s jegy 8 \u20ac, a 72 \u00f3r\u00e1s b\u00e9rlet 17,1 \u20ac.<\/p>\n\n\n<div class=\"wp-block-image\">\n<figure class=\"aligncenter size-large\"><img loading=\"lazy\" decoding=\"async\" width=\"1024\" height=\"645\" src=\"http:\/\/filleresutak.hu\/wp-content\/uploads\/2023\/03\/image-22-1024x645.png\" alt=\"\" class=\"wp-image-1177\" srcset=\"https:\/\/filleresutak.hu\/wp-content\/uploads\/2023\/03\/image-22-1024x645.png 1024w, https:\/\/filleresutak.hu\/wp-content\/uploads\/2023\/03\/image-22-300x189.png 300w, https:\/\/filleresutak.hu\/wp-content\/uploads\/2023\/03\/image-22-768x484.png 768w, https:\/\/filleresutak.hu\/wp-content\/uploads\/2023\/03\/image-22-1536x967.png 1536w, https:\/\/filleresutak.hu\/wp-content\/uploads\/2023\/03\/image-22.png 1920w\" sizes=\"auto, (max-width: 1024px) 100vw, 1024px\" \/><figcaption class=\"wp-element-caption\"><em>A b\u00e9csi metr\u00f3 t\u00e9rk\u00e9pe.<\/em><\/figcaption><\/figure>\n<\/div>\n\n\n<p>A rep\u00fcl\u0151t\u00e9rr\u0151l vonattal lehet bejutni B\u00e9cs k\u00f6zpontj\u00e1ba. A vonatok 10-15 percenk\u00e9nt k\u00f6zlekednek.<\/p>\n\n\n\n<p class=\"has-text-align-center has-medium-font-size\"><strong>Hol foglalj sz\u00e1ll\u00e1st?<\/strong><\/p>\n\n\n\n<p>C\u00e9lszer\u0171 B\u00e9cs p\u00e1lyaudvara \u00e9s a belv\u00e1ros k\u00f6z\u00f6tti ter\u00fcleten sz\u00e1ll\u00e1st foglalni, \u00edgy gyalog k\u00f6nnyen bej\u00e1rhatjuk a legf\u0151bb nevezetess\u00e9geket.<\/p>\n\n\n\n<p class=\"has-text-align-center has-medium-font-size\"><strong>Mi az, amit ne hagyj ki?<\/strong><\/p>\n\n\n\n<ul class=\"wp-block-list\">\n<li>Stephansdom, 136 m\u00e9teres magass\u00e1g\u00e1val Ausztria legmagasabb temploma, B\u00e9cs egyik jelk\u00e9pe.<\/li>\n\n\n\n<li>Sch\u00f6nbrunni kast\u00e9ly:, a Habsburgok egykori ny\u00e1ri rezidenci\u00e1ja. <\/li>\n<\/ul>\n\n\n<div class=\"wp-block-image\">\n<figure class=\"aligncenter size-full\"><img loading=\"lazy\" decoding=\"async\" width=\"595\" height=\"332\" src=\"http:\/\/filleresutak.hu\/wp-content\/uploads\/2023\/03\/image-23.png\" alt=\"\" class=\"wp-image-1178\" srcset=\"https:\/\/filleresutak.hu\/wp-content\/uploads\/2023\/03\/image-23.png 595w, https:\/\/filleresutak.hu\/wp-content\/uploads\/2023\/03\/image-23-300x167.png 300w\" sizes=\"auto, (max-width: 595px) 100vw, 595px\" \/><\/figure>\n<\/div>\n\n\n<ul class=\"wp-block-list\">\n<li>Belvedere kast\u00e9ly \u00e9s m\u00fazeum<\/li>\n\n\n\n<li>Kar\u00e1csonyi v\u00e1s\u00e1r: \u00e9vente t\u00f6bb t\u00edzezer magyar l\u00e1togatja meg, nem v\u00e9letlen\u00fcl.<\/li>\n\n\n\n<li>Johann Strauss eml\u00e9km\u0171, egy k\u00fcl\u00f6nleges aranyozott szobor, amely a zeneszerz\u0151t \u00e1br\u00e1zolja.<\/li>\n\n\n\n<li>A B\u00e9csi M\u0171v\u00e9szett\u00f6rt\u00e9neti M\u00fazeum, sz\u00e1mtalan vil\u00e1gh\u00edr\u0171 m\u0171v\u00e9szeti alkot\u00e1ssal.<\/li>\n<\/ul>\n\n\n<div class=\"wp-block-image\">\n<figure class=\"aligncenter size-full is-resized\"><img loading=\"lazy\" decoding=\"async\" src=\"http:\/\/filleresutak.hu\/wp-content\/uploads\/2023\/03\/image-24.png\" alt=\"\" class=\"wp-image-1179\" width=\"586\" height=\"373\" srcset=\"https:\/\/filleresutak.hu\/wp-content\/uploads\/2023\/03\/image-24.png 888w, https:\/\/filleresutak.hu\/wp-content\/uploads\/2023\/03\/image-24-300x191.png 300w, https:\/\/filleresutak.hu\/wp-content\/uploads\/2023\/03\/image-24-768x489.png 768w\" sizes=\"auto, (max-width: 586px) 100vw, 586px\" \/><\/figure>\n<\/div>\n\n\n<ul class=\"wp-block-list\">\n<li>Enni egy hagyom\u00e1nyos b\u00e9csi szeletet \u00e9s egy Sacher tort\u00e1t. A legjobbakat <a href=\"https:\/\/www.falstaff.com\/at\/news\/top-10-best-of-wiener-schnitzel-in-wien\" data-type=\"URL\" data-id=\"https:\/\/www.falstaff.com\/at\/news\/top-10-best-of-wiener-schnitzel-in-wien\" target=\"_blank\" rel=\"noreferrer noopener\">ITT<\/a> kapod.<\/li>\n<\/ul>\n\n\n\n<p>+ 1: Parndorfi Outlet, ha aut\u00f3val \u00e9rkezel B\u00e9csbe, \u00e9rdemes odafel\u00e9 vagy visszafel\u00e9 \u00fatba ejteni.<\/p>\n\n\n\n<p class=\"has-text-align-center has-medium-font-size\"><strong>Mi az, amit kihagyhatsz?<\/strong><\/p>\n\n\n\n<ul class=\"wp-block-list\">\n<li>A Duna-part sajnos nem kapcsol\u00f3dik ugyan\u00fagy a v\u00e1roshoz, mint Budapesten. B\u00e1r, vannak kellemes parkok a foly\u00f3parton, csak ezek\u00e9rt nem \u00e9ri meg beilleszteni a v\u00e1rosn\u00e9z\u00e9sbe.<\/li>\n\n\n\n<li>A k\u00fclv\u00e1rosok nem t\u00fal sz\u00e9pek, sz\u00fcrke, egyhang\u00fa lak\u00f3telepekb\u0151l \u00e1llnak.<\/li>\n\n\n\n<li>A turist\u00e1s helyeken nagyon dr\u00e1g\u00e1k az \u00e9ttermek, \u00e9rdemes mindig 1-1 utc\u00e1val kijjebb menni, \u00e9s olyan vend\u00e9gl\u00e1t\u00f3 helyet keresni, ahol a helyiek is fogyasztanak.<\/li>\n\n\n\n<li>Westbanhof p\u00e1lyudvar k\u00f6rny\u00e9ke nem a legbiztons\u00e1gosabb hely, kicsi az es\u00e9ly b\u0171ncselekm\u00e9nyre, de az\u00e9rt \u00e9jszak\u00e1nk\u00e9nt \u00e9rdemes elker\u00fclni.<\/li>\n<\/ul>\n\n\n\n<p class=\"has-small-font-size\">(<a href=\"http:\/\/www.wien.info\" data-type=\"URL\" data-id=\"www.wien.info\" target=\"_blank\" rel=\"noreferrer noopener\">bor\u00edt\u00f3k\u00e9p<\/a>)<\/p>\n","protected":false},"excerpt":{"rendered":"<p>Gyakorlati tan\u00e1csok B\u00e9cs Ausztria f\u0151v\u00e1rosa \u00e9s egyben legnagyobb v\u00e1rosa, valamint az orsz\u00e1g kilenc sz\u00f6vets\u00e9gi tartom\u00e1nya<\/p>\n","protected":false},"author":1,"featured_media":0,"parent":0,"menu_order":0,"comment_status":"closed","ping_status":"closed","template":"","meta":{"footnotes":""},"class_list":["post-881","page","type-page","status-publish","hentry"],"_links":{"self":[{"href":"https:\/\/filleresutak.hu\/index.php?rest_route=\/wp\/v2\/pages\/881","targetHints":{"allow":["GET"]}}],"collection":[{"href":"https:\/\/filleresutak.hu\/index.php?rest_route=\/wp\/v2\/pages"}],"about":[{"href":"https:\/\/filleresutak.hu\/index.php?rest_route=\/wp\/v2\/types\/page"}],"author":[{"embeddable":true,"href":"https:\/\/filleresutak.hu\/index.php?rest_route=\/wp\/v2\/users\/1"}],"replies":[{"embeddable":true,"href":"https:\/\/filleresutak.hu\/index.php?rest_route=%2Fwp%2Fv2%2Fcomments&post=881"}],"version-history":[{"count":5,"href":"https:\/\/filleresutak.hu\/index.php?rest_route=\/wp\/v2\/pages\/881\/revisions"}],"predecessor-version":[{"id":1263,"href":"https:\/\/filleresutak.hu\/index.php?rest_route=\/wp\/v2\/pages\/881\/revisions\/1263"}],"wp:attachment":[{"href":"https:\/\/filleresutak.hu\/index.php?rest_route=%2Fwp%2Fv2%2Fmedia&parent=881"}],"curies":[{"name":"wp","href":"https:\/\/api.w.org\/{rel}","templated":true}]}}