{"id":887,"date":"2023-02-28T11:58:52","date_gmt":"2023-02-28T11:58:52","guid":{"rendered":"http:\/\/filleresutak.hu\/?page_id=887"},"modified":"2023-05-17T20:27:34","modified_gmt":"2023-05-17T20:27:34","slug":"bulgaria-napospart","status":"publish","type":"page","link":"https:\/\/filleresutak.hu\/?page_id=887","title":{"rendered":"Bulg\u00e1ria &#8211; Napospart"},"content":{"rendered":"<div class=\"wp-block-image\">\n<figure class=\"aligncenter size-full is-resized\"><a href=\"http:\/\/filleresutak.hu\/?tag=bulgaria\"><img loading=\"lazy\" decoding=\"async\" src=\"http:\/\/filleresutak.hu\/wp-content\/uploads\/2023\/05\/image-34.png\" alt=\"\" class=\"wp-image-2056\" width=\"606\" height=\"165\" srcset=\"https:\/\/filleresutak.hu\/wp-content\/uploads\/2023\/05\/image-34.png 622w, https:\/\/filleresutak.hu\/wp-content\/uploads\/2023\/05\/image-34-300x82.png 300w\" sizes=\"auto, (max-width: 606px) 100vw, 606px\" \/><\/a><\/figure>\n<\/div>\n\n\n<p class=\"has-text-align-center has-x-large-font-size\"><strong>Gyakorlati tan\u00e1csok<\/strong><\/p>\n\n\n<div class=\"wp-block-image\">\n<figure class=\"aligncenter size-large is-resized\"><img loading=\"lazy\" decoding=\"async\" src=\"http:\/\/filleresutak.hu\/wp-content\/uploads\/2023\/05\/image-36-1024x614.png\" alt=\"\" class=\"wp-image-2059\" width=\"576\" height=\"345\" srcset=\"https:\/\/filleresutak.hu\/wp-content\/uploads\/2023\/05\/image-36-1024x614.png 1024w, https:\/\/filleresutak.hu\/wp-content\/uploads\/2023\/05\/image-36-300x180.png 300w, https:\/\/filleresutak.hu\/wp-content\/uploads\/2023\/05\/image-36-768x461.png 768w, https:\/\/filleresutak.hu\/wp-content\/uploads\/2023\/05\/image-36.png 1240w\" sizes=\"auto, (max-width: 576px) 100vw, 576px\" \/><figcaption class=\"wp-element-caption\">(<a href=\"https:\/\/www.theguardian.com\/travel\/2017\/apr\/14\/holiday-beer-costs-70p-sunny-beach-bulgaria-post-office-travel-money-survey\" data-type=\"URL\" data-id=\"https:\/\/www.theguardian.com\/travel\/2017\/apr\/14\/holiday-beer-costs-70p-sunny-beach-bulgaria-post-office-travel-money-survey\" target=\"_blank\" rel=\"noreferrer noopener\">k\u00e9p<\/a>)<\/figcaption><\/figure>\n<\/div>\n\n\n<p>A Fekete-tengeri bolg\u00e1r partvid\u00e9k az egyik legolcs\u00f3bban el\u00e9rhet\u0151 tengerpart, \u00edgy rendk\u00edv\u00fcl n\u00e9pszer\u0171 a magyarok k\u00f6r\u00e9ben.<\/p>\n\n\n\n<p class=\"has-text-align-center has-medium-font-size\"><strong>Beutaz\u00e1s<\/strong><\/p>\n\n\n\n<p><em>Bulg\u00e1ria tagja az Eur\u00f3pai Uni\u00f3nak<\/em>. <\/p>\n\n\n\n<p class=\"has-text-align-center has-medium-font-size\"><strong>Fizet\u0151eszk\u00f6z<\/strong><\/p>\n\n\n\n<p>Bolg\u00e1r leva. A friss \u00e1rfolyam\u00e9rt kattints <a rel=\"noreferrer noopener\" href=\"https:\/\/www.google.com\/search?q=bgl+huf&amp;oq=&amp;aqs=chrome.0.69i59j69i57j46i199i465i512j0i512l7.1262j0j4&amp;sourceid=chrome&amp;ie=UTF-8\" data-type=\"URL\" data-id=\"https:\/\/www.google.com\/search?q=bgl+huf&amp;oq=&amp;aqs=chrome.0.69i59j69i57j46i199i465i512j0i512l7.1262j0j4&amp;sourceid=chrome&amp;ie=UTF-8\" target=\"_blank\">IDE<\/a>. A legt\u00f6bb helyen egy\u00e9bk\u00e9nt elfogadj\u00e1k az Eur\u00f3t is.<\/p>\n\n\n\n<p>Sok helyen lehet bankk\u00e1rty\u00e1val fizetni, azonban a  piacokon, kisebb vend\u00e9gl\u00e1t\u00f3helyeken, taxikban \u00e9s k\u00fcl\u00f6nf\u00e9le tengerparti turisztikai attrakci\u00f3kn\u00e1l sz\u00fcks\u00e9ges lehet a k\u00e9szp\u00e9nz.<\/p>\n\n\n\n<p class=\"has-text-align-center has-medium-font-size\"><strong>Hogy juthatsz ide? <\/strong><\/p>\n\n\n\n<p>Aut\u00f3val baromi hossz\u00fa az \u00fat a bolg\u00e1r tengerpartig, a hat\u00e1r\u00e1tkel\u00e9sekkel egy\u00fctt ny\u00e1ron ak\u00e1r 13-15 \u00f3ra is lehet az utaz\u00e1si id\u0151 Budapestr\u0151l, emellett a szerb\/rom\u00e1n\/bolg\u00e1r utak nem a legjobb \u00e1llapot\u00faak \u00e9s nem a legbiztons\u00e1gosabbak. Mi nem aj\u00e1nljuk az aut\u00f3s utaz\u00e1st, ennek ellen\u00e9re magyarok ezrei indulnak aut\u00f3val minden ny\u00e1ron Bulg\u00e1ri\u00e1ba.<\/p>\n\n\n<div class=\"wp-block-image\">\n<figure class=\"aligncenter size-full is-resized\"><img loading=\"lazy\" decoding=\"async\" src=\"http:\/\/filleresutak.hu\/wp-content\/uploads\/2023\/05\/image-37.png\" alt=\"\" class=\"wp-image-2060\" width=\"602\" height=\"335\" srcset=\"https:\/\/filleresutak.hu\/wp-content\/uploads\/2023\/05\/image-37.png 800w, https:\/\/filleresutak.hu\/wp-content\/uploads\/2023\/05\/image-37-300x167.png 300w, https:\/\/filleresutak.hu\/wp-content\/uploads\/2023\/05\/image-37-768x427.png 768w\" sizes=\"auto, (max-width: 602px) 100vw, 602px\" \/><figcaption class=\"wp-element-caption\">A hat\u00e1r\u00e1tkel\u00e9rsre v\u00e1rakoz\u00f3k sora f\u0151szezonban a szerb-bolg\u00e1r hat\u00e1ron.(<a href=\"https:\/\/sofiaglobe.com\/2018\/07\/16\/bulgarian-foreign-ministry-warns-of-traffic-congestion-at-serbian-border\/\" data-type=\"URL\" data-id=\"https:\/\/sofiaglobe.com\/2018\/07\/16\/bulgarian-foreign-ministry-warns-of-traffic-congestion-at-serbian-border\/\" target=\"_blank\" rel=\"noreferrer noopener\">k\u00e9p<\/a>)<\/figcaption><\/figure>\n<\/div>\n\n\n<p>T\u00f6bb utaz\u00e1si iroda is aj\u00e1nl buszos utaz\u00e1sokat a bolg\u00e1r tengerpartig, 16-18 \u00f3r\u00e1s menetid\u0151vel, azonban ezt az utaz\u00e1si form\u00e1t t\u00e9nyleg csak az igazi mazochist\u00e1knak aj\u00e1nljuk.<\/p>\n\n\n\n<p>Az aut\u00f3n\u00e1l \u00e9s a buszn\u00e1l sokkal gyorsabb, k\u00e9nyelmesebb \u00e9s legt\u00f6bbsz\u00f6r olcs\u00f3bb megold\u00e1s a rep\u00fcl\u0151. Burgaszba Budapestr\u0151l a Wizz Air \u00e9s a Ryanair j\u00e1rataival is el lehet jutni, Debrecenb\u0151l a Wizz, Pozsonyb\u00f3l a Ryanair k\u00f6zlekedtet j\u00e1ratot Burgaszba, B\u00e9csb\u0151l pedig Burgasz \u00e9s V\u00e1rna is el\u00e9rhet\u0151 fapadosokkal. Rep\u00fcl\u0151jegyet m\u00e9g a ny\u00e1r k\u00f6zep\u00e9re is lehet foglalni, sok esetben oda-vissza 20-30 ezer Ft alatt.<\/p>\n\n\n\n<p class=\"has-text-align-center\"><strong>Hogyan k\u00f6zlekedj Bulg\u00e1ri\u00e1ban?<\/strong><\/p>\n\n\n\n<p>Szerencs\u00e9re a fontosabb tengerparti telep\u00fcl\u00e9sek k\u00f6z\u00f6tt j\u00f3 \u00e9s olcs\u00f3 a t\u00f6megk\u00f6zleked\u00e9s, p\u00e9ld\u00e1ul a Burgaszi rept\u00e9rr\u0151l a naposparti sz\u00e1llod\u00e1khoz 8 lev\u00e1ba ker\u00fcl a buszjegy. T\u00f6megk\u00f6zleked\u00e9s megtervez\u00e9s\u00e9hez aj\u00e1nljuk a <a rel=\"noreferrer noopener\" href=\"https:\/\/www.google.hu\/maps\/@47.2634278,16.1491195,6z?hl=hu\" data-type=\"URL\" data-id=\"https:\/\/www.google.hu\/maps\/@47.2634278,16.1491195,6z?hl=hu\" target=\"_blank\">Google \u00fatvonaltervez\u0151t<\/a> \u00e9s a <a rel=\"noreferrer noopener\" href=\"https:\/\/www.rome2rio.com\/\" data-type=\"URL\" data-id=\"https:\/\/www.rome2rio.com\/\" target=\"_blank\">Rome2Rio<\/a> oldalt.<\/p>\n\n\n\n<p class=\"has-text-align-center\"><strong>Hol foglalj sz\u00e1ll\u00e1st?<\/strong><\/p>\n\n\n\n<p>A bolg\u00e1r tengerparton \u00e1ltal\u00e1ban egyforma, homokos partszakaszokat tal\u00e1lsz. \u00c9rdemes a tengerhez min\u00e9l k\u00f6zelebbi sz\u00e1ll\u00e1shelyet v\u00e1lasztani, mivel a h\u00e1ts\u00f3bb sz\u00e1llodasorokt\u00f3l 10-15 percnyit is s\u00e9t\u00e1lni kell a tengerparthoz.<\/p>\n\n\n\n<p class=\"has-text-align-center\"><strong>Mi az, amit ne hagyj ki?<\/strong><\/p>\n\n\n\n<ul class=\"wp-block-list\">\n<li>Neszeb\u00e1r \u00f3v\u00e1ros\u00e1t mindenk\u00e9pp \u00e9rdemes felkeresni.<\/li>\n\n\n\n<li>Neszeb\u00e1rb\u00f3l Szozopolba t\u00f6bb haj\u00f3t\u00e1rsas\u00e1ggal is el lehet jutni. J\u00f3 program lehet egy borong\u00f3sabb napra.<\/li>\n\n\n\n<li>Napospart k\u00f6zel\u00e9ben tal\u00e1lhat\u00f3 az Emine-fok, amely a Balk\u00e1n-hegys\u00e9g legkeletibb pontja. \u00c9rdemes felkeresni b\u00e9relt buggyval vagy quaddal.<\/li>\n<\/ul>\n\n\n<div class=\"wp-block-image\">\n<figure class=\"aligncenter size-full is-resized\"><img loading=\"lazy\" decoding=\"async\" src=\"http:\/\/filleresutak.hu\/wp-content\/uploads\/2023\/05\/image-35.png\" alt=\"\" class=\"wp-image-2058\" width=\"532\" height=\"372\" srcset=\"https:\/\/filleresutak.hu\/wp-content\/uploads\/2023\/05\/image-35.png 626w, https:\/\/filleresutak.hu\/wp-content\/uploads\/2023\/05\/image-35-300x210.png 300w\" sizes=\"auto, (max-width: 532px) 100vw, 532px\" \/><\/figure>\n<\/div>\n\n\n<ul class=\"wp-block-list\">\n<li>Sveti Vlas v\u00e1ros\u00e1t elhagyva tal\u00e1lhattok eg\u00e9szen vadreg\u00e9nyes strandokat.<\/li>\n\n\n\n<li>Ha van valamilyen v\u00edzi attrakci\u00f3, amelyet r\u00e9g\u00f3ta szerettetek volna kipr\u00f3b\u00e1lni (pl. &#8222;<a rel=\"noreferrer noopener\" href=\"https:\/\/www.canstockphoto.hu\/lovagl%C3%A1s-cs%C3%B3nak%C3%A1zik-ban%C3%A1n-tenger-12069828.html\" data-type=\"URL\" data-id=\"https:\/\/www.canstockphoto.hu\/lovagl%C3%A1s-cs%C3%B3nak%C3%A1zik-ban%C3%A1n-tenger-12069828.html\" target=\"_blank\">ban\u00e1noz\u00e1s<\/a>&#8222;, vizi ejt\u0151erny\u0151z\u00e9s, jet-ski b\u00e9rl\u00e9s, stb&#8230;), azt itt megtehetitek j\u00f3val olcs\u00f3bban, mint a nyugat-eur\u00f3pai nyaral\u00f3helyeken.<\/li>\n<\/ul>\n\n\n\n<p class=\"has-text-align-center\"><strong>Mi az, amit kihagyhatsz?<\/strong><\/p>\n\n\n\n<ul class=\"wp-block-list\">\n<li>Rossz min\u0151s\u00e9g\u0171, leh\u00faz\u00f3s b\u00e1rok \u00e9s \u00e9ttermek sajnos sz\u00e9p sz\u00e1mmal megtal\u00e1lhat\u00f3ak Naposparton, \u00edgy \u00e9rdemes r\u00e1pillantani 1-1 hely eset\u00e9n a Google-\u00e9rt\u00e9kel\u00e9sekre, miel\u0151tt be\u00fcln\u00e9tek! <\/li>\n\n\n\n<li>A sz\u00e1llodasorokon k\u00edv\u00fcli v\u00e1rosr\u00e9szek \u00e1ltal\u00e1noss\u00e1gban szemetesek \u00e9s koszosak, \u00edgy ne tervezz romantikus v\u00e1rosi s\u00e9t\u00e1kat. <\/li>\n\n\n\n<li>J\u00faliusban \u00e9s augusztusban igazi turista t\u00f6meg van a k\u00f6zponti strandokon, \u00e9rdemes egy kicsit t\u00e1volabb menni a f\u00fcrd\u0151z\u00e9shez.<\/li>\n\n\n\n<li>Mind a v\u00edzparton, mind est\u00e9nk\u00e9nt a zs\u00fafolt utc\u00e1kban el\u0151szeretettel &#8222;dolgoznak&#8221; a zsebtolvajok. A vadonat\u00faj 400 ezres Iphone-od \u00e9s a GoPro kamer\u00e1d semmik\u00e9ppen se hagyd \u0151rizet n\u00e9lk\u00fcl a nyug\u00e1gyon. <\/li>\n\n\n\n<li>T\u00f6bb helyi utaz\u00e1si iroda is k\u00edn\u00e1l nagyon hossz\u00fa egynapos buszos utaz\u00e1st Napospart\u00f3l Isztambulba. Ennek sok \u00e9rtelme nincs, mivel Isztambul megtekint\u00e9s\u00e9re t\u00e9nyleg nem el\u00e9g 6-8 \u00f3ra.<\/li>\n<\/ul>\n\n\n\n<p><\/p>\n","protected":false},"excerpt":{"rendered":"<p>Gyakorlati tan\u00e1csok A Fekete-tengeri bolg\u00e1r partvid\u00e9k az egyik legolcs\u00f3bban el\u00e9rhet\u0151 tengerpart, \u00edgy rendk\u00edv\u00fcl n\u00e9pszer\u0171 a<\/p>\n","protected":false},"author":1,"featured_media":0,"parent":0,"menu_order":0,"comment_status":"closed","ping_status":"closed","template":"","meta":{"footnotes":""},"class_list":["post-887","page","type-page","status-publish","hentry"],"_links":{"self":[{"href":"https:\/\/filleresutak.hu\/index.php?rest_route=\/wp\/v2\/pages\/887","targetHints":{"allow":["GET"]}}],"collection":[{"href":"https:\/\/filleresutak.hu\/index.php?rest_route=\/wp\/v2\/pages"}],"about":[{"href":"https:\/\/filleresutak.hu\/index.php?rest_route=\/wp\/v2\/types\/page"}],"author":[{"embeddable":true,"href":"https:\/\/filleresutak.hu\/index.php?rest_route=\/wp\/v2\/users\/1"}],"replies":[{"embeddable":true,"href":"https:\/\/filleresutak.hu\/index.php?rest_route=%2Fwp%2Fv2%2Fcomments&post=887"}],"version-history":[{"count":5,"href":"https:\/\/filleresutak.hu\/index.php?rest_route=\/wp\/v2\/pages\/887\/revisions"}],"predecessor-version":[{"id":2125,"href":"https:\/\/filleresutak.hu\/index.php?rest_route=\/wp\/v2\/pages\/887\/revisions\/2125"}],"wp:attachment":[{"href":"https:\/\/filleresutak.hu\/index.php?rest_route=%2Fwp%2Fv2%2Fmedia&parent=887"}],"curies":[{"name":"wp","href":"https:\/\/api.w.org\/{rel}","templated":true}]}}