{"id":893,"date":"2023-02-28T11:59:55","date_gmt":"2023-02-28T11:59:55","guid":{"rendered":"http:\/\/filleresutak.hu\/?page_id=893"},"modified":"2023-05-22T17:08:34","modified_gmt":"2023-05-22T17:08:34","slug":"ciprus","status":"publish","type":"page","link":"https:\/\/filleresutak.hu\/?page_id=893","title":{"rendered":"Ciprus"},"content":{"rendered":"<div class=\"wp-block-image\">\n<figure class=\"aligncenter size-full is-resized\"><a href=\"http:\/\/filleresutak.hu\/?tag=ciprus\" target=\"_blank\" rel=\"noreferrer noopener\"><img loading=\"lazy\" decoding=\"async\" src=\"http:\/\/filleresutak.hu\/wp-content\/uploads\/2023\/05\/image-34.png\" alt=\"\" class=\"wp-image-2056\" width=\"606\" height=\"165\" srcset=\"https:\/\/filleresutak.hu\/wp-content\/uploads\/2023\/05\/image-34.png 622w, https:\/\/filleresutak.hu\/wp-content\/uploads\/2023\/05\/image-34-300x82.png 300w\" sizes=\"auto, (max-width: 606px) 100vw, 606px\" \/><\/a><\/figure>\n<\/div>\n\n\n<p class=\"has-text-align-center has-x-large-font-size\"><strong>Gyakorlati tan\u00e1csok<\/strong><\/p>\n\n\n<div class=\"wp-block-image\">\n<figure class=\"aligncenter size-full is-resized\"><img loading=\"lazy\" decoding=\"async\" src=\"http:\/\/filleresutak.hu\/wp-content\/uploads\/2023\/05\/image-77.png\" alt=\"\" class=\"wp-image-2177\" width=\"604\" height=\"384\" srcset=\"https:\/\/filleresutak.hu\/wp-content\/uploads\/2023\/05\/image-77.png 770w, https:\/\/filleresutak.hu\/wp-content\/uploads\/2023\/05\/image-77-300x191.png 300w, https:\/\/filleresutak.hu\/wp-content\/uploads\/2023\/05\/image-77-768x489.png 768w\" sizes=\"auto, (max-width: 604px) 100vw, 604px\" \/><\/figure>\n<\/div>\n\n\n<p>Ciprus egy kellemes sziget a F\u00f6ldk\u00f6zi-tenger k\u00f6zep\u00e9n, amely k\u00e9t fel\u00e9 van darabolva. A turist\u00e1k legink\u00e1bb a d\u00e9li r\u00e9szt keresik fel, de \u00e9rdemes lehet 1-1 napra \u00e1tmenni \u00c9szak-Ciprusra is. A nyaral\u00e1shoz optim\u00e1lis id\u0151z\u00edt\u00e9s lehet a j\u00fanius elej\u00e9t\u0151l szeptember k\u00f6zep\u00e9ig tart\u00f3 id\u0151szak. Aki pedig kir\u00e1ndulni, felt\u00f6lt\u0151dni szeretne, annak az \u00e1prilis-m\u00e1jus vagy a szeptember-november k\u00f6zti id\u0151szak a legjobb.<\/p>\n\n\n\n<p class=\"has-text-align-center has-medium-font-size\"><strong>Beutaz\u00e1s<\/strong><\/p>\n\n\n\n<p><em>Ciprus tagja az Eur\u00f3pai Uni\u00f3nak<\/em>. Aki szeretne \u00c9szak-Ciprusra is beutazni, annak is el\u00e9g az \u00faj t\u00edpus\u00fa szem\u00e9lyi igazolv\u00e1ny.<\/p>\n\n\n\n<p class=\"has-text-align-center has-medium-font-size\"><strong>Fizet\u0151eszk\u00f6z<\/strong><\/p>\n\n\n\n<p>Eur\u00f3, \u00c9szak-Cipruson a T\u00f6r\u00f6k L\u00edr\u00e1t is elfogadj\u00e1k.<\/p>\n\n\n\n<p>Sok helyen lehet bankk\u00e1rty\u00e1val fizetni, azonban a kisebb vend\u00e9gl\u00e1t\u00f3helyeken, taxikban, valamint a l\u00e1tnival\u00f3kn\u00e1l sz\u00fcks\u00e9ges lehet a k\u00e9szp\u00e9nz.<\/p>\n\n\n\n<p class=\"has-text-align-center has-medium-font-size\"><strong>Hogy juthatsz ide? <\/strong><\/p>\n\n\n\n<p>Rep\u00fcl\u0151vel eg\u00e9sz \u00e9vben megk\u00f6zel\u00edthet\u0151 a sziget. L\u00e1rnac\u00e1ba a Wizz Air rep\u00fcl Budapestr\u0151l \u00e9s Debrecenb\u0151l is, m\u00edg P\u00e1foszra a Ryanair k\u00f6zlekedtet j\u00e1ratot Budapestr\u0151l. B\u00e9csb\u0151l szint\u00e9n el\u00e9rhet\u0151 Ciprus, mindk\u00e9t fapadossal. L\u00e1rnaca egy\u00e9bk\u00e9nt ink\u00e1bb klasszikus nyaral\u00f3hely, P\u00e1fosz pedig ink\u00e1bb a t\u00f6rt\u00e9nelmi l\u00e1tnival\u00f3k kedvel\u0151i sz\u00e1m\u00e1ra lehet \u00e9rdekes.<\/p>\n\n\n\n<p class=\"has-text-align-center\"><strong>Hogyan k\u00f6zlekedj Cipruson?<\/strong><\/p>\n\n\n\n<p>Az egyetlen t\u00f6megk\u00f6zleked\u00e9si eszk\u00f6z a busz, ami a nagyobb v\u00e1rosok k\u00f6z\u00f6tt ny\u00e1ron s\u0171r\u0171bben, t\u00e9len ritk\u00e1bban k\u00f6zlekedik. P\u00e1fosz repter\u00e9t\u0151l a belv\u00e1rosig kb. f\u00e9l \u00f3ra az \u00fat a helyi buszj\u00e1rattal, L\u00e1rnac\u00e1n ugyanez csak n\u00e9h\u00e1ny perc, hiszen a rept\u00e9r \u00e9s a belv\u00e1ros k\u00f6z\u00f6tt alig 3-4 kilom\u00e9ter a t\u00e1vols\u00e1g. T\u00f6megk\u00f6zleked\u00e9s megtervez\u00e9s\u00e9hez aj\u00e1nljuk a <a rel=\"noreferrer noopener\" href=\"https:\/\/www.google.hu\/maps\/@47.2634278,16.1491195,6z?hl=hu\" data-type=\"URL\" data-id=\"https:\/\/www.google.hu\/maps\/@47.2634278,16.1491195,6z?hl=hu\" target=\"_blank\">Google \u00fatvonaltervez\u0151t<\/a> \u00e9s a <a rel=\"noreferrer noopener\" href=\"https:\/\/www.rome2rio.com\/\" data-type=\"URL\" data-id=\"https:\/\/www.rome2rio.com\/\" target=\"_blank\">Rome2Rio<\/a> oldalt. A sziget felfedez\u00e9s\u00e9hez aj\u00e1nlott aut\u00f3t b\u00e9relni(az aut\u00f3k jobbkorm\u00e1nyosak).<\/p>\n\n\n\n<p class=\"has-text-align-center\"><strong>Hol foglalj sz\u00e1ll\u00e1st?<\/strong><\/p>\n\n\n\n<p>A legszebb nyaral\u00f3helyek Cipruson Ayia Napa, Peyia \u00e9s Protaras. A sz\u00e1ll\u00e1sok \u00e1rai j\u00faliusban \u00e9s augusztusban meglehet\u0151sen magasak, r\u00e9sen kell lenni a sz\u00e1ll\u00e1sfoglal\u00e1sn\u00e1l. <\/p>\n\n\n\n<p class=\"has-text-align-center\"><strong>Mi az, amit ne hagyj ki?<\/strong><\/p>\n\n\n\n<ul class=\"wp-block-list\">\n<li>P\u00e1fosz r\u00e9g\u00e9szeti lel\u0151helyei meg\u00e9rnek egy kir\u00e1ndul\u00e1st.<\/li>\n<\/ul>\n\n\n<div class=\"wp-block-image\">\n<figure class=\"aligncenter size-full is-resized\"><img loading=\"lazy\" decoding=\"async\" src=\"http:\/\/filleresutak.hu\/wp-content\/uploads\/2023\/05\/image-75.png\" alt=\"\" class=\"wp-image-2175\" width=\"494\" height=\"311\" srcset=\"https:\/\/filleresutak.hu\/wp-content\/uploads\/2023\/05\/image-75.png 619w, https:\/\/filleresutak.hu\/wp-content\/uploads\/2023\/05\/image-75-300x189.png 300w\" sizes=\"auto, (max-width: 494px) 100vw, 494px\" \/><\/figure>\n<\/div>\n\n\n<ul class=\"wp-block-list\">\n<li>Ayia Napa szikl\u00e1s tengerpartja. <\/li>\n\n\n\n<li>A Troodos-hegys\u00e9g kolostorai.<\/li>\n\n\n\n<li>A Troodos-hegys\u00e9gben egy s\u00edp\u00e1lya is tal\u00e1lhat\u00f3, ha tavasszal utaztok, \u00e9rdekes \u00e9lm\u00e9ny a tengerpartt\u00f3l felkocsik\u00e1zni a havas hegyekbe.<\/li>\n\n\n\n<li>Afrodit\u00e9 szikl\u00e1i P\u00e1fosz k\u00f6zel\u00e9ben.<\/li>\n\n\n\n<li>Nicosia, a k\u00e9tfel\u00e9 darabolt f\u0151v\u00e1ros<\/li>\n<\/ul>\n\n\n<div class=\"wp-block-image\">\n<figure class=\"aligncenter size-full is-resized\"><img loading=\"lazy\" decoding=\"async\" src=\"http:\/\/filleresutak.hu\/wp-content\/uploads\/2023\/05\/image-76.png\" alt=\"\" class=\"wp-image-2176\" width=\"494\" height=\"329\" srcset=\"https:\/\/filleresutak.hu\/wp-content\/uploads\/2023\/05\/image-76.png 1024w, https:\/\/filleresutak.hu\/wp-content\/uploads\/2023\/05\/image-76-300x200.png 300w, https:\/\/filleresutak.hu\/wp-content\/uploads\/2023\/05\/image-76-768x512.png 768w\" sizes=\"auto, (max-width: 494px) 100vw, 494px\" \/><\/figure>\n<\/div>\n\n\n<p class=\"has-text-align-center\"><strong>Mi az, amit kihagyhatsz?<\/strong><\/p>\n\n\n\n<ul class=\"wp-block-list\">\n<li>F\u0151szezonban nem aj\u00e1nlottak a nagyon felkapott tengerparti telep\u00fcl\u00e9sek, mert mozdulni sem lehet az utc\u00e1kon a r\u00e9szeg brit turist\u00e1kt\u00f3l.<\/li>\n\n\n\n<li>P\u00e1fosz v\u00e1rosi strandjai nem t\u00fal sz\u00e9pek. <\/li>\n\n\n\n<li>Ny\u00e1r v\u00e9g\u00e9re nagyon kop\u00e1rr\u00e1 v\u00e1lik a sziget, olyankor nincs sok \u00e9rtelme kir\u00e1ndulni.<\/li>\n<\/ul>\n\n\n\n<p><\/p>\n","protected":false},"excerpt":{"rendered":"<p>Gyakorlati tan\u00e1csok Ciprus egy kellemes sziget a F\u00f6ldk\u00f6zi-tenger k\u00f6zep\u00e9n, amely k\u00e9t fel\u00e9 van darabolva. A<\/p>\n","protected":false},"author":1,"featured_media":0,"parent":0,"menu_order":0,"comment_status":"closed","ping_status":"closed","template":"","meta":{"footnotes":""},"class_list":["post-893","page","type-page","status-publish","hentry"],"_links":{"self":[{"href":"https:\/\/filleresutak.hu\/index.php?rest_route=\/wp\/v2\/pages\/893","targetHints":{"allow":["GET"]}}],"collection":[{"href":"https:\/\/filleresutak.hu\/index.php?rest_route=\/wp\/v2\/pages"}],"about":[{"href":"https:\/\/filleresutak.hu\/index.php?rest_route=\/wp\/v2\/types\/page"}],"author":[{"embeddable":true,"href":"https:\/\/filleresutak.hu\/index.php?rest_route=\/wp\/v2\/users\/1"}],"replies":[{"embeddable":true,"href":"https:\/\/filleresutak.hu\/index.php?rest_route=%2Fwp%2Fv2%2Fcomments&post=893"}],"version-history":[{"count":3,"href":"https:\/\/filleresutak.hu\/index.php?rest_route=\/wp\/v2\/pages\/893\/revisions"}],"predecessor-version":[{"id":2180,"href":"https:\/\/filleresutak.hu\/index.php?rest_route=\/wp\/v2\/pages\/893\/revisions\/2180"}],"wp:attachment":[{"href":"https:\/\/filleresutak.hu\/index.php?rest_route=%2Fwp%2Fv2%2Fmedia&parent=893"}],"curies":[{"name":"wp","href":"https:\/\/api.w.org\/{rel}","templated":true}]}}