{"id":903,"date":"2023-02-28T12:01:32","date_gmt":"2023-02-28T12:01:32","guid":{"rendered":"http:\/\/filleresutak.hu\/?page_id=903"},"modified":"2023-05-14T11:50:09","modified_gmt":"2023-05-14T11:50:09","slug":"egyiptom-sharm-el-sheikh","status":"publish","type":"page","link":"https:\/\/filleresutak.hu\/?page_id=903","title":{"rendered":"Egyiptom &#8211; Sharm el-Sheikh"},"content":{"rendered":"<div class=\"wp-block-image\">\n<figure class=\"aligncenter size-full is-resized\"><a href=\"http:\/\/filleresutak.hu\/?tag=sharm-el-sheikh\" target=\"_blank\" rel=\"noreferrer noopener\"><img loading=\"lazy\" decoding=\"async\" src=\"http:\/\/filleresutak.hu\/wp-content\/uploads\/2023\/05\/image-34.png\" alt=\"\" class=\"wp-image-2056\" width=\"606\" height=\"165\" srcset=\"https:\/\/filleresutak.hu\/wp-content\/uploads\/2023\/05\/image-34.png 622w, https:\/\/filleresutak.hu\/wp-content\/uploads\/2023\/05\/image-34-300x82.png 300w\" sizes=\"auto, (max-width: 606px) 100vw, 606px\" \/><\/a><\/figure>\n<\/div>\n\n\n<p class=\"has-text-align-center has-x-large-font-size\"><strong>Gyakorlati tan\u00e1csok<\/strong><\/p>\n\n\n<div class=\"wp-block-image\">\n<figure class=\"aligncenter size-full is-resized\"><img loading=\"lazy\" decoding=\"async\" src=\"http:\/\/filleresutak.hu\/wp-content\/uploads\/2023\/05\/image-43.png\" alt=\"\" class=\"wp-image-2075\" width=\"674\" height=\"464\" srcset=\"https:\/\/filleresutak.hu\/wp-content\/uploads\/2023\/05\/image-43.png 794w, https:\/\/filleresutak.hu\/wp-content\/uploads\/2023\/05\/image-43-300x207.png 300w, https:\/\/filleresutak.hu\/wp-content\/uploads\/2023\/05\/image-43-768x529.png 768w\" sizes=\"auto, (max-width: 674px) 100vw, 674px\" \/><\/figure>\n<\/div>\n\n\n<p>Sharm el-Sheikh egy klasszikus egyiptomi \u00fcd\u00fcl\u0151v\u00e1ros a S\u00ednai-f\u00e9lsziget d\u00e9li r\u00e9sz\u00e9n, a b\u00fav\u00e1rok paradicsoma. A V\u00f6r\u00f6s-tenger eg\u00e9sz \u00e9vben f\u00fcr\u00f6dhet\u0151, \u00edgy az \u00e9v b\u00e1rmely id\u0151szak\u00e1ban \u00e9rdemes ell\u00e1togatni Sharm el-Sheikhbe.<\/p>\n\n\n\n<p class=\"has-text-align-center has-medium-font-size\"><strong>Beutaz\u00e1s<\/strong><\/p>\n\n\n\n<p>Egyiptomba sz\u00fcks\u00e9ges az \u00fatlev\u00e9l, viszont j\u00f3 h\u00edr, hogy aki csak Sharm el-Sheikhbe utazik, annak ingyenes 14 napig a v\u00edzum. A v\u00edzumot a rept\u00e9ren pecs\u00e9telik bele az \u00fatlev\u00e9lbe.<\/p>\n\n\n\n<p class=\"has-text-align-center\"><strong>Fizet\u0151eszk\u00f6z<\/strong><\/p>\n\n\n\n<p>Hivatalosan az egyiptomi font a fizet\u0151eszk\u00f6z, azonban mindenhol lehet amerikai doll\u00e1rral fizetni (a baz\u00e1rokban az Eur\u00f3t sem utas\u00edtj\u00e1k vissza). Egyiptomba \u00e9rdemes k\u00e9szp\u00e9nzt vinni, mivel nem fogadj\u00e1k el mindenhol a bankk\u00e1rty\u00e1t.<\/p>\n\n\n\n<p class=\"has-text-align-center has-medium-font-size\"><strong>Hogy juthatsz ide? <\/strong><\/p>\n\n\n\n<p>R\u00e9gen f\u0151leg utaz\u00e1si irod\u00e1kon kereszt\u00fcl lehetett utazni, azonban ma m\u00e1r \u00f6n\u00e1ll\u00f3an is k\u00f6nnyen eljuthatunk Sharmba, h\u00e1la a Wizz Air budapesti \u00e9s b\u00e9csi j\u00e1ratainak, amelyek okt\u00f3bert\u0151l m\u00e1rciusig k\u00f6zlekednek.<\/p>\n\n\n\n<p class=\"has-text-align-center\"><strong>Hogyan k\u00f6zlekedj Sharm el-Sheikhben?<\/strong><\/p>\n\n\n\n<p>A taxi viszonylag olcs\u00f3, alkudni pedig minden esetben k\u00f6telez\u0151! A tarifa rept\u00e9rr\u0151l a Sharm el-Sheikh-i sz\u00e1llod\u00e1khoz elhelyezked\u00e9st\u0151l f\u00fcgg\u0151en 15-30 doll\u00e1r, a v\u00e1roson bel\u00fcl pedig 3-5 doll\u00e1r. Amiatt nem kell agg\u00f3dnod, hogy tal\u00e1lsz-e taxit, hiszen tele van a v\u00e1ros vel\u00fck.<\/p>\n\n\n\n<p class=\"has-text-align-center\"><strong>Hol foglalj sz\u00e1ll\u00e1st?<\/strong><\/p>\n\n\n\n<p>C\u00e9lszer\u0171 saj\u00e1t partszakasszal rendelkez\u0151 all inclusive sz\u00e1llod\u00e1t foglalni. Szerencs\u00e9re a sz\u00e1ll\u00e1s\u00e1rak kifejezetten alacsonyak, egy j\u00f3 min\u0151s\u00e9g\u0171 all inclusive hotel 1 h\u00e9tre 2 f\u0151nek ak\u00e1r 100-120 ezer forintb\u00f3l is kij\u00f6het. Fontos, hogy ne a csillagsz\u00e1mot n\u00e9zz\u00e9tek a hotelek eset\u00e9n, hanem a bookingos, valamint google-\u00f6s \u00e9rt\u00e9kel\u00e9seket! Sokkal jobb egy 8,5-re  \u00e9rt\u00e9kelt h\u00e1romcsillagos hotel, mint egy 4,8-ra \u00e9rt\u00e9kelt \u00f6tcsillagos.<\/p>\n\n\n\n<p class=\"has-text-align-center\"><strong>Mi az, amit ne hagyj ki?<\/strong><\/p>\n\n\n\n<ul class=\"wp-block-list\">\n<li>Az els\u0151dleges l\u00e1tnival\u00f3 term\u00e9szetesen a rendk\u00edv\u00fcl gazdag \u00e9l\u0151vil\u00e1ggal rendelkez\u0151 tenger. Szem\u00fcveget \u00e9s pip\u00e1t b\u00e1rmelyik hotelben adnak, \u00edgy felesleges bet\u00f6mni az otthonit a k\u00e9zipoggy\u00e1szba. <\/li>\n\n\n\n<li>Sharm el-Sheikhnek van egy kisebb csics\u00e1s &#8222;\u00f3v\u00e1rosa&#8221; baz\u00e1rsorral \u00e9s mecsettel. N\u00e9h\u00e1ny \u00f3r\u00e1t \u00e9rdemes itt elt\u00f6lteni.<\/li>\n<\/ul>\n\n\n<div class=\"wp-block-image\">\n<figure class=\"aligncenter size-full is-resized\"><img loading=\"lazy\" decoding=\"async\" src=\"http:\/\/filleresutak.hu\/wp-content\/uploads\/2023\/05\/image-44.png\" alt=\"\" class=\"wp-image-2076\" width=\"614\" height=\"409\" srcset=\"https:\/\/filleresutak.hu\/wp-content\/uploads\/2023\/05\/image-44.png 720w, https:\/\/filleresutak.hu\/wp-content\/uploads\/2023\/05\/image-44-300x200.png 300w\" sizes=\"auto, (max-width: 614px) 100vw, 614px\" \/><\/figure>\n<\/div>\n\n\n<ul class=\"wp-block-list\">\n<li>A t\u00f6rt\u00e9nelmi, valamint bibliai helysz\u00ednek kedvel\u0151inek \u00e9rdekes lehet a M\u00f3zes-hegy \u00e9s a Szent Katalin kolostor, ahova fakultat\u00edv program keret\u00e9ben lehet eljutni.<\/li>\n\n\n\n<li>Ha Egyiptomban j\u00e1rtok, ne felejtsetek el bev\u00e1s\u00e1rolni a baz\u00e1rban te\u00e1kb\u00f3l, f\u0171szerekb\u0151l, vagy v\u00edzipipa doh\u00e1nyb\u00f3l.<\/li>\n\n\n\n<li>\u00c9rdekes helysz\u00edn Sharmban a Farsha Bar, \u00e9rdemes be\u00fclni egy kokt\u00e9lra, \u00e9s megn\u00e9zni a naplement\u00e9t.<\/li>\n<\/ul>\n\n\n<div class=\"wp-block-image\">\n<figure class=\"aligncenter size-full is-resized\"><img loading=\"lazy\" decoding=\"async\" src=\"http:\/\/filleresutak.hu\/wp-content\/uploads\/2023\/05\/image-45.png\" alt=\"\" class=\"wp-image-2077\" width=\"491\" height=\"473\" srcset=\"https:\/\/filleresutak.hu\/wp-content\/uploads\/2023\/05\/image-45.png 537w, https:\/\/filleresutak.hu\/wp-content\/uploads\/2023\/05\/image-45-300x289.png 300w\" sizes=\"auto, (max-width: 491px) 100vw, 491px\" \/><\/figure>\n<\/div>\n\n\n<p class=\"has-text-align-center\"><strong>Mi az, amit kihagyhatsz?<\/strong><\/p>\n\n\n\n<ul class=\"wp-block-list\">\n<li>A Naama Bay a v\u00e1ros turisztikai k\u00f6zpontja, amely egyfajta modern bulinegyed k\u00fcl\u00f6nf\u00e9le b\u00e1rokkal, Mc Donald&#8217;s-al, KFC-vel \u00e9s Hard Rock Caf\u00e9val. T\u00fal sok id\u0151t nem \u00e9rdemes ott t\u00f6lteni.<\/li>\n\n\n\n<li>Sharm el-Sheikhben nincsenek t\u00f6rt\u00e9nelmi l\u00e1tnival\u00f3k. Aki az &#8222;igazi Egyiptomot&#8221; akarja l\u00e1tni, az ink\u00e1bb utazzon Kair\u00f3 vagy Luxor k\u00f6rny\u00e9k\u00e9re.<\/li>\n\n\n\n<li>A haj\u00f3kir\u00e1ndul\u00e1sok k\u00f6z\u00f6tt vannak teljesen feleslegesek. Elvisznek 30 doll\u00e1r\u00e9rt egy m\u00e1sik partszakaszra, ahol semmivel sem szebb a korallz\u00e1tony, mint a sz\u00e1llod\u00e1khoz k\u00f6zeli v\u00edzpartokon. <\/li>\n<\/ul>\n\n\n\n<p><\/p>\n","protected":false},"excerpt":{"rendered":"<p>Gyakorlati tan\u00e1csok Sharm el-Sheikh egy klasszikus egyiptomi \u00fcd\u00fcl\u0151v\u00e1ros a S\u00ednai-f\u00e9lsziget d\u00e9li r\u00e9sz\u00e9n, a b\u00fav\u00e1rok paradicsoma.<\/p>\n","protected":false},"author":1,"featured_media":0,"parent":0,"menu_order":0,"comment_status":"closed","ping_status":"closed","template":"","meta":{"footnotes":""},"class_list":["post-903","page","type-page","status-publish","hentry"],"_links":{"self":[{"href":"https:\/\/filleresutak.hu\/index.php?rest_route=\/wp\/v2\/pages\/903","targetHints":{"allow":["GET"]}}],"collection":[{"href":"https:\/\/filleresutak.hu\/index.php?rest_route=\/wp\/v2\/pages"}],"about":[{"href":"https:\/\/filleresutak.hu\/index.php?rest_route=\/wp\/v2\/types\/page"}],"author":[{"embeddable":true,"href":"https:\/\/filleresutak.hu\/index.php?rest_route=\/wp\/v2\/users\/1"}],"replies":[{"embeddable":true,"href":"https:\/\/filleresutak.hu\/index.php?rest_route=%2Fwp%2Fv2%2Fcomments&post=903"}],"version-history":[{"count":3,"href":"https:\/\/filleresutak.hu\/index.php?rest_route=\/wp\/v2\/pages\/903\/revisions"}],"predecessor-version":[{"id":2080,"href":"https:\/\/filleresutak.hu\/index.php?rest_route=\/wp\/v2\/pages\/903\/revisions\/2080"}],"wp:attachment":[{"href":"https:\/\/filleresutak.hu\/index.php?rest_route=%2Fwp%2Fv2%2Fmedia&parent=903"}],"curies":[{"name":"wp","href":"https:\/\/api.w.org\/{rel}","templated":true}]}}