{"id":906,"date":"2023-02-28T12:02:00","date_gmt":"2023-02-28T12:02:00","guid":{"rendered":"http:\/\/filleresutak.hu\/?page_id=906"},"modified":"2023-07-31T13:51:45","modified_gmt":"2023-07-31T13:51:45","slug":"franciaorszag-parizs-es-kornyeke","status":"publish","type":"page","link":"https:\/\/filleresutak.hu\/?page_id=906","title":{"rendered":"Franciaorsz\u00e1g &#8211; P\u00e1rizs \u00e9s k\u00f6rny\u00e9ke"},"content":{"rendered":"<div class=\"wp-block-image\">\n<figure class=\"aligncenter size-full is-resized\"><a href=\"http:\/\/filleresutak.hu\/?tag=P\u00e1rizs\" target=\"_blank\" rel=\"noreferrer noopener\"><img loading=\"lazy\" decoding=\"async\" src=\"http:\/\/filleresutak.hu\/wp-content\/uploads\/2023\/05\/image-34.png\" alt=\"\" class=\"wp-image-2056\" width=\"606\" height=\"165\" srcset=\"https:\/\/filleresutak.hu\/wp-content\/uploads\/2023\/05\/image-34.png 622w, https:\/\/filleresutak.hu\/wp-content\/uploads\/2023\/05\/image-34-300x82.png 300w\" sizes=\"auto, (max-width: 606px) 100vw, 606px\" \/><\/a><\/figure>\n<\/div>\n\n\n<p class=\"has-text-align-center has-x-large-font-size\"><strong>Gyakorlati tan\u00e1csok<\/strong><\/p>\n\n\n<div class=\"wp-block-image\">\n<figure class=\"aligncenter size-large is-resized\"><img loading=\"lazy\" decoding=\"async\" src=\"http:\/\/filleresutak.hu\/wp-content\/uploads\/2023\/07\/image-107-1024x751.png\" alt=\"\" class=\"wp-image-3052\" width=\"683\" height=\"501\" srcset=\"https:\/\/filleresutak.hu\/wp-content\/uploads\/2023\/07\/image-107-1024x751.png 1024w, https:\/\/filleresutak.hu\/wp-content\/uploads\/2023\/07\/image-107-300x220.png 300w, https:\/\/filleresutak.hu\/wp-content\/uploads\/2023\/07\/image-107-768x563.png 768w, https:\/\/filleresutak.hu\/wp-content\/uploads\/2023\/07\/image-107.png 1118w\" sizes=\"auto, (max-width: 683px) 100vw, 683px\" \/><\/figure>\n<\/div>\n\n\n<p>P\u00e1rizs az el\u0151v\u00e1rosokkal egy\u00fctt egy 11 milli\u00f3s igazi multikultur\u00e1lis metropolisz, tele k\u00fcl\u00f6nleges l\u00e1tnival\u00f3kkal, tal\u00e1n az egyik legmegoszt\u00f3bb v\u00e1ros, van, aki egyszer\u0171en im\u00e1dja, \u00e9s van, aki a zs\u00fafolts\u00e1g \u00e9s a kosz miatt ki nem \u00e1llhatja. T\u00e9ny, hogy aki a romantikus francia hangulatot keresi, az ink\u00e1bb utazzon Provence-ba vagy Normandi\u00e1ba. Ett\u0151l f\u00fcggetlen\u00fcl egyszer az \u00e9letben \u00e9rdemes ell\u00e1togatni Franciaorsz\u00e1g f\u0151v\u00e1ros\u00e1ba. <\/p>\n\n\n\n<p class=\"has-text-align-center has-medium-font-size\"><strong>Beutaz\u00e1s<\/strong><\/p>\n\n\n\n<p>Franciaorsz\u00e1g tagja az Eur\u00f3pai Uni\u00f3nak \u00e9s a Schengeni \u00f6vezetnek. <\/p>\n\n\n\n<p class=\"has-text-align-center has-medium-font-size\"><strong>Fizet\u0151eszk\u00f6z<\/strong>\/<strong>\u00e1rak<\/strong><\/p>\n\n\n\n<p>Eur\u00f3. Szinte mindenhol lehet fizetni bankk\u00e1rty\u00e1val. Az \u00e1rak meglehet\u0151sen magasak, \u00e9rdemes elker\u00fclni a belv\u00e1rosi sz\u00e1llod\u00e1kat \u00e9s \u00e9ttermeket. <\/p>\n\n\n\n<p class=\"has-text-align-center has-medium-font-size\"><strong>Hogy juthatsz ide? <\/strong><\/p>\n\n\n\n<p>Aut\u00f3val a nett\u00f3 utaz\u00e1si id\u0151 Budapestt\u0151l k\u00f6r\u00fclbel\u00fcl 14-15 \u00f3ra. Nem aj\u00e1nlott aut\u00f3val elindulni, m\u00e1r csak az\u00e9rt sem, mert a parkol\u00e1s P\u00e1rizsban neh\u00e9zkes \u00e9s baromi dr\u00e1ga.<\/p>\n\n\n\n<p>Vonattal Budapestr\u0151l csak \u00e1tsz\u00e1ll\u00e1ssal lehet eljutni P\u00e1rizsba, az \u00fat meglehet\u0151sen hossz\u00fa, a vonatjegyek \u00e1rai pedig sajnos meglehet\u0151sen magasak.<\/p>\n\n\n\n<p>A legegyszer\u0171bb megold\u00e1s a francia f\u0151v\u00e1ros felfedez\u00e9s\u00e9hez a rep\u00fcl\u00e9s. Napi t\u00f6bb j\u00e1ratot is m\u0171k\u00f6dtet az Air France CDG rep\u00fcl\u0151t\u00e9rre, azonban aki a k\u00f6lts\u00e9ghat\u00e9konys\u00e1got keresi, annak a Wizz Air Budapest-P\u00e1rizs Orly j\u00e1rata lehet a legk\u00e9zenfekv\u0151bb. Orlyr\u00f3l vonattal lehet k\u00f6r\u00fclbel\u00fcl f\u00e9l \u00f3ra alatt bejutni a k\u00f6zpontba. A Ryanair Beauvais rep\u00fcl\u0151t\u00e9rre rep\u00fcl, ahonnan 1,5-2 \u00f3r\u00e1s busz\u00fattal k\u00f6zel\u00edthet\u0151 meg P\u00e1rizs belv\u00e1rosa.<\/p>\n\n\n\n<p class=\"has-text-align-center\"><strong>Hogyan k\u00f6zlekedj a P\u00e1rizsban?<\/strong><\/p>\n\n\n\n<p>C\u00e9lszer\u0171 P\u00e1rizsban a t\u00f6megk\u00f6zleked\u00e9st v\u00e1lasztani. A v\u00e1ros metr\u00f3h\u00e1l\u00f3zata 16 vonalb\u00f3l \u00e1ll. A metr\u00f3jegy \u00e1ra 2,1 Eur\u00f3. T\u00f6megk\u00f6zleked\u00e9s megtervez\u00e9s\u00e9hez aj\u00e1nljuk a <a rel=\"noreferrer noopener\" href=\"https:\/\/www.google.hu\/maps\/@47.2634278,16.1491195,6z?hl=hu\" data-type=\"URL\" data-id=\"https:\/\/www.google.hu\/maps\/@47.2634278,16.1491195,6z?hl=hu\" target=\"_blank\">Google \u00fatvonaltervez\u0151t<\/a> \u00e9s a <a rel=\"noreferrer noopener\" href=\"https:\/\/www.rome2rio.com\/\" data-type=\"URL\" data-id=\"https:\/\/www.rome2rio.com\/\" target=\"_blank\">Rome2Rio<\/a> oldalt. <\/p>\n\n\n\n<p class=\"has-text-align-center\"><strong>Hol foglalj sz\u00e1ll\u00e1st?<\/strong><\/p>\n\n\n\n<p>A belv\u00e1rosi sz\u00e1ll\u00e1sok nagyon dr\u00e1g\u00e1k, ez\u00e9rt \u00e9rdemes P\u00e1rizs valamelyik k\u00f6nnyen megk\u00f6zel\u00edthet\u0151 el\u0151v\u00e1ros\u00e1ban sz\u00e1ll\u00e1st foglalni, ahonnan vonattal be lehet menni reggel a v\u00e1rosba, este meg visszat\u00e9rni a sz\u00e1ll\u00e1sra.<\/p>\n\n\n\n<p class=\"has-text-align-center\"><strong>Mi az, amit ne hagyj ki?<\/strong><\/p>\n\n\n\n<ul class=\"wp-block-list\">\n<li>Nyilv\u00e1n, k\u00f6zhelyes, de az\u00e9rt az Eiffel-torony \u00e9s a Notre Dame k\u00f6telez\u0151 l\u00e1tnival\u00f3k.<\/li>\n\n\n\n<li>Est\u00e9nk\u00e9nt s\u00e9t\u00e1lni Champs-Elys\u00e9e-n.<\/li>\n\n\n\n<li>A Louvre gy\u0171jtem\u00e9nye szinte felfoghatatlan, 35 ezer m\u0171kincs van ki\u00e1ll\u00edtva az \u00e9p\u00fcletekben, k\u00f6zt\u00fck olyan vil\u00e1gh\u00edr\u0171 alkot\u00e1sok, mint p\u00e9ld\u00e1ul a Mona Lisa. A bel\u00e9p\u0151 \u00e1ra ehhez k\u00e9pest eg\u00e9szen bar\u00e1ti, a feln\u0151ttek sz\u00e1m\u00e1ra 17 Eur\u00f3. K\u00fcl\u00f6n pozit\u00edvum, hogy 25 \u00e9v alatt ingyenes a m\u00fazeum. A jegyet viszont hetekkel el\u0151re \u00e9rdemes lefoglalni.<\/li>\n<\/ul>\n\n\n<div class=\"wp-block-image\">\n<figure class=\"aligncenter size-large is-resized\"><img loading=\"lazy\" decoding=\"async\" src=\"http:\/\/filleresutak.hu\/wp-content\/uploads\/2023\/07\/image-104-1024x749.png\" alt=\"\" class=\"wp-image-3049\" width=\"645\" height=\"471\" srcset=\"https:\/\/filleresutak.hu\/wp-content\/uploads\/2023\/07\/image-104-1024x749.png 1024w, https:\/\/filleresutak.hu\/wp-content\/uploads\/2023\/07\/image-104-300x219.png 300w, https:\/\/filleresutak.hu\/wp-content\/uploads\/2023\/07\/image-104-768x561.png 768w, https:\/\/filleresutak.hu\/wp-content\/uploads\/2023\/07\/image-104.png 1134w\" sizes=\"auto, (max-width: 645px) 100vw, 645px\" \/><\/figure>\n<\/div>\n\n\n<ul class=\"wp-block-list\">\n<li>P\u00e8re-Lachaise temet\u0151 a vil\u00e1g egyik legh\u00edresebb temet\u0151je, ahol hossz\u00fa \u00f3r\u00e1kon kereszt\u00fcl lehet bolyongani, t\u00f6bbek k\u00f6z\u00f6tt La Fontaine, Fr\u00e9d\u00e9ric Chopin, Jim Morrison \u00e9s Balzac&nbsp;v\u00e9gs\u0151 nyughelyei k\u00f6z\u00f6tt.<\/li>\n<\/ul>\n\n\n<div class=\"wp-block-image\">\n<figure class=\"aligncenter size-large is-resized\"><img loading=\"lazy\" decoding=\"async\" src=\"http:\/\/filleresutak.hu\/wp-content\/uploads\/2023\/07\/image-105-1024x733.png\" alt=\"\" class=\"wp-image-3050\" width=\"644\" height=\"461\" srcset=\"https:\/\/filleresutak.hu\/wp-content\/uploads\/2023\/07\/image-105-1024x733.png 1024w, https:\/\/filleresutak.hu\/wp-content\/uploads\/2023\/07\/image-105-300x215.png 300w, https:\/\/filleresutak.hu\/wp-content\/uploads\/2023\/07\/image-105-768x550.png 768w, https:\/\/filleresutak.hu\/wp-content\/uploads\/2023\/07\/image-105.png 1156w\" sizes=\"auto, (max-width: 644px) 100vw, 644px\" \/><\/figure>\n<\/div>\n\n\n<ul class=\"wp-block-list\">\n<li>Saint-Denis-sz\u00e9kesegyh\u00e1z<\/li>\n\n\n\n<li>Luxemburgh-kert<\/li>\n<\/ul>\n\n\n<div class=\"wp-block-image\">\n<figure class=\"aligncenter size-large is-resized\"><img loading=\"lazy\" decoding=\"async\" src=\"http:\/\/filleresutak.hu\/wp-content\/uploads\/2023\/07\/image-106-1024x731.png\" alt=\"\" class=\"wp-image-3051\" width=\"642\" height=\"458\" srcset=\"https:\/\/filleresutak.hu\/wp-content\/uploads\/2023\/07\/image-106-1024x731.png 1024w, https:\/\/filleresutak.hu\/wp-content\/uploads\/2023\/07\/image-106-300x214.png 300w, https:\/\/filleresutak.hu\/wp-content\/uploads\/2023\/07\/image-106-768x548.png 768w, https:\/\/filleresutak.hu\/wp-content\/uploads\/2023\/07\/image-106.png 1205w\" sizes=\"auto, (max-width: 642px) 100vw, 642px\" \/><\/figure>\n<\/div>\n\n\n<ul class=\"wp-block-list\">\n<li>Ha belef\u00e9r az id\u0151be, egy napot \u00e9rdemes Versailles-ban is elt\u00f6lteni.<\/li>\n<\/ul>\n\n\n\n<p class=\"has-text-align-center\"><strong>Mi az, amit kihagyhatsz?<\/strong><\/p>\n\n\n\n<ul class=\"wp-block-list\">\n<li>Az Eiffel-torony tetej\u00e9re meglehet\u0151sen borsos a bel\u00e9p\u0151jegy \u00e9s el\u00e9g sokat is kell \u00e1ltal\u00e1ban sorban \u00e1llni. J\u00f3 alternat\u00edva lehet felmenni a P\u00e1rizsi diadal\u00edv tetej\u00e9re, ahov\u00e1 13 Eur\u00f3 a bel\u00e9p\u0151, 26 \u00e9v alatt pedig ingyenes.<\/li>\n<\/ul>\n","protected":false},"excerpt":{"rendered":"<p>Gyakorlati tan\u00e1csok P\u00e1rizs az el\u0151v\u00e1rosokkal egy\u00fctt egy 11 milli\u00f3s igazi multikultur\u00e1lis metropolisz, tele k\u00fcl\u00f6nleges l\u00e1tnival\u00f3kkal,<\/p>\n","protected":false},"author":1,"featured_media":0,"parent":0,"menu_order":0,"comment_status":"closed","ping_status":"closed","template":"","meta":{"footnotes":""},"class_list":["post-906","page","type-page","status-publish","hentry"],"_links":{"self":[{"href":"https:\/\/filleresutak.hu\/index.php?rest_route=\/wp\/v2\/pages\/906","targetHints":{"allow":["GET"]}}],"collection":[{"href":"https:\/\/filleresutak.hu\/index.php?rest_route=\/wp\/v2\/pages"}],"about":[{"href":"https:\/\/filleresutak.hu\/index.php?rest_route=\/wp\/v2\/types\/page"}],"author":[{"embeddable":true,"href":"https:\/\/filleresutak.hu\/index.php?rest_route=\/wp\/v2\/users\/1"}],"replies":[{"embeddable":true,"href":"https:\/\/filleresutak.hu\/index.php?rest_route=%2Fwp%2Fv2%2Fcomments&post=906"}],"version-history":[{"count":3,"href":"https:\/\/filleresutak.hu\/index.php?rest_route=\/wp\/v2\/pages\/906\/revisions"}],"predecessor-version":[{"id":3054,"href":"https:\/\/filleresutak.hu\/index.php?rest_route=\/wp\/v2\/pages\/906\/revisions\/3054"}],"wp:attachment":[{"href":"https:\/\/filleresutak.hu\/index.php?rest_route=%2Fwp%2Fv2%2Fmedia&parent=906"}],"curies":[{"name":"wp","href":"https:\/\/api.w.org\/{rel}","templated":true}]}}