{"id":918,"date":"2023-02-28T12:03:34","date_gmt":"2023-02-28T12:03:34","guid":{"rendered":"http:\/\/filleresutak.hu\/?page_id=918"},"modified":"2023-05-14T10:35:37","modified_gmt":"2023-05-14T10:35:37","slug":"gorogorszag-kos","status":"publish","type":"page","link":"https:\/\/filleresutak.hu\/?page_id=918","title":{"rendered":"G\u00f6r\u00f6gorsz\u00e1g &#8211; Kos"},"content":{"rendered":"<div class=\"wp-block-image\">\n<figure class=\"aligncenter size-full is-resized\"><a href=\"http:\/\/filleresutak.hu\/?tag=kos\" target=\"_blank\" rel=\"noreferrer noopener\"><img loading=\"lazy\" decoding=\"async\" src=\"http:\/\/filleresutak.hu\/wp-content\/uploads\/2023\/05\/image-34.png\" alt=\"\" class=\"wp-image-2056\" width=\"606\" height=\"165\" srcset=\"https:\/\/filleresutak.hu\/wp-content\/uploads\/2023\/05\/image-34.png 622w, https:\/\/filleresutak.hu\/wp-content\/uploads\/2023\/05\/image-34-300x82.png 300w\" sizes=\"auto, (max-width: 606px) 100vw, 606px\" \/><\/a><\/figure>\n<\/div>\n\n\n<p class=\"has-text-align-center has-x-large-font-size\"><strong>Gyakorlati tan\u00e1csok<\/strong><\/p>\n\n\n<div class=\"wp-block-image\">\n<figure class=\"aligncenter size-large is-resized\"><img loading=\"lazy\" decoding=\"async\" src=\"http:\/\/filleresutak.hu\/wp-content\/uploads\/2023\/05\/image-38-1024x664.png\" alt=\"\" class=\"wp-image-2064\" width=\"640\" height=\"414\" srcset=\"https:\/\/filleresutak.hu\/wp-content\/uploads\/2023\/05\/image-38-1024x664.png 1024w, https:\/\/filleresutak.hu\/wp-content\/uploads\/2023\/05\/image-38-300x195.png 300w, https:\/\/filleresutak.hu\/wp-content\/uploads\/2023\/05\/image-38-768x498.png 768w, https:\/\/filleresutak.hu\/wp-content\/uploads\/2023\/05\/image-38.png 1149w\" sizes=\"auto, (max-width: 640px) 100vw, 640px\" \/><\/figure>\n<\/div>\n\n\n<p>Kos egy kedvez\u0151 \u00e1ron el\u00e9rhet\u0151 sziget G\u00f6r\u00f6gorsz\u00e1gban, csup\u00e1n n\u00e9h\u00e1ny kilom\u00e9terre a t\u00f6r\u00f6k partokt\u00f3l. Aki kiv\u00e1l\u00f3 min\u0151s\u00e9g\u0171 tengerre v\u00e1gyik, de elker\u00fcln\u00e9 a felkapott szigetek turista t\u00f6megeit, annak j\u00f3 v\u00e1laszt\u00e1s lehet Kos. <\/p>\n\n\n\n<p class=\"has-text-align-center has-medium-font-size\"><strong>Beutaz\u00e1s<\/strong><\/p>\n\n\n\n<p><em>G\u00f6r\u00f6gorsz\u00e1g tagja az Eur\u00f3pai Uni\u00f3nak<\/em>. <\/p>\n\n\n\n<p class=\"has-text-align-center has-medium-font-size\"><strong>Fizet\u0151eszk\u00f6z<\/strong><\/p>\n\n\n\n<p>Eur\u00f3. A legt\u00f6bb helyen lehet fizetni bankk\u00e1rty\u00e1val, de p\u00e9ld\u00e1ul a t\u00f6megk\u00f6zleked\u00e9shez kell k\u00e9szp\u00e9nz.<\/p>\n\n\n\n<p class=\"has-text-align-center has-medium-font-size\"><strong>Hogy juthatsz ide? <\/strong><\/p>\n\n\n\n<p>Sajnos, a 2023-as szezonra megsz\u0171nt a Wizz budapesti j\u00e1rata, \u00edgy jelenleg legk\u00f6nnyebben a Ryanair b\u00e9csi j\u00e1rat\u00e1val lehet eljutni a szigetre.<\/p>\n\n\n\n<p><strong>Hogyan k\u00f6zlekedj Koson?<\/strong><\/p>\n\n\n\n<p>Kefalos-Kos \u00e9s Kardamena-Kos vonalon(mindkett\u0151 \u00fatba ejti a repteret is) k\u00f6zlekednek helyi buszok, a buszjegyek \u00e1ra t\u00e1vols\u00e1gt\u00f3l f\u00fcgg\u0151en 2-5 Eur\u00f3. T\u00f6megk\u00f6zleked\u00e9s megtervez\u00e9s\u00e9hez aj\u00e1nljuk a <a rel=\"noreferrer noopener\" href=\"https:\/\/www.google.hu\/maps\/@47.2634278,16.1491195,6z?hl=hu\" data-type=\"URL\" data-id=\"https:\/\/www.google.hu\/maps\/@47.2634278,16.1491195,6z?hl=hu\" target=\"_blank\">Google \u00fatvonaltervez\u0151t<\/a> \u00e9s a <a rel=\"noreferrer noopener\" href=\"https:\/\/www.rome2rio.com\/\" data-type=\"URL\" data-id=\"https:\/\/www.rome2rio.com\/\" target=\"_blank\">Rome2Rio<\/a> oldalt. A sziget felfedez\u00e9s\u00e9hez \u00e9rdemes lehet aut\u00f3t b\u00e9relni.<\/p>\n\n\n\n<p class=\"has-text-align-center\"><strong>Hol foglalj sz\u00e1ll\u00e1st?<\/strong><\/p>\n\n\n\n<p>A sziget d\u00e9li r\u00e9sz\u00e9n, Kefalos k\u00f6rny\u00e9k\u00e9n tal\u00e1lhat\u00f3ak a legjobb strandok, \u00edgy \u00e9rdemes ezen a r\u00e9szen megn\u00e9zni a sz\u00e1ll\u00e1shelyeket. A sziget \u00e9szaki partja meglehet\u0151sen szeles, a sz\u00f6rf rajong\u00f3inak t\u00f6k\u00e9letes hely lehet. A f\u0151v\u00e1ros, Kos a k\u00f6rny\u00e9kbeli szigetek felfedez\u00e9s\u00e9hez egy j\u00f3 kiindul\u00f3pont lehet, azonban j\u00f3 min\u0151s\u00e9g\u0171 strandokkal nem igaz\u00e1n rendelkezik. <\/p>\n\n\n\n<p class=\"has-text-align-center\"><strong>Mi az, amit ne hagyj ki?<\/strong><\/p>\n\n\n\n<ul class=\"wp-block-list\">\n<li>Kos v\u00e1rost egyszer \u00e9rdemes megn\u00e9zni. Hangulatos az \u00f3v\u00e1rosa, t\u00f6bb t\u00f6rt\u00e9nelmi l\u00e1tnival\u00f3 is megtal\u00e1lhat\u00f3 a v\u00e1rosban (pl. Hippokrat\u00e9sz f\u00e1ja).<\/li>\n<\/ul>\n\n\n<div class=\"wp-block-image\">\n<figure class=\"aligncenter size-large is-resized\"><img loading=\"lazy\" decoding=\"async\" src=\"http:\/\/filleresutak.hu\/wp-content\/uploads\/2023\/05\/image-39-1024x737.png\" alt=\"\" class=\"wp-image-2065\" width=\"569\" height=\"409\" srcset=\"https:\/\/filleresutak.hu\/wp-content\/uploads\/2023\/05\/image-39-1024x737.png 1024w, https:\/\/filleresutak.hu\/wp-content\/uploads\/2023\/05\/image-39-300x216.png 300w, https:\/\/filleresutak.hu\/wp-content\/uploads\/2023\/05\/image-39-768x553.png 768w, https:\/\/filleresutak.hu\/wp-content\/uploads\/2023\/05\/image-39.png 1257w\" sizes=\"auto, (max-width: 569px) 100vw, 569px\" \/><\/figure>\n<\/div>\n\n\n<ul class=\"wp-block-list\">\n<li>Kefalos tengerpartj\u00e1n t\u00f6bb \u00f3kori rom is megtal\u00e1lhat\u00f3, valamint \u00e9rdemes \u00e1t\u00faszni a stranddal szembeni szigete(Kastri-sziget), amelyen egy kis k\u00e1polna is \u00e1ll.<\/li>\n<\/ul>\n\n\n<div class=\"wp-block-image\">\n<figure class=\"aligncenter size-large is-resized\"><img loading=\"lazy\" decoding=\"async\" src=\"http:\/\/filleresutak.hu\/wp-content\/uploads\/2023\/05\/image-40-1024x632.png\" alt=\"\" class=\"wp-image-2066\" width=\"617\" height=\"380\" srcset=\"https:\/\/filleresutak.hu\/wp-content\/uploads\/2023\/05\/image-40-1024x632.png 1024w, https:\/\/filleresutak.hu\/wp-content\/uploads\/2023\/05\/image-40-300x185.png 300w, https:\/\/filleresutak.hu\/wp-content\/uploads\/2023\/05\/image-40-768x474.png 768w, https:\/\/filleresutak.hu\/wp-content\/uploads\/2023\/05\/image-40.png 1268w\" sizes=\"auto, (max-width: 617px) 100vw, 617px\" \/><\/figure>\n<\/div>\n\n\n<ul class=\"wp-block-list\">\n<li>Kastri-sziget k\u00f6rny\u00e9k\u00e9n snoorkelezni is lehet, a k\u00fcl\u00f6nf\u00e9le halfajok mellett m\u00e9g \u00f3kori \u00e9p\u00edtm\u00e9ny-maradv\u00e1nyokat is felfedezhettek a v\u00edz alatt.<\/li>\n\n\n\n<li>Zia egy hangulatos hegyi falu, \u00e9rdemes felkeresni.<\/li>\n<\/ul>\n\n\n\n<p class=\"has-text-align-center\"><strong>Mi az, amit kihagyhatsz?<\/strong><\/p>\n\n\n\n<ul class=\"wp-block-list\">\n<li>A sziget viszonylag sz\u00e1raz \u00e9s kop\u00e1r, \u00edgy term\u00e9szeti l\u00e1tnival\u00f3kat, t\u00fara\u00fatvonalakat ne nagyon keress Koson.<\/li>\n\n\n\n<li>T\u00fal sok l\u00e1tnival\u00f3 az\u00e9rt nincs a szigeten, egy h\u00e9tn\u00e9l tov\u00e1bb semmik\u00e9ppen se akarjatok itt nyaralni!<\/li>\n\n\n\n<li>Nincs t\u00fal nagy \u00e9jszakai \u00e9let. Ne ezen a szigeten akarjatok nagyokat bulizni!<\/li>\n\n\n\n<li>Agios Fokasn\u00e1l tal\u00e1lhat\u00f3 egy kis term\u00e1lforr\u00e1s a tengerparton, de annyira nem nagy durran\u00e1s&#8230;<\/li>\n<\/ul>\n\n\n\n<p><\/p>\n","protected":false},"excerpt":{"rendered":"<p>Gyakorlati tan\u00e1csok Kos egy kedvez\u0151 \u00e1ron el\u00e9rhet\u0151 sziget G\u00f6r\u00f6gorsz\u00e1gban, csup\u00e1n n\u00e9h\u00e1ny kilom\u00e9terre a t\u00f6r\u00f6k partokt\u00f3l.<\/p>\n","protected":false},"author":1,"featured_media":0,"parent":0,"menu_order":0,"comment_status":"closed","ping_status":"closed","template":"","meta":{"footnotes":""},"class_list":["post-918","page","type-page","status-publish","hentry"],"_links":{"self":[{"href":"https:\/\/filleresutak.hu\/index.php?rest_route=\/wp\/v2\/pages\/918","targetHints":{"allow":["GET"]}}],"collection":[{"href":"https:\/\/filleresutak.hu\/index.php?rest_route=\/wp\/v2\/pages"}],"about":[{"href":"https:\/\/filleresutak.hu\/index.php?rest_route=\/wp\/v2\/types\/page"}],"author":[{"embeddable":true,"href":"https:\/\/filleresutak.hu\/index.php?rest_route=\/wp\/v2\/users\/1"}],"replies":[{"embeddable":true,"href":"https:\/\/filleresutak.hu\/index.php?rest_route=%2Fwp%2Fv2%2Fcomments&post=918"}],"version-history":[{"count":3,"href":"https:\/\/filleresutak.hu\/index.php?rest_route=\/wp\/v2\/pages\/918\/revisions"}],"predecessor-version":[{"id":2069,"href":"https:\/\/filleresutak.hu\/index.php?rest_route=\/wp\/v2\/pages\/918\/revisions\/2069"}],"wp:attachment":[{"href":"https:\/\/filleresutak.hu\/index.php?rest_route=%2Fwp%2Fv2%2Fmedia&parent=918"}],"curies":[{"name":"wp","href":"https:\/\/api.w.org\/{rel}","templated":true}]}}